{"id":50444,"date":"2025-07-08T11:51:46","date_gmt":"2025-07-08T14:51:46","guid":{"rendered":"https:\/\/rms-enlinea.com.ar\/tienda\/producto\/soporte-para-bafles-extensible-310-a-490-mm-proel-kp225\/"},"modified":"2026-03-31T19:59:27","modified_gmt":"2026-03-31T22:59:27","slug":"soporte-para-bafles-extensible-310-a-490-mm-proel-kp225","status":"publish","type":"product","link":"https:\/\/rms-enlinea.com.ar\/tienda\/producto\/soporte-para-bafles-extensible-310-a-490-mm-proel-kp225\/","title":{"rendered":"Soporte Para Bafles Extensible 310 A 490 Mm Proel Kp225"},"content":{"rendered":"<p>Ancho m\u00ednimo: 310 mm<br \/>Ancho m\u00e1ximo: 490 mm<br \/>Peso: 2,7 kg<br \/>Capacidad de carga: 30 kg<br \/>Colores disponibles: Negro mate<br \/>Tubo final \u00d8 35 mm<\/p>\n","protected":false},"excerpt":{"rendered":"<p>Ancho m\u00ednimo: 310 mmAncho m\u00e1ximo: 490 mmPeso: 2,7 kgCapacidad de carga: 30 kgColores disponibles: Negro mateTubo final \u00d8 35 mm<\/p>\n","protected":false},"featured_media":50445,"comment_status":"open","ping_status":"closed","template":"","meta":{"_uag_custom_page_level_css":""},"product_brand":[501],"product_cat":[81],"product_tag":[],"class_list":{"0":"post-50444","1":"product","2":"type-product","3":"status-publish","4":"has-post-thumbnail","6":"product_brand-proel","7":"product_cat-tripodes-y-soportes","9":"first","10":"outofstock","11":"sale","12":"taxable","13":"shipping-taxable","14":"purchasable","15":"product-type-simple"},"uagb_featured_image_src":{"full":["https:\/\/rms-enlinea.com.ar\/wp-content\/uploads\/2025\/07\/D_811093-MLA87124945660_072025-F.jpg",1007,809,false],"thumbnail":["https:\/\/rms-enlinea.com.ar\/wp-content\/uploads\/2025\/07\/D_811093-MLA87124945660_072025-F-150x150.jpg",150,150,true],"medium":["https:\/\/rms-enlinea.com.ar\/wp-content\/uploads\/2025\/07\/D_811093-MLA87124945660_072025-F-300x241.jpg",300,241,true],"medium_large":["https:\/\/rms-enlinea.com.ar\/wp-content\/uploads\/2025\/07\/D_811093-MLA87124945660_072025-F-768x617.jpg",768,617,true],"large":["https:\/\/rms-enlinea.com.ar\/wp-content\/uploads\/2025\/07\/D_811093-MLA87124945660_072025-F.jpg",1007,809,false],"1536x1536":["https:\/\/rms-enlinea.com.ar\/wp-content\/uploads\/2025\/07\/D_811093-MLA87124945660_072025-F.jpg",1007,809,false],"2048x2048":["https:\/\/rms-enlinea.com.ar\/wp-content\/uploads\/2025\/07\/D_811093-MLA87124945660_072025-F.jpg",1007,809,false],"woocommerce_thumbnail":["https:\/\/rms-enlinea.com.ar\/wp-content\/uploads\/2025\/07\/D_811093-MLA87124945660_072025-F-450x450.jpg",450,450,true],"woocommerce_single":["https:\/\/rms-enlinea.com.ar\/wp-content\/uploads\/2025\/07\/D_811093-MLA87124945660_072025-F-600x482.jpg",600,482,true],"woocommerce_gallery_thumbnail":["https:\/\/rms-enlinea.com.ar\/wp-content\/uploads\/2025\/07\/D_811093-MLA87124945660_072025-F-100x100.jpg",100,100,true]},"uagb_author_info":{"display_name":"woolmelly","author_link":"https:\/\/rms-enlinea.com.ar\/tienda\/author\/"},"uagb_comment_info":0,"uagb_excerpt":"Ancho m\u00ednimo: 310 mmAncho m\u00e1ximo: 490 mmPeso: 2,7 kgCapacidad de carga: 30 kgColores disponibles: Negro mateTubo final \u00d8 35 mm","_links":{"self":[{"href":"https:\/\/rms-enlinea.com.ar\/tienda\/wp-json\/wp\/v2\/product\/50444","targetHints":{"allow":["GET"]}}],"collection":[{"href":"https:\/\/rms-enlinea.com.ar\/tienda\/wp-json\/wp\/v2\/product"}],"about":[{"href":"https:\/\/rms-enlinea.com.ar\/tienda\/wp-json\/wp\/v2\/types\/product"}],"replies":[{"embeddable":true,"href":"https:\/\/rms-enlinea.com.ar\/tienda\/wp-json\/wp\/v2\/comments?post=50444"}],"wp:featuredmedia":[{"embeddable":true,"href":"https:\/\/rms-enlinea.com.ar\/tienda\/wp-json\/wp\/v2\/media\/50445"}],"wp:attachment":[{"href":"https:\/\/rms-enlinea.com.ar\/tienda\/wp-json\/wp\/v2\/media?parent=50444"}],"wp:term":[{"taxonomy":"product_brand","embeddable":true,"href":"https:\/\/rms-enlinea.com.ar\/tienda\/wp-json\/wp\/v2\/product_brand?post=50444"},{"taxonomy":"product_cat","embeddable":true,"href":"https:\/\/rms-enlinea.com.ar\/tienda\/wp-json\/wp\/v2\/product_cat?post=50444"},{"taxonomy":"product_tag","embeddable":true,"href":"https:\/\/rms-enlinea.com.ar\/tienda\/wp-json\/wp\/v2\/product_tag?post=50444"}],"curies":[{"name":"wp","href":"https:\/\/api.w.org\/{rel}","templated":true}]}}