{"id":50496,"date":"2025-07-08T11:59:43","date_gmt":"2025-07-08T14:59:43","guid":{"rendered":"https:\/\/rms-enlinea.com.ar\/tienda\/producto\/parlante-genius-sp-hf520-20w-bluetooth-madera-2\/"},"modified":"2026-04-21T07:18:00","modified_gmt":"2026-04-21T10:18:00","slug":"parlante-genius-sp-hf520-20w-bluetooth-madera-2","status":"publish","type":"product","link":"https:\/\/rms-enlinea.com.ar\/tienda\/producto\/parlante-genius-sp-hf520-20w-bluetooth-madera-2\/","title":{"rendered":"Parlante Genius Sp-hf520 20w Bluetooth Madera"},"content":{"rendered":"<p>Fuente de alimentaci\u00f3n\t100 V \u2013 240 V<br \/>Entrada de audio\tConector de entrada de audio de 3,5 mm<br \/>Potencia total de salida (W)\t20 W<br \/>Respuesta de frecuencia\t40 ~ 20 kHz<br \/>Relaci\u00f3n se\u00f1al\/ruido\t75 dB<br \/>Control de graves\tS\u00ed, 3D<br \/>Control de tono\tS\u00ed<br \/>Control de volumen\tS\u00ed<br \/>Jack de entrada de l\u00ednea\tS\u00ed<br \/>Toma de auriculares\tS\u00ed<br \/>Otro\t&#8211;<br \/>Peso (gramos)\tAprox. 1896 g<br \/>Dimensiones (An x Al x Pr)\t110 x 207 x 124,5 mm (4,33&#8243; x 8,15&#8243; x 4,9&#8243;)<br \/>Requisitos del sistema\tEntrada de 3,5 mm (0,14&#8243;) compatible con TV, PC, smartphone, tableta, etc.<br \/>Bandera (acabado\/color)\tMadera de pino, marr\u00f3n oscuro<br \/>Nota\tIm\u00e1genes y colores en el paquete son solo de referencia<br \/>Qu\u00e9 incluye\tSP-HF520BT, Cable de audio 3,5 mm x1, Cable de alimentaci\u00f3n CA x1, Gu\u00eda r\u00e1pida<\/p>\n","protected":false},"excerpt":{"rendered":"<p>Fuente de alimentaci\u00f3n 100 V \u2013 240 VEntrada de audio Conector de entrada de audio de 3,5 mmPotencia total de salida (W) 20 WRespuesta de frecuencia 40 ~ 20 kHzRelaci\u00f3n se\u00f1al\/ruido 75 dBControl de graves S\u00ed, 3DControl de tono S\u00edControl de volumen S\u00edJack de entrada de l\u00ednea S\u00edToma de auriculares S\u00edOtro &#8211;Peso (gramos) Aprox. 1896 [&hellip;]<\/p>\n","protected":false},"featured_media":50497,"comment_status":"open","ping_status":"closed","template":"","meta":{"_uag_custom_page_level_css":""},"product_brand":[550],"product_cat":[124],"product_tag":[],"class_list":{"0":"post-50496","1":"product","2":"type-product","3":"status-publish","4":"has-post-thumbnail","6":"product_brand-genius","7":"product_cat-sistemas-de-sonido-parlantes","9":"first","10":"outofstock","11":"sale","12":"taxable","13":"shipping-taxable","14":"purchasable","15":"product-type-simple"},"uagb_featured_image_src":{"full":["https:\/\/rms-enlinea.com.ar\/wp-content\/uploads\/2025\/07\/D_631114-MLA87368193803_072025-F.jpg",657,553,false],"thumbnail":["https:\/\/rms-enlinea.com.ar\/wp-content\/uploads\/2025\/07\/D_631114-MLA87368193803_072025-F-150x150.jpg",150,150,true],"medium":["https:\/\/rms-enlinea.com.ar\/wp-content\/uploads\/2025\/07\/D_631114-MLA87368193803_072025-F-300x253.jpg",300,253,true],"medium_large":["https:\/\/rms-enlinea.com.ar\/wp-content\/uploads\/2025\/07\/D_631114-MLA87368193803_072025-F.jpg",657,553,false],"large":["https:\/\/rms-enlinea.com.ar\/wp-content\/uploads\/2025\/07\/D_631114-MLA87368193803_072025-F.jpg",657,553,false],"1536x1536":["https:\/\/rms-enlinea.com.ar\/wp-content\/uploads\/2025\/07\/D_631114-MLA87368193803_072025-F.jpg",657,553,false],"2048x2048":["https:\/\/rms-enlinea.com.ar\/wp-content\/uploads\/2025\/07\/D_631114-MLA87368193803_072025-F.jpg",657,553,false],"woocommerce_thumbnail":["https:\/\/rms-enlinea.com.ar\/wp-content\/uploads\/2025\/07\/D_631114-MLA87368193803_072025-F-450x450.jpg",450,450,true],"woocommerce_single":["https:\/\/rms-enlinea.com.ar\/wp-content\/uploads\/2025\/07\/D_631114-MLA87368193803_072025-F-600x505.jpg",600,505,true],"woocommerce_gallery_thumbnail":["https:\/\/rms-enlinea.com.ar\/wp-content\/uploads\/2025\/07\/D_631114-MLA87368193803_072025-F-100x100.jpg",100,100,true]},"uagb_author_info":{"display_name":"woolmelly","author_link":"https:\/\/rms-enlinea.com.ar\/tienda\/author\/"},"uagb_comment_info":0,"uagb_excerpt":"Fuente de alimentaci\u00f3n 100 V \u2013 240 VEntrada de audio Conector de entrada de audio de 3,5 mmPotencia total de salida (W) 20 WRespuesta de frecuencia 40 ~ 20 kHzRelaci\u00f3n se\u00f1al\/ruido 75 dBControl de graves S\u00ed, 3DControl de tono S\u00edControl de volumen S\u00edJack de entrada de l\u00ednea S\u00edToma de auriculares S\u00edOtro &#8211;Peso (gramos) Aprox. 1896&hellip;","_links":{"self":[{"href":"https:\/\/rms-enlinea.com.ar\/tienda\/wp-json\/wp\/v2\/product\/50496","targetHints":{"allow":["GET"]}}],"collection":[{"href":"https:\/\/rms-enlinea.com.ar\/tienda\/wp-json\/wp\/v2\/product"}],"about":[{"href":"https:\/\/rms-enlinea.com.ar\/tienda\/wp-json\/wp\/v2\/types\/product"}],"replies":[{"embeddable":true,"href":"https:\/\/rms-enlinea.com.ar\/tienda\/wp-json\/wp\/v2\/comments?post=50496"}],"wp:featuredmedia":[{"embeddable":true,"href":"https:\/\/rms-enlinea.com.ar\/tienda\/wp-json\/wp\/v2\/media\/50497"}],"wp:attachment":[{"href":"https:\/\/rms-enlinea.com.ar\/tienda\/wp-json\/wp\/v2\/media?parent=50496"}],"wp:term":[{"taxonomy":"product_brand","embeddable":true,"href":"https:\/\/rms-enlinea.com.ar\/tienda\/wp-json\/wp\/v2\/product_brand?post=50496"},{"taxonomy":"product_cat","embeddable":true,"href":"https:\/\/rms-enlinea.com.ar\/tienda\/wp-json\/wp\/v2\/product_cat?post=50496"},{"taxonomy":"product_tag","embeddable":true,"href":"https:\/\/rms-enlinea.com.ar\/tienda\/wp-json\/wp\/v2\/product_tag?post=50496"}],"curies":[{"name":"wp","href":"https:\/\/api.w.org\/{rel}","templated":true}]}}