{"id":50524,"date":"2025-07-08T12:00:21","date_gmt":"2025-07-08T15:00:21","guid":{"rendered":"https:\/\/rms-enlinea.com.ar\/tienda\/producto\/microfono-profesional-para-bombo-eikon-by-proel-dm12\/"},"modified":"2026-04-02T18:57:31","modified_gmt":"2026-04-02T21:57:31","slug":"microfono-profesional-para-bombo-eikon-by-proel-dm12","status":"publish","type":"product","link":"https:\/\/rms-enlinea.com.ar\/tienda\/producto\/microfono-profesional-para-bombo-eikon-by-proel-dm12\/","title":{"rendered":"Microfono Profesional Para Bombo Eikon By Proel Dm12"},"content":{"rendered":"<p>Tipo\tCondensador electret trasero<br \/>Patr\u00f3n polar\tCardioide \/  Hipercardioide<br \/>Respuesta de frecuencia\t100-20000 Hz<br \/>Sensibilidad\t-45 dBv; -38 dBv<br \/>Presi\u00f3n m\u00e1xima para 1 % THD\t130 dB<br \/>Impedancia\t1000 <br \/>Impedancia de carga recomendada\t2300 <br \/>Requisito de energ\u00eda\tAlimentaci\u00f3n fantasma de 48 V, bater\u00eda de 1,5 V<br \/>Conector\tXLR macho de 3 pines<br \/>Peso\t120 gramos<br \/>Dimensiones\tAlto 360 x  21 mm<\/p>\n","protected":false},"excerpt":{"rendered":"<p>Tipo Condensador electret traseroPatr\u00f3n polar Cardioide \/ HipercardioideRespuesta de frecuencia 100-20000 HzSensibilidad -45 dBv; -38 dBvPresi\u00f3n m\u00e1xima para 1 % THD 130 dBImpedancia 1000 Impedancia de carga recomendada 2300 Requisito de energ\u00eda Alimentaci\u00f3n fantasma de 48 V, bater\u00eda de 1,5 VConector XLR macho de 3 pinesPeso 120 gramosDimensiones Alto 360 x 21 mm<\/p>\n","protected":false},"featured_media":50525,"comment_status":"open","ping_status":"closed","template":"","meta":{"_uag_custom_page_level_css":""},"product_brand":[501],"product_cat":[75],"product_tag":[],"class_list":{"0":"post-50524","1":"product","2":"type-product","3":"status-publish","4":"has-post-thumbnail","6":"product_brand-proel","7":"product_cat-microfonos","9":"first","10":"outofstock","11":"sale","12":"taxable","13":"shipping-taxable","14":"purchasable","15":"product-type-simple"},"uagb_featured_image_src":{"full":["https:\/\/rms-enlinea.com.ar\/wp-content\/uploads\/2025\/07\/D_689244-MLA87069909822_072025-F.jpg",848,938,false],"thumbnail":["https:\/\/rms-enlinea.com.ar\/wp-content\/uploads\/2025\/07\/D_689244-MLA87069909822_072025-F-150x150.jpg",150,150,true],"medium":["https:\/\/rms-enlinea.com.ar\/wp-content\/uploads\/2025\/07\/D_689244-MLA87069909822_072025-F-271x300.jpg",271,300,true],"medium_large":["https:\/\/rms-enlinea.com.ar\/wp-content\/uploads\/2025\/07\/D_689244-MLA87069909822_072025-F-768x850.jpg",768,850,true],"large":["https:\/\/rms-enlinea.com.ar\/wp-content\/uploads\/2025\/07\/D_689244-MLA87069909822_072025-F.jpg",848,938,false],"1536x1536":["https:\/\/rms-enlinea.com.ar\/wp-content\/uploads\/2025\/07\/D_689244-MLA87069909822_072025-F.jpg",848,938,false],"2048x2048":["https:\/\/rms-enlinea.com.ar\/wp-content\/uploads\/2025\/07\/D_689244-MLA87069909822_072025-F.jpg",848,938,false],"woocommerce_thumbnail":["https:\/\/rms-enlinea.com.ar\/wp-content\/uploads\/2025\/07\/D_689244-MLA87069909822_072025-F-450x450.jpg",450,450,true],"woocommerce_single":["https:\/\/rms-enlinea.com.ar\/wp-content\/uploads\/2025\/07\/D_689244-MLA87069909822_072025-F-600x664.jpg",600,664,true],"woocommerce_gallery_thumbnail":["https:\/\/rms-enlinea.com.ar\/wp-content\/uploads\/2025\/07\/D_689244-MLA87069909822_072025-F-100x100.jpg",100,100,true]},"uagb_author_info":{"display_name":"mario","author_link":"https:\/\/rms-enlinea.com.ar\/tienda\/author\/"},"uagb_comment_info":0,"uagb_excerpt":"Tipo Condensador electret traseroPatr\u00f3n polar Cardioide \/ HipercardioideRespuesta de frecuencia 100-20000 HzSensibilidad -45 dBv; -38 dBvPresi\u00f3n m\u00e1xima para 1 % THD 130 dBImpedancia 1000 Impedancia de carga recomendada 2300 Requisito de energ\u00eda Alimentaci\u00f3n fantasma de 48 V, bater\u00eda de 1,5 VConector XLR macho de 3 pinesPeso 120 gramosDimensiones Alto 360 x 21 mm","_links":{"self":[{"href":"https:\/\/rms-enlinea.com.ar\/tienda\/wp-json\/wp\/v2\/product\/50524","targetHints":{"allow":["GET"]}}],"collection":[{"href":"https:\/\/rms-enlinea.com.ar\/tienda\/wp-json\/wp\/v2\/product"}],"about":[{"href":"https:\/\/rms-enlinea.com.ar\/tienda\/wp-json\/wp\/v2\/types\/product"}],"replies":[{"embeddable":true,"href":"https:\/\/rms-enlinea.com.ar\/tienda\/wp-json\/wp\/v2\/comments?post=50524"}],"wp:featuredmedia":[{"embeddable":true,"href":"https:\/\/rms-enlinea.com.ar\/tienda\/wp-json\/wp\/v2\/media\/50525"}],"wp:attachment":[{"href":"https:\/\/rms-enlinea.com.ar\/tienda\/wp-json\/wp\/v2\/media?parent=50524"}],"wp:term":[{"taxonomy":"product_brand","embeddable":true,"href":"https:\/\/rms-enlinea.com.ar\/tienda\/wp-json\/wp\/v2\/product_brand?post=50524"},{"taxonomy":"product_cat","embeddable":true,"href":"https:\/\/rms-enlinea.com.ar\/tienda\/wp-json\/wp\/v2\/product_cat?post=50524"},{"taxonomy":"product_tag","embeddable":true,"href":"https:\/\/rms-enlinea.com.ar\/tienda\/wp-json\/wp\/v2\/product_tag?post=50524"}],"curies":[{"name":"wp","href":"https:\/\/api.w.org\/{rel}","templated":true}]}}