{"id":50567,"date":"2025-07-08T12:01:34","date_gmt":"2025-07-08T15:01:34","guid":{"rendered":"https:\/\/rms-enlinea.com.ar\/tienda\/producto\/adaptador-usb-bluetooth-5-0-tp-link-ub500-plus-largo-alcance\/"},"modified":"2026-03-31T20:56:03","modified_gmt":"2026-03-31T23:56:03","slug":"adaptador-usb-bluetooth-5-0-tp-link-ub500-plus-largo-alcance","status":"publish","type":"product","link":"https:\/\/rms-enlinea.com.ar\/tienda\/producto\/adaptador-usb-bluetooth-5-0-tp-link-ub500-plus-largo-alcance\/","title":{"rendered":"Adaptador Usb Bluetooth 5.0 Tp-link Ub500 Plus Largo Alcance"},"content":{"rendered":"<p>CARACTER\u00cdSTICAS DE HARDWARE<br \/>Est\u00e1ndares y Protocolos\tBluetooth 5.3<br \/>Dimensiones\t3,19 \u00d7 1,65 \u00d7 0,66 pulgadas (81 \u00d7 42 \u00d7 16,8 mm)<br \/>OTROS<br \/>Contenidos del paquete\tAdaptador USB Bluetooth de largo alcance UB500 Plus<br \/> \tGu\u00eda de instalaci\u00f3n r\u00e1pida<br \/>Requisitos del sistema\tLos sistemas operativos compatibles incluyen Win 11\/10\/8.1\/7<\/p>\n","protected":false},"excerpt":{"rendered":"<p>CARACTER\u00cdSTICAS DE HARDWAREEst\u00e1ndares y Protocolos Bluetooth 5.3Dimensiones 3,19 \u00d7 1,65 \u00d7 0,66 pulgadas (81 \u00d7 42 \u00d7 16,8 mm)OTROSContenidos del paquete Adaptador USB Bluetooth de largo alcance UB500 Plus Gu\u00eda de instalaci\u00f3n r\u00e1pidaRequisitos del sistema Los sistemas operativos compatibles incluyen Win 11\/10\/8.1\/7<\/p>\n","protected":false},"featured_media":50568,"comment_status":"open","ping_status":"closed","template":"","meta":{"_uag_custom_page_level_css":""},"product_brand":[546],"product_cat":[122],"product_tag":[],"class_list":{"0":"post-50567","1":"product","2":"type-product","3":"status-publish","4":"has-post-thumbnail","6":"product_brand-tplink","7":"product_cat-redes-y-conectividad","9":"first","10":"outofstock","11":"sale","12":"taxable","13":"shipping-taxable","14":"purchasable","15":"product-type-simple"},"uagb_featured_image_src":{"full":["https:\/\/rms-enlinea.com.ar\/wp-content\/uploads\/2025\/07\/D_909954-MLA81495951927_122024-F.jpg",1191,1200,false],"thumbnail":["https:\/\/rms-enlinea.com.ar\/wp-content\/uploads\/2025\/07\/D_909954-MLA81495951927_122024-F-150x150.jpg",150,150,true],"medium":["https:\/\/rms-enlinea.com.ar\/wp-content\/uploads\/2025\/07\/D_909954-MLA81495951927_122024-F-298x300.jpg",298,300,true],"medium_large":["https:\/\/rms-enlinea.com.ar\/wp-content\/uploads\/2025\/07\/D_909954-MLA81495951927_122024-F-768x774.jpg",768,774,true],"large":["https:\/\/rms-enlinea.com.ar\/wp-content\/uploads\/2025\/07\/D_909954-MLA81495951927_122024-F-1016x1024.jpg",1016,1024,true],"1536x1536":["https:\/\/rms-enlinea.com.ar\/wp-content\/uploads\/2025\/07\/D_909954-MLA81495951927_122024-F.jpg",1191,1200,false],"2048x2048":["https:\/\/rms-enlinea.com.ar\/wp-content\/uploads\/2025\/07\/D_909954-MLA81495951927_122024-F.jpg",1191,1200,false],"woocommerce_thumbnail":["https:\/\/rms-enlinea.com.ar\/wp-content\/uploads\/2025\/07\/D_909954-MLA81495951927_122024-F-450x450.jpg",450,450,true],"woocommerce_single":["https:\/\/rms-enlinea.com.ar\/wp-content\/uploads\/2025\/07\/D_909954-MLA81495951927_122024-F-600x605.jpg",600,605,true],"woocommerce_gallery_thumbnail":["https:\/\/rms-enlinea.com.ar\/wp-content\/uploads\/2025\/07\/D_909954-MLA81495951927_122024-F-100x100.jpg",100,100,true]},"uagb_author_info":{"display_name":"woolmelly","author_link":"https:\/\/rms-enlinea.com.ar\/tienda\/author\/"},"uagb_comment_info":0,"uagb_excerpt":"CARACTER\u00cdSTICAS DE HARDWAREEst\u00e1ndares y Protocolos Bluetooth 5.3Dimensiones 3,19 \u00d7 1,65 \u00d7 0,66 pulgadas (81 \u00d7 42 \u00d7 16,8 mm)OTROSContenidos del paquete Adaptador USB Bluetooth de largo alcance UB500 Plus Gu\u00eda de instalaci\u00f3n r\u00e1pidaRequisitos del sistema Los sistemas operativos compatibles incluyen Win 11\/10\/8.1\/7","_links":{"self":[{"href":"https:\/\/rms-enlinea.com.ar\/tienda\/wp-json\/wp\/v2\/product\/50567","targetHints":{"allow":["GET"]}}],"collection":[{"href":"https:\/\/rms-enlinea.com.ar\/tienda\/wp-json\/wp\/v2\/product"}],"about":[{"href":"https:\/\/rms-enlinea.com.ar\/tienda\/wp-json\/wp\/v2\/types\/product"}],"replies":[{"embeddable":true,"href":"https:\/\/rms-enlinea.com.ar\/tienda\/wp-json\/wp\/v2\/comments?post=50567"}],"wp:featuredmedia":[{"embeddable":true,"href":"https:\/\/rms-enlinea.com.ar\/tienda\/wp-json\/wp\/v2\/media\/50568"}],"wp:attachment":[{"href":"https:\/\/rms-enlinea.com.ar\/tienda\/wp-json\/wp\/v2\/media?parent=50567"}],"wp:term":[{"taxonomy":"product_brand","embeddable":true,"href":"https:\/\/rms-enlinea.com.ar\/tienda\/wp-json\/wp\/v2\/product_brand?post=50567"},{"taxonomy":"product_cat","embeddable":true,"href":"https:\/\/rms-enlinea.com.ar\/tienda\/wp-json\/wp\/v2\/product_cat?post=50567"},{"taxonomy":"product_tag","embeddable":true,"href":"https:\/\/rms-enlinea.com.ar\/tienda\/wp-json\/wp\/v2\/product_tag?post=50567"}],"curies":[{"name":"wp","href":"https:\/\/api.w.org\/{rel}","templated":true}]}}