{"id":50588,"date":"2025-07-08T12:40:11","date_gmt":"2025-07-08T15:40:11","guid":{"rendered":"https:\/\/rms-enlinea.com.ar\/tienda\/producto\/microfono-profesional-para-estudio-eikon-by-proel-dm55v2\/"},"modified":"2026-04-06T14:35:58","modified_gmt":"2026-04-06T17:35:58","slug":"microfono-profesional-para-estudio-eikon-by-proel-dm55v2","status":"publish","type":"product","link":"https:\/\/rms-enlinea.com.ar\/tienda\/producto\/microfono-profesional-para-estudio-eikon-by-proel-dm55v2\/","title":{"rendered":"Microfono Profesional Para Estudio Eikon By Proel Dm55v2"},"content":{"rendered":"<p>El micr\u00f3fono EIKON DM55V2 Vintage es un micr\u00f3fono din\u00e1mico de bobina m\u00f3vil de alta gama con un diafragma de gran tama\u00f1o que proporciona una respuesta de frecuencias graves, medias y agudas excepcionalmente precisa. El soporte de goma integrado con amortiguador de vibraciones ayuda a reducir el ruido de manejo. <\/p>\n<p>El DM55V2 es la elecci\u00f3n correcta para aplicaciones profesionales de voz en vivo y presentaciones en escenarios que requieren un estilo vintage.<\/p>\n<p>Carcasa de fundici\u00f3n a presi\u00f3n cromada satinada para una apariencia y sensaci\u00f3n vintage puras<br \/>Patr\u00f3n polar cardioide<br \/>Respuesta de frecuencia adaptada para voces y m\u00fasica instrumental<br \/>Soporte amortiguador interno para reducir el ruido de manejo<br \/>Interruptor de encendido y apagado<br \/>Soporte giratorio autotensable<br \/>Dise\u00f1o personalizado de EIKON<\/p>\n","protected":false},"excerpt":{"rendered":"<p>El micr\u00f3fono EIKON DM55V2 Vintage es un micr\u00f3fono din\u00e1mico de bobina m\u00f3vil de alta gama con un diafragma de gran tama\u00f1o que proporciona una respuesta de frecuencias graves, medias y agudas excepcionalmente precisa. El soporte de goma integrado con amortiguador de vibraciones ayuda a reducir el ruido de manejo. El DM55V2 es la elecci\u00f3n correcta [&hellip;]<\/p>\n","protected":false},"featured_media":50589,"comment_status":"open","ping_status":"closed","template":"","meta":{"_uag_custom_page_level_css":""},"product_brand":[501],"product_cat":[75],"product_tag":[],"class_list":{"0":"post-50588","1":"product","2":"type-product","3":"status-publish","4":"has-post-thumbnail","6":"product_brand-proel","7":"product_cat-microfonos","9":"first","10":"instock","11":"sale","12":"taxable","13":"shipping-taxable","14":"purchasable","15":"product-type-simple"},"uagb_featured_image_src":{"full":["https:\/\/rms-enlinea.com.ar\/wp-content\/uploads\/2025\/07\/D_673254-MLA87394108369_072025-F.jpg",369,1046,false],"thumbnail":["https:\/\/rms-enlinea.com.ar\/wp-content\/uploads\/2025\/07\/D_673254-MLA87394108369_072025-F-150x150.jpg",150,150,true],"medium":["https:\/\/rms-enlinea.com.ar\/wp-content\/uploads\/2025\/07\/D_673254-MLA87394108369_072025-F-106x300.jpg",106,300,true],"medium_large":["https:\/\/rms-enlinea.com.ar\/wp-content\/uploads\/2025\/07\/D_673254-MLA87394108369_072025-F.jpg",369,1046,false],"large":["https:\/\/rms-enlinea.com.ar\/wp-content\/uploads\/2025\/07\/D_673254-MLA87394108369_072025-F-361x1024.jpg",361,1024,true],"1536x1536":["https:\/\/rms-enlinea.com.ar\/wp-content\/uploads\/2025\/07\/D_673254-MLA87394108369_072025-F.jpg",369,1046,false],"2048x2048":["https:\/\/rms-enlinea.com.ar\/wp-content\/uploads\/2025\/07\/D_673254-MLA87394108369_072025-F.jpg",369,1046,false],"woocommerce_thumbnail":["https:\/\/rms-enlinea.com.ar\/wp-content\/uploads\/2025\/07\/D_673254-MLA87394108369_072025-F-369x450.jpg",369,450,true],"woocommerce_single":["https:\/\/rms-enlinea.com.ar\/wp-content\/uploads\/2025\/07\/D_673254-MLA87394108369_072025-F.jpg",369,1046,false],"woocommerce_gallery_thumbnail":["https:\/\/rms-enlinea.com.ar\/wp-content\/uploads\/2025\/07\/D_673254-MLA87394108369_072025-F-100x100.jpg",100,100,true]},"uagb_author_info":{"display_name":"mario","author_link":"https:\/\/rms-enlinea.com.ar\/tienda\/author\/"},"uagb_comment_info":0,"uagb_excerpt":"El micr\u00f3fono EIKON DM55V2 Vintage es un micr\u00f3fono din\u00e1mico de bobina m\u00f3vil de alta gama con un diafragma de gran tama\u00f1o que proporciona una respuesta de frecuencias graves, medias y agudas excepcionalmente precisa. El soporte de goma integrado con amortiguador de vibraciones ayuda a reducir el ruido de manejo. El DM55V2 es la elecci\u00f3n correcta&hellip;","_links":{"self":[{"href":"https:\/\/rms-enlinea.com.ar\/tienda\/wp-json\/wp\/v2\/product\/50588","targetHints":{"allow":["GET"]}}],"collection":[{"href":"https:\/\/rms-enlinea.com.ar\/tienda\/wp-json\/wp\/v2\/product"}],"about":[{"href":"https:\/\/rms-enlinea.com.ar\/tienda\/wp-json\/wp\/v2\/types\/product"}],"replies":[{"embeddable":true,"href":"https:\/\/rms-enlinea.com.ar\/tienda\/wp-json\/wp\/v2\/comments?post=50588"}],"wp:featuredmedia":[{"embeddable":true,"href":"https:\/\/rms-enlinea.com.ar\/tienda\/wp-json\/wp\/v2\/media\/50589"}],"wp:attachment":[{"href":"https:\/\/rms-enlinea.com.ar\/tienda\/wp-json\/wp\/v2\/media?parent=50588"}],"wp:term":[{"taxonomy":"product_brand","embeddable":true,"href":"https:\/\/rms-enlinea.com.ar\/tienda\/wp-json\/wp\/v2\/product_brand?post=50588"},{"taxonomy":"product_cat","embeddable":true,"href":"https:\/\/rms-enlinea.com.ar\/tienda\/wp-json\/wp\/v2\/product_cat?post=50588"},{"taxonomy":"product_tag","embeddable":true,"href":"https:\/\/rms-enlinea.com.ar\/tienda\/wp-json\/wp\/v2\/product_tag?post=50588"}],"curies":[{"name":"wp","href":"https:\/\/api.w.org\/{rel}","templated":true}]}}