{"id":50645,"date":"2025-07-08T13:27:31","date_gmt":"2025-07-08T16:27:31","guid":{"rendered":"https:\/\/rms-enlinea.com.ar\/tienda\/producto\/microfono-unidireccional-instrumento-eikon-by-proel-cm602\/"},"modified":"2026-04-06T14:25:57","modified_gmt":"2026-04-06T17:25:57","slug":"microfono-unidireccional-instrumento-eikon-by-proel-cm602","status":"publish","type":"product","link":"https:\/\/rms-enlinea.com.ar\/tienda\/producto\/microfono-unidireccional-instrumento-eikon-by-proel-cm602\/","title":{"rendered":"Microfono Unidireccional Instrumento Eikon By Proel Cm602"},"content":{"rendered":"<p>El CM602 es un micr\u00f3fono de condensador peque\u00f1o y de amplio rango con un patr\u00f3n polar unidireccional cardioide.<\/p>\n<p>Dise\u00f1ado para voces e instrumentos de percusi\u00f3n, tambi\u00e9n es adecuado para atriles y otras aplicaciones que requieren un rendimiento de sonido de alta calidad.<\/p>\n<p>El patr\u00f3n polar cardioide captura la fuente de sonido deseada mientras rechaza el ruido ambiental no deseado y la retroalimentaci\u00f3n.<\/p>\n<p>El cuerpo del micr\u00f3fono est\u00e1 hecho con material met\u00e1lico duradero y la distribuci\u00f3n perfecta del peso garantiza una buena maniobrabilidad.<\/p>\n<p>C\u00e1psula de condensador polarizada permanentemente <br \/>Patr\u00f3n polar unidireccional <br \/>Construcci\u00f3n ligera y robusta. <br \/>Alto SPL aplicable para microfon\u00eda cercana en el escenario <br \/>Especialmente adecuado como micr\u00f3fono de techo para bater\u00eda y percusi\u00f3n, para hi-hat, instrumentos de viento de madera y metal, guitarra.<br \/>Soporte para micr\u00f3fono incluido<\/p>\n","protected":false},"excerpt":{"rendered":"<p>El CM602 es un micr\u00f3fono de condensador peque\u00f1o y de amplio rango con un patr\u00f3n polar unidireccional cardioide. Dise\u00f1ado para voces e instrumentos de percusi\u00f3n, tambi\u00e9n es adecuado para atriles y otras aplicaciones que requieren un rendimiento de sonido de alta calidad. El patr\u00f3n polar cardioide captura la fuente de sonido deseada mientras rechaza el [&hellip;]<\/p>\n","protected":false},"featured_media":50646,"comment_status":"open","ping_status":"closed","template":"","meta":{"_uag_custom_page_level_css":""},"product_brand":[501],"product_cat":[75],"product_tag":[],"class_list":{"0":"post-50645","1":"product","2":"type-product","3":"status-publish","4":"has-post-thumbnail","6":"product_brand-proel","7":"product_cat-microfonos","9":"first","10":"instock","11":"sale","12":"taxable","13":"shipping-taxable","14":"purchasable","15":"product-type-simple"},"uagb_featured_image_src":{"full":["https:\/\/rms-enlinea.com.ar\/wp-content\/uploads\/2025\/07\/D_826053-MLA87112441674_072025-F.jpg",146,1026,false],"thumbnail":["https:\/\/rms-enlinea.com.ar\/wp-content\/uploads\/2025\/07\/D_826053-MLA87112441674_072025-F-146x150.jpg",146,150,true],"medium":["https:\/\/rms-enlinea.com.ar\/wp-content\/uploads\/2025\/07\/D_826053-MLA87112441674_072025-F-43x300.jpg",43,300,true],"medium_large":["https:\/\/rms-enlinea.com.ar\/wp-content\/uploads\/2025\/07\/D_826053-MLA87112441674_072025-F.jpg",146,1026,false],"large":["https:\/\/rms-enlinea.com.ar\/wp-content\/uploads\/2025\/07\/D_826053-MLA87112441674_072025-F-146x1024.jpg",146,1024,true],"1536x1536":["https:\/\/rms-enlinea.com.ar\/wp-content\/uploads\/2025\/07\/D_826053-MLA87112441674_072025-F.jpg",146,1026,false],"2048x2048":["https:\/\/rms-enlinea.com.ar\/wp-content\/uploads\/2025\/07\/D_826053-MLA87112441674_072025-F.jpg",146,1026,false],"woocommerce_thumbnail":["https:\/\/rms-enlinea.com.ar\/wp-content\/uploads\/2025\/07\/D_826053-MLA87112441674_072025-F-146x450.jpg",146,450,true],"woocommerce_single":["https:\/\/rms-enlinea.com.ar\/wp-content\/uploads\/2025\/07\/D_826053-MLA87112441674_072025-F.jpg",146,1026,false],"woocommerce_gallery_thumbnail":["https:\/\/rms-enlinea.com.ar\/wp-content\/uploads\/2025\/07\/D_826053-MLA87112441674_072025-F-100x100.jpg",100,100,true]},"uagb_author_info":{"display_name":"mario","author_link":"https:\/\/rms-enlinea.com.ar\/tienda\/author\/"},"uagb_comment_info":0,"uagb_excerpt":"El CM602 es un micr\u00f3fono de condensador peque\u00f1o y de amplio rango con un patr\u00f3n polar unidireccional cardioide. Dise\u00f1ado para voces e instrumentos de percusi\u00f3n, tambi\u00e9n es adecuado para atriles y otras aplicaciones que requieren un rendimiento de sonido de alta calidad. El patr\u00f3n polar cardioide captura la fuente de sonido deseada mientras rechaza el&hellip;","_links":{"self":[{"href":"https:\/\/rms-enlinea.com.ar\/tienda\/wp-json\/wp\/v2\/product\/50645","targetHints":{"allow":["GET"]}}],"collection":[{"href":"https:\/\/rms-enlinea.com.ar\/tienda\/wp-json\/wp\/v2\/product"}],"about":[{"href":"https:\/\/rms-enlinea.com.ar\/tienda\/wp-json\/wp\/v2\/types\/product"}],"replies":[{"embeddable":true,"href":"https:\/\/rms-enlinea.com.ar\/tienda\/wp-json\/wp\/v2\/comments?post=50645"}],"wp:featuredmedia":[{"embeddable":true,"href":"https:\/\/rms-enlinea.com.ar\/tienda\/wp-json\/wp\/v2\/media\/50646"}],"wp:attachment":[{"href":"https:\/\/rms-enlinea.com.ar\/tienda\/wp-json\/wp\/v2\/media?parent=50645"}],"wp:term":[{"taxonomy":"product_brand","embeddable":true,"href":"https:\/\/rms-enlinea.com.ar\/tienda\/wp-json\/wp\/v2\/product_brand?post=50645"},{"taxonomy":"product_cat","embeddable":true,"href":"https:\/\/rms-enlinea.com.ar\/tienda\/wp-json\/wp\/v2\/product_cat?post=50645"},{"taxonomy":"product_tag","embeddable":true,"href":"https:\/\/rms-enlinea.com.ar\/tienda\/wp-json\/wp\/v2\/product_tag?post=50645"}],"curies":[{"name":"wp","href":"https:\/\/api.w.org\/{rel}","templated":true}]}}