{"id":50649,"date":"2025-07-08T13:27:37","date_gmt":"2025-07-08T16:27:37","guid":{"rendered":"https:\/\/rms-enlinea.com.ar\/tienda\/producto\/pie-de-microfono-jirafa-para-mesa-2-niveles-proel-dst140bk\/"},"modified":"2026-04-21T05:56:24","modified_gmt":"2026-04-21T08:56:24","slug":"pie-de-microfono-jirafa-para-mesa-2-niveles-proel-dst140bk","status":"publish","type":"product","link":"https:\/\/rms-enlinea.com.ar\/tienda\/producto\/pie-de-microfono-jirafa-para-mesa-2-niveles-proel-dst140bk\/","title":{"rendered":"Pie De Microfono Jirafa Para Mesa 2 Niveles Proel Dst140bk"},"content":{"rendered":"<p>Dimensi\u00f3n de la base: \u00d8 180 mm<br \/>Altura m\u00ednima: 305 mm<br \/>Altura m\u00e1xima: 410 mm<br \/>Colores disponibles: Negro mate<br \/>Peso: 2,2 kg ]<br \/>Longitud de la pluma: 465 mm<\/p>\n","protected":false},"excerpt":{"rendered":"<p>Dimensi\u00f3n de la base: \u00d8 180 mmAltura m\u00ednima: 305 mmAltura m\u00e1xima: 410 mmColores disponibles: Negro matePeso: 2,2 kg ]Longitud de la pluma: 465 mm<\/p>\n","protected":false},"featured_media":50650,"comment_status":"open","ping_status":"closed","template":"","meta":{"_uag_custom_page_level_css":""},"product_brand":[501],"product_cat":[15],"product_tag":[],"class_list":{"0":"post-50649","1":"product","2":"type-product","3":"status-publish","4":"has-post-thumbnail","6":"product_brand-proel","7":"product_cat-sin-categorizar","9":"first","10":"outofstock","11":"sale","12":"taxable","13":"shipping-taxable","14":"purchasable","15":"product-type-simple"},"uagb_featured_image_src":{"full":["https:\/\/rms-enlinea.com.ar\/wp-content\/uploads\/2025\/07\/D_856329-MLA84613193157_052025-F.jpg",476,664,false],"thumbnail":["https:\/\/rms-enlinea.com.ar\/wp-content\/uploads\/2025\/07\/D_856329-MLA84613193157_052025-F-150x150.jpg",150,150,true],"medium":["https:\/\/rms-enlinea.com.ar\/wp-content\/uploads\/2025\/07\/D_856329-MLA84613193157_052025-F-215x300.jpg",215,300,true],"medium_large":["https:\/\/rms-enlinea.com.ar\/wp-content\/uploads\/2025\/07\/D_856329-MLA84613193157_052025-F.jpg",476,664,false],"large":["https:\/\/rms-enlinea.com.ar\/wp-content\/uploads\/2025\/07\/D_856329-MLA84613193157_052025-F.jpg",476,664,false],"1536x1536":["https:\/\/rms-enlinea.com.ar\/wp-content\/uploads\/2025\/07\/D_856329-MLA84613193157_052025-F.jpg",476,664,false],"2048x2048":["https:\/\/rms-enlinea.com.ar\/wp-content\/uploads\/2025\/07\/D_856329-MLA84613193157_052025-F.jpg",476,664,false],"woocommerce_thumbnail":["https:\/\/rms-enlinea.com.ar\/wp-content\/uploads\/2025\/07\/D_856329-MLA84613193157_052025-F-450x450.jpg",450,450,true],"woocommerce_single":["https:\/\/rms-enlinea.com.ar\/wp-content\/uploads\/2025\/07\/D_856329-MLA84613193157_052025-F.jpg",476,664,false],"woocommerce_gallery_thumbnail":["https:\/\/rms-enlinea.com.ar\/wp-content\/uploads\/2025\/07\/D_856329-MLA84613193157_052025-F-100x100.jpg",100,100,true]},"uagb_author_info":{"display_name":"mario","author_link":"https:\/\/rms-enlinea.com.ar\/tienda\/author\/"},"uagb_comment_info":0,"uagb_excerpt":"Dimensi\u00f3n de la base: \u00d8 180 mmAltura m\u00ednima: 305 mmAltura m\u00e1xima: 410 mmColores disponibles: Negro matePeso: 2,2 kg ]Longitud de la pluma: 465 mm","_links":{"self":[{"href":"https:\/\/rms-enlinea.com.ar\/tienda\/wp-json\/wp\/v2\/product\/50649","targetHints":{"allow":["GET"]}}],"collection":[{"href":"https:\/\/rms-enlinea.com.ar\/tienda\/wp-json\/wp\/v2\/product"}],"about":[{"href":"https:\/\/rms-enlinea.com.ar\/tienda\/wp-json\/wp\/v2\/types\/product"}],"replies":[{"embeddable":true,"href":"https:\/\/rms-enlinea.com.ar\/tienda\/wp-json\/wp\/v2\/comments?post=50649"}],"wp:featuredmedia":[{"embeddable":true,"href":"https:\/\/rms-enlinea.com.ar\/tienda\/wp-json\/wp\/v2\/media\/50650"}],"wp:attachment":[{"href":"https:\/\/rms-enlinea.com.ar\/tienda\/wp-json\/wp\/v2\/media?parent=50649"}],"wp:term":[{"taxonomy":"product_brand","embeddable":true,"href":"https:\/\/rms-enlinea.com.ar\/tienda\/wp-json\/wp\/v2\/product_brand?post=50649"},{"taxonomy":"product_cat","embeddable":true,"href":"https:\/\/rms-enlinea.com.ar\/tienda\/wp-json\/wp\/v2\/product_cat?post=50649"},{"taxonomy":"product_tag","embeddable":true,"href":"https:\/\/rms-enlinea.com.ar\/tienda\/wp-json\/wp\/v2\/product_tag?post=50649"}],"curies":[{"name":"wp","href":"https:\/\/api.w.org\/{rel}","templated":true}]}}