{"id":50655,"date":"2025-07-08T13:27:52","date_gmt":"2025-07-08T16:27:52","guid":{"rendered":"https:\/\/rms-enlinea.com.ar\/tienda\/producto\/microfono-dinamico-con-interfaz-eikon-by-proel-ekusbdm1\/"},"modified":"2026-04-21T05:33:21","modified_gmt":"2026-04-21T08:33:21","slug":"microfono-dinamico-con-interfaz-eikon-by-proel-ekusbdm1","status":"publish","type":"product","link":"https:\/\/rms-enlinea.com.ar\/tienda\/producto\/microfono-dinamico-con-interfaz-eikon-by-proel-ekusbdm1\/","title":{"rendered":"Microfono Dinamico Con Interfaz Eikon By Proel Ekusbdm1"},"content":{"rendered":"<p>EKUSBDM1 es un micr\u00f3fono de mano din\u00e1mico profesional con salida digital USB para conexi\u00f3n directa a un ordenador y salida anal\u00f3gica XLR para conexi\u00f3n a un mezclador, interfaz de audio u otro sistema de amplificaci\u00f3n.<\/p>\n<p> La c\u00e1psula din\u00e1mica con patr\u00f3n polar cardioide captura el sonido de la voz y no es sensible a otros ruidos en la habitaci\u00f3n.<\/p>\n<p> EKUSBDM1 es la elecci\u00f3n \u00f3ptima para podcasting y grabaci\u00f3n dom\u00e9stica.<\/p>\n<p>Micr\u00f3fono din\u00e1mico con respuesta polar cardioide<br \/>Interfaz de audio para conexi\u00f3n directa al puerto USB de una computadora<br \/>Convertidor A\/D de alta resoluci\u00f3n<br \/>No es necesaria la instalaci\u00f3n del controlador<br \/>Se incluyen cable de micr\u00f3fono de 5 m y cable USB.<\/p>\n","protected":false},"excerpt":{"rendered":"<p>EKUSBDM1 es un micr\u00f3fono de mano din\u00e1mico profesional con salida digital USB para conexi\u00f3n directa a un ordenador y salida anal\u00f3gica XLR para conexi\u00f3n a un mezclador, interfaz de audio u otro sistema de amplificaci\u00f3n. La c\u00e1psula din\u00e1mica con patr\u00f3n polar cardioide captura el sonido de la voz y no es sensible a otros ruidos [&hellip;]<\/p>\n","protected":false},"featured_media":50656,"comment_status":"open","ping_status":"closed","template":"","meta":{"_uag_custom_page_level_css":""},"product_brand":[501],"product_cat":[75],"product_tag":[],"class_list":{"0":"post-50655","1":"product","2":"type-product","3":"status-publish","4":"has-post-thumbnail","6":"product_brand-proel","7":"product_cat-microfonos","9":"first","10":"outofstock","11":"sale","12":"taxable","13":"shipping-taxable","14":"purchasable","15":"product-type-simple"},"uagb_featured_image_src":{"full":["https:\/\/rms-enlinea.com.ar\/wp-content\/uploads\/2025\/07\/D_743431-MLA87396040197_072025-F.jpg",255,918,false],"thumbnail":["https:\/\/rms-enlinea.com.ar\/wp-content\/uploads\/2025\/07\/D_743431-MLA87396040197_072025-F-150x150.jpg",150,150,true],"medium":["https:\/\/rms-enlinea.com.ar\/wp-content\/uploads\/2025\/07\/D_743431-MLA87396040197_072025-F-83x300.jpg",83,300,true],"medium_large":["https:\/\/rms-enlinea.com.ar\/wp-content\/uploads\/2025\/07\/D_743431-MLA87396040197_072025-F.jpg",255,918,false],"large":["https:\/\/rms-enlinea.com.ar\/wp-content\/uploads\/2025\/07\/D_743431-MLA87396040197_072025-F.jpg",255,918,false],"1536x1536":["https:\/\/rms-enlinea.com.ar\/wp-content\/uploads\/2025\/07\/D_743431-MLA87396040197_072025-F.jpg",255,918,false],"2048x2048":["https:\/\/rms-enlinea.com.ar\/wp-content\/uploads\/2025\/07\/D_743431-MLA87396040197_072025-F.jpg",255,918,false],"woocommerce_thumbnail":["https:\/\/rms-enlinea.com.ar\/wp-content\/uploads\/2025\/07\/D_743431-MLA87396040197_072025-F-255x450.jpg",255,450,true],"woocommerce_single":["https:\/\/rms-enlinea.com.ar\/wp-content\/uploads\/2025\/07\/D_743431-MLA87396040197_072025-F.jpg",255,918,false],"woocommerce_gallery_thumbnail":["https:\/\/rms-enlinea.com.ar\/wp-content\/uploads\/2025\/07\/D_743431-MLA87396040197_072025-F-100x100.jpg",100,100,true]},"uagb_author_info":{"display_name":"mario","author_link":"https:\/\/rms-enlinea.com.ar\/tienda\/author\/"},"uagb_comment_info":0,"uagb_excerpt":"EKUSBDM1 es un micr\u00f3fono de mano din\u00e1mico profesional con salida digital USB para conexi\u00f3n directa a un ordenador y salida anal\u00f3gica XLR para conexi\u00f3n a un mezclador, interfaz de audio u otro sistema de amplificaci\u00f3n. La c\u00e1psula din\u00e1mica con patr\u00f3n polar cardioide captura el sonido de la voz y no es sensible a otros ruidos&hellip;","_links":{"self":[{"href":"https:\/\/rms-enlinea.com.ar\/tienda\/wp-json\/wp\/v2\/product\/50655","targetHints":{"allow":["GET"]}}],"collection":[{"href":"https:\/\/rms-enlinea.com.ar\/tienda\/wp-json\/wp\/v2\/product"}],"about":[{"href":"https:\/\/rms-enlinea.com.ar\/tienda\/wp-json\/wp\/v2\/types\/product"}],"replies":[{"embeddable":true,"href":"https:\/\/rms-enlinea.com.ar\/tienda\/wp-json\/wp\/v2\/comments?post=50655"}],"wp:featuredmedia":[{"embeddable":true,"href":"https:\/\/rms-enlinea.com.ar\/tienda\/wp-json\/wp\/v2\/media\/50656"}],"wp:attachment":[{"href":"https:\/\/rms-enlinea.com.ar\/tienda\/wp-json\/wp\/v2\/media?parent=50655"}],"wp:term":[{"taxonomy":"product_brand","embeddable":true,"href":"https:\/\/rms-enlinea.com.ar\/tienda\/wp-json\/wp\/v2\/product_brand?post=50655"},{"taxonomy":"product_cat","embeddable":true,"href":"https:\/\/rms-enlinea.com.ar\/tienda\/wp-json\/wp\/v2\/product_cat?post=50655"},{"taxonomy":"product_tag","embeddable":true,"href":"https:\/\/rms-enlinea.com.ar\/tienda\/wp-json\/wp\/v2\/product_tag?post=50655"}],"curies":[{"name":"wp","href":"https:\/\/api.w.org\/{rel}","templated":true}]}}