{"id":50659,"date":"2025-07-08T13:27:57","date_gmt":"2025-07-08T16:27:57","guid":{"rendered":"https:\/\/rms-enlinea.com.ar\/tienda\/producto\/kit-x-3-microfonos-de-mano-eikon-by-proel-dm800kit\/"},"modified":"2026-04-21T05:02:17","modified_gmt":"2026-04-21T08:02:17","slug":"kit-x-3-microfonos-de-mano-eikon-by-proel-dm800kit","status":"publish","type":"product","link":"https:\/\/rms-enlinea.com.ar\/tienda\/producto\/kit-x-3-microfonos-de-mano-eikon-by-proel-dm800kit\/","title":{"rendered":"Kit X 3 Microfonos De Mano Eikon By Proel Dm800kit"},"content":{"rendered":"<p>Dise\u00f1ado espec\u00edficamente para presentaciones en el escenario, este micr\u00f3fono ofrece una respuesta de frecuencia plana y amplia.<\/p>\n<p>El patr\u00f3n polar cardioide a\u00edsla las voces del ruido de fondo en el escenario o en el estudio.<\/p>\n<p>Utilizado en aplicaciones en vivo o en estudio, el micr\u00f3fono cardioide DM800 es la elecci\u00f3n correcta por su claridad, resistencia a la retroalimentaci\u00f3n y capacidad de manejar SPL sin distorsi\u00f3n.<\/p>\n<p>Kit compuesto por tres micr\u00f3fonos din\u00e1micos DM800<br \/>Incluye tres soportes para micr\u00f3fono.<br \/>Estuche de transporte y almacenamiento de ABS<br \/>Micr\u00f3fono vocal con c\u00e1psula din\u00e1mica <br \/>Patr\u00f3n polar cardioide <br \/>Respuesta de frecuencia plana y extendida <br \/>Interruptor de encendido\/apagado <br \/>Dise\u00f1ado para una calidez y claridad \u00f3ptimas. <br \/>El patr\u00f3n de captaci\u00f3n excelentemente preciso proporciona una ganancia \u00f3ptima antes de la retroalimentaci\u00f3n<\/p>\n","protected":false},"excerpt":{"rendered":"<p>Dise\u00f1ado espec\u00edficamente para presentaciones en el escenario, este micr\u00f3fono ofrece una respuesta de frecuencia plana y amplia. El patr\u00f3n polar cardioide a\u00edsla las voces del ruido de fondo en el escenario o en el estudio. Utilizado en aplicaciones en vivo o en estudio, el micr\u00f3fono cardioide DM800 es la elecci\u00f3n correcta por su claridad, resistencia [&hellip;]<\/p>\n","protected":false},"featured_media":50660,"comment_status":"open","ping_status":"closed","template":"","meta":{"_uag_custom_page_level_css":""},"product_brand":[501],"product_cat":[75],"product_tag":[],"class_list":{"0":"post-50659","1":"product","2":"type-product","3":"status-publish","4":"has-post-thumbnail","6":"product_brand-proel","7":"product_cat-microfonos","9":"first","10":"outofstock","11":"sale","12":"taxable","13":"shipping-taxable","14":"purchasable","15":"product-type-simple"},"uagb_featured_image_src":{"full":["https:\/\/rms-enlinea.com.ar\/wp-content\/uploads\/2025\/07\/D_693092-MLA87070395364_072025-F.jpg",699,1007,false],"thumbnail":["https:\/\/rms-enlinea.com.ar\/wp-content\/uploads\/2025\/07\/D_693092-MLA87070395364_072025-F-150x150.jpg",150,150,true],"medium":["https:\/\/rms-enlinea.com.ar\/wp-content\/uploads\/2025\/07\/D_693092-MLA87070395364_072025-F-208x300.jpg",208,300,true],"medium_large":["https:\/\/rms-enlinea.com.ar\/wp-content\/uploads\/2025\/07\/D_693092-MLA87070395364_072025-F.jpg",699,1007,false],"large":["https:\/\/rms-enlinea.com.ar\/wp-content\/uploads\/2025\/07\/D_693092-MLA87070395364_072025-F.jpg",699,1007,false],"1536x1536":["https:\/\/rms-enlinea.com.ar\/wp-content\/uploads\/2025\/07\/D_693092-MLA87070395364_072025-F.jpg",699,1007,false],"2048x2048":["https:\/\/rms-enlinea.com.ar\/wp-content\/uploads\/2025\/07\/D_693092-MLA87070395364_072025-F.jpg",699,1007,false],"woocommerce_thumbnail":["https:\/\/rms-enlinea.com.ar\/wp-content\/uploads\/2025\/07\/D_693092-MLA87070395364_072025-F-450x450.jpg",450,450,true],"woocommerce_single":["https:\/\/rms-enlinea.com.ar\/wp-content\/uploads\/2025\/07\/D_693092-MLA87070395364_072025-F-600x864.jpg",600,864,true],"woocommerce_gallery_thumbnail":["https:\/\/rms-enlinea.com.ar\/wp-content\/uploads\/2025\/07\/D_693092-MLA87070395364_072025-F-100x100.jpg",100,100,true]},"uagb_author_info":{"display_name":"mario","author_link":"https:\/\/rms-enlinea.com.ar\/tienda\/author\/"},"uagb_comment_info":0,"uagb_excerpt":"Dise\u00f1ado espec\u00edficamente para presentaciones en el escenario, este micr\u00f3fono ofrece una respuesta de frecuencia plana y amplia. El patr\u00f3n polar cardioide a\u00edsla las voces del ruido de fondo en el escenario o en el estudio. Utilizado en aplicaciones en vivo o en estudio, el micr\u00f3fono cardioide DM800 es la elecci\u00f3n correcta por su claridad, resistencia&hellip;","_links":{"self":[{"href":"https:\/\/rms-enlinea.com.ar\/tienda\/wp-json\/wp\/v2\/product\/50659","targetHints":{"allow":["GET"]}}],"collection":[{"href":"https:\/\/rms-enlinea.com.ar\/tienda\/wp-json\/wp\/v2\/product"}],"about":[{"href":"https:\/\/rms-enlinea.com.ar\/tienda\/wp-json\/wp\/v2\/types\/product"}],"replies":[{"embeddable":true,"href":"https:\/\/rms-enlinea.com.ar\/tienda\/wp-json\/wp\/v2\/comments?post=50659"}],"wp:featuredmedia":[{"embeddable":true,"href":"https:\/\/rms-enlinea.com.ar\/tienda\/wp-json\/wp\/v2\/media\/50660"}],"wp:attachment":[{"href":"https:\/\/rms-enlinea.com.ar\/tienda\/wp-json\/wp\/v2\/media?parent=50659"}],"wp:term":[{"taxonomy":"product_brand","embeddable":true,"href":"https:\/\/rms-enlinea.com.ar\/tienda\/wp-json\/wp\/v2\/product_brand?post=50659"},{"taxonomy":"product_cat","embeddable":true,"href":"https:\/\/rms-enlinea.com.ar\/tienda\/wp-json\/wp\/v2\/product_cat?post=50659"},{"taxonomy":"product_tag","embeddable":true,"href":"https:\/\/rms-enlinea.com.ar\/tienda\/wp-json\/wp\/v2\/product_tag?post=50659"}],"curies":[{"name":"wp","href":"https:\/\/api.w.org\/{rel}","templated":true}]}}