{"id":50664,"date":"2025-07-08T13:28:08","date_gmt":"2025-07-08T16:28:08","guid":{"rendered":"https:\/\/rms-enlinea.com.ar\/tienda\/producto\/microfono-condenser-corbatero-eikon-by-proel-lch370\/"},"modified":"2026-04-21T05:21:11","modified_gmt":"2026-04-21T08:21:11","slug":"microfono-condenser-corbatero-eikon-by-proel-lch370","status":"publish","type":"product","link":"https:\/\/rms-enlinea.com.ar\/tienda\/producto\/microfono-condenser-corbatero-eikon-by-proel-lch370\/","title":{"rendered":"Microfono Corbatero Repuesto Proel Eikon Lch370 Multi Ficha!"},"content":{"rendered":"<p>El micr\u00f3fono de solapa LCH370 es la opci\u00f3n ideal para presentaciones de discursos, ya que le permite moverse libremente con las manos.<\/p>\n<p>En un formato de clip de corbata peque\u00f1o y liviano, puede ofrecerle el mismo rendimiento de sonido que los micr\u00f3fonos de condensador est\u00e1ndar, lo que lo hace perfectamente adecuado para una variedad de aplicaciones, como representaciones teatrales, dramas, discursos, etc.<\/p>\n<p>Viene con 3 conectores reemplazables diferentes, lo que lo hace adecuado para su uso con paquetes de cintur\u00f3n de varios fabricantes.<\/p>\n<p>Micr\u00f3fono de solapa de transmisi\u00f3n en miniatura de alta calidad <br \/>Respuesta de frecuencia plana y amplio rango din\u00e1mico <br \/>C\u00e1psula de condensador polarizada permanentemente de 6,5 mm <br \/>Patr\u00f3n polar cardioide <br \/>3 adaptadores est\u00e1ndar (AD4SH-AD3SE-AD3AK) para usar con la mayor\u00eda de los sistemas inal\u00e1mbricos profesionales disponibles actualmente <br \/>Pantalla anti-pop<\/p>\n","protected":false},"excerpt":{"rendered":"<p>El micr\u00f3fono de solapa LCH370 es la opci\u00f3n ideal para presentaciones de discursos, ya que le permite moverse libremente con las manos. En un formato de clip de corbata peque\u00f1o y liviano, puede ofrecerle el mismo rendimiento de sonido que los micr\u00f3fonos de condensador est\u00e1ndar, lo que lo hace perfectamente adecuado para una variedad de [&hellip;]<\/p>\n","protected":false},"featured_media":50665,"comment_status":"open","ping_status":"closed","template":"","meta":{"_uag_custom_page_level_css":""},"product_brand":[501],"product_cat":[75],"product_tag":[],"class_list":{"0":"post-50664","1":"product","2":"type-product","3":"status-publish","4":"has-post-thumbnail","6":"product_brand-proel","7":"product_cat-microfonos","9":"first","10":"outofstock","11":"sale","12":"taxable","13":"shipping-taxable","14":"purchasable","15":"product-type-simple"},"uagb_featured_image_src":{"full":["https:\/\/rms-enlinea.com.ar\/wp-content\/uploads\/2025\/07\/D_930726-MLA87069882610_072025-F.jpg",484,919,false],"thumbnail":["https:\/\/rms-enlinea.com.ar\/wp-content\/uploads\/2025\/07\/D_930726-MLA87069882610_072025-F-150x150.jpg",150,150,true],"medium":["https:\/\/rms-enlinea.com.ar\/wp-content\/uploads\/2025\/07\/D_930726-MLA87069882610_072025-F-158x300.jpg",158,300,true],"medium_large":["https:\/\/rms-enlinea.com.ar\/wp-content\/uploads\/2025\/07\/D_930726-MLA87069882610_072025-F.jpg",484,919,false],"large":["https:\/\/rms-enlinea.com.ar\/wp-content\/uploads\/2025\/07\/D_930726-MLA87069882610_072025-F.jpg",484,919,false],"1536x1536":["https:\/\/rms-enlinea.com.ar\/wp-content\/uploads\/2025\/07\/D_930726-MLA87069882610_072025-F.jpg",484,919,false],"2048x2048":["https:\/\/rms-enlinea.com.ar\/wp-content\/uploads\/2025\/07\/D_930726-MLA87069882610_072025-F.jpg",484,919,false],"woocommerce_thumbnail":["https:\/\/rms-enlinea.com.ar\/wp-content\/uploads\/2025\/07\/D_930726-MLA87069882610_072025-F-450x450.jpg",450,450,true],"woocommerce_single":["https:\/\/rms-enlinea.com.ar\/wp-content\/uploads\/2025\/07\/D_930726-MLA87069882610_072025-F.jpg",484,919,false],"woocommerce_gallery_thumbnail":["https:\/\/rms-enlinea.com.ar\/wp-content\/uploads\/2025\/07\/D_930726-MLA87069882610_072025-F-100x100.jpg",100,100,true]},"uagb_author_info":{"display_name":"mario","author_link":"https:\/\/rms-enlinea.com.ar\/tienda\/author\/"},"uagb_comment_info":0,"uagb_excerpt":"El micr\u00f3fono de solapa LCH370 es la opci\u00f3n ideal para presentaciones de discursos, ya que le permite moverse libremente con las manos. En un formato de clip de corbata peque\u00f1o y liviano, puede ofrecerle el mismo rendimiento de sonido que los micr\u00f3fonos de condensador est\u00e1ndar, lo que lo hace perfectamente adecuado para una variedad de&hellip;","_links":{"self":[{"href":"https:\/\/rms-enlinea.com.ar\/tienda\/wp-json\/wp\/v2\/product\/50664","targetHints":{"allow":["GET"]}}],"collection":[{"href":"https:\/\/rms-enlinea.com.ar\/tienda\/wp-json\/wp\/v2\/product"}],"about":[{"href":"https:\/\/rms-enlinea.com.ar\/tienda\/wp-json\/wp\/v2\/types\/product"}],"replies":[{"embeddable":true,"href":"https:\/\/rms-enlinea.com.ar\/tienda\/wp-json\/wp\/v2\/comments?post=50664"}],"wp:featuredmedia":[{"embeddable":true,"href":"https:\/\/rms-enlinea.com.ar\/tienda\/wp-json\/wp\/v2\/media\/50665"}],"wp:attachment":[{"href":"https:\/\/rms-enlinea.com.ar\/tienda\/wp-json\/wp\/v2\/media?parent=50664"}],"wp:term":[{"taxonomy":"product_brand","embeddable":true,"href":"https:\/\/rms-enlinea.com.ar\/tienda\/wp-json\/wp\/v2\/product_brand?post=50664"},{"taxonomy":"product_cat","embeddable":true,"href":"https:\/\/rms-enlinea.com.ar\/tienda\/wp-json\/wp\/v2\/product_cat?post=50664"},{"taxonomy":"product_tag","embeddable":true,"href":"https:\/\/rms-enlinea.com.ar\/tienda\/wp-json\/wp\/v2\/product_tag?post=50664"}],"curies":[{"name":"wp","href":"https:\/\/api.w.org\/{rel}","templated":true}]}}