{"id":50679,"date":"2025-07-08T13:28:27","date_gmt":"2025-07-08T16:28:27","guid":{"rendered":"https:\/\/rms-enlinea.com.ar\/tienda\/producto\/microfono-profesional-para-estudio-eikon-by-proel-cm14usb\/"},"modified":"2026-02-20T21:45:13","modified_gmt":"2026-02-21T00:45:13","slug":"microfono-profesional-para-estudio-eikon-by-proel-cm14usb","status":"publish","type":"product","link":"https:\/\/rms-enlinea.com.ar\/tienda\/producto\/microfono-profesional-para-estudio-eikon-by-proel-cm14usb\/","title":{"rendered":"Microfono Profesional Para Estudio Eikon By Proel Cm14usb"},"content":{"rendered":"<p>El CM14USB es un micr\u00f3fono de condensador cardioide USB\/XLR.<br \/>Equipado con salidas USB y XLR, este micr\u00f3fono est\u00e1 dise\u00f1ado para la captura anal\u00f3gica o digital de cualquier fuente de audio ac\u00fastica mediante su software de grabaci\u00f3n favorito.<br \/>El CM14USB es la opci\u00f3n perfecta para aplicaciones de voz, instrumentos ac\u00fasticos, VoIP y webcasting. Su frecuencia extendida y r\u00e1pida respuesta transitoria garantizan una reproducci\u00f3n lineal precisa.<br \/>El micr\u00f3fono tambi\u00e9n cuenta con una toma de auriculares integrada con control de volumen que permite monitorizar la se\u00f1al directa del micr\u00f3fono y el sonido de su software de grabaci\u00f3n de audio.<br \/>El patr\u00f3n polar cardioide del micr\u00f3fono ofrece un excelente rechazo fuera del eje, y sus convertidores de 24 bits a 96 kHz garantizan una reproducci\u00f3n de sonido n\u00edtida. Adem\u00e1s, cuenta con un LED azul que indica su encendido.<br \/>El CM14USB es un dispositivo USB &#8220;Plug &amp; Play&#8221;, compatible con ordenadores con sistemas operativos Microsoft y Apple, as\u00ed como con dispositivos m\u00f3viles mediante kits de conexi\u00f3n USB est\u00e1ndar para c\u00e1maras.<\/p>\n<p>Preamplificador PCB y procesamiento de audio de alta velocidad USB 2.0<br \/>Frecuencia de muestreo de 24 bits\/96 kHz<br \/>Dise\u00f1ado para tener salida de auriculares est\u00e9reo de 3,5 mm, bot\u00f3n de silencio y perilla de control de volumen de salida.<br \/>Monitoreo de latencia cero de manera sencilla<br \/>Sonido claro y natural con un rendimiento superior.<br \/>El soporte para micr\u00f3fono est\u00e1 incluido.<br \/>CM14USB es una elecci\u00f3n perfecta para la creaci\u00f3n musical.<\/p>\n","protected":false},"excerpt":{"rendered":"<p>El CM14USB es un micr\u00f3fono de condensador cardioide USB\/XLR.Equipado con salidas USB y XLR, este micr\u00f3fono est\u00e1 dise\u00f1ado para la captura anal\u00f3gica o digital de cualquier fuente de audio ac\u00fastica mediante su software de grabaci\u00f3n favorito.El CM14USB es la opci\u00f3n perfecta para aplicaciones de voz, instrumentos ac\u00fasticos, VoIP y webcasting. Su frecuencia extendida y r\u00e1pida [&hellip;]<\/p>\n","protected":false},"featured_media":50680,"comment_status":"open","ping_status":"closed","template":"","meta":{"_uag_custom_page_level_css":""},"product_brand":[501],"product_cat":[75],"product_tag":[],"class_list":{"0":"post-50679","1":"product","2":"type-product","3":"status-publish","4":"has-post-thumbnail","6":"product_brand-proel","7":"product_cat-microfonos","9":"first","10":"instock","11":"sale","12":"taxable","13":"shipping-taxable","14":"purchasable","15":"product-type-simple"},"uagb_featured_image_src":{"full":["https:\/\/rms-enlinea.com.ar\/wp-content\/uploads\/2025\/07\/D_846118-MLA87068860060_072025-F.jpg",286,1021,false],"thumbnail":["https:\/\/rms-enlinea.com.ar\/wp-content\/uploads\/2025\/07\/D_846118-MLA87068860060_072025-F-150x150.jpg",150,150,true],"medium":["https:\/\/rms-enlinea.com.ar\/wp-content\/uploads\/2025\/07\/D_846118-MLA87068860060_072025-F-84x300.jpg",84,300,true],"medium_large":["https:\/\/rms-enlinea.com.ar\/wp-content\/uploads\/2025\/07\/D_846118-MLA87068860060_072025-F.jpg",286,1021,false],"large":["https:\/\/rms-enlinea.com.ar\/wp-content\/uploads\/2025\/07\/D_846118-MLA87068860060_072025-F.jpg",286,1021,false],"1536x1536":["https:\/\/rms-enlinea.com.ar\/wp-content\/uploads\/2025\/07\/D_846118-MLA87068860060_072025-F.jpg",286,1021,false],"2048x2048":["https:\/\/rms-enlinea.com.ar\/wp-content\/uploads\/2025\/07\/D_846118-MLA87068860060_072025-F.jpg",286,1021,false],"woocommerce_thumbnail":["https:\/\/rms-enlinea.com.ar\/wp-content\/uploads\/2025\/07\/D_846118-MLA87068860060_072025-F-286x450.jpg",286,450,true],"woocommerce_single":["https:\/\/rms-enlinea.com.ar\/wp-content\/uploads\/2025\/07\/D_846118-MLA87068860060_072025-F.jpg",286,1021,false],"woocommerce_gallery_thumbnail":["https:\/\/rms-enlinea.com.ar\/wp-content\/uploads\/2025\/07\/D_846118-MLA87068860060_072025-F-100x100.jpg",100,100,true]},"uagb_author_info":{"display_name":"mario","author_link":"https:\/\/rms-enlinea.com.ar\/tienda\/author\/"},"uagb_comment_info":0,"uagb_excerpt":"El CM14USB es un micr\u00f3fono de condensador cardioide USB\/XLR.Equipado con salidas USB y XLR, este micr\u00f3fono est\u00e1 dise\u00f1ado para la captura anal\u00f3gica o digital de cualquier fuente de audio ac\u00fastica mediante su software de grabaci\u00f3n favorito.El CM14USB es la opci\u00f3n perfecta para aplicaciones de voz, instrumentos ac\u00fasticos, VoIP y webcasting. Su frecuencia extendida y r\u00e1pida&hellip;","_links":{"self":[{"href":"https:\/\/rms-enlinea.com.ar\/tienda\/wp-json\/wp\/v2\/product\/50679","targetHints":{"allow":["GET"]}}],"collection":[{"href":"https:\/\/rms-enlinea.com.ar\/tienda\/wp-json\/wp\/v2\/product"}],"about":[{"href":"https:\/\/rms-enlinea.com.ar\/tienda\/wp-json\/wp\/v2\/types\/product"}],"replies":[{"embeddable":true,"href":"https:\/\/rms-enlinea.com.ar\/tienda\/wp-json\/wp\/v2\/comments?post=50679"}],"wp:featuredmedia":[{"embeddable":true,"href":"https:\/\/rms-enlinea.com.ar\/tienda\/wp-json\/wp\/v2\/media\/50680"}],"wp:attachment":[{"href":"https:\/\/rms-enlinea.com.ar\/tienda\/wp-json\/wp\/v2\/media?parent=50679"}],"wp:term":[{"taxonomy":"product_brand","embeddable":true,"href":"https:\/\/rms-enlinea.com.ar\/tienda\/wp-json\/wp\/v2\/product_brand?post=50679"},{"taxonomy":"product_cat","embeddable":true,"href":"https:\/\/rms-enlinea.com.ar\/tienda\/wp-json\/wp\/v2\/product_cat?post=50679"},{"taxonomy":"product_tag","embeddable":true,"href":"https:\/\/rms-enlinea.com.ar\/tienda\/wp-json\/wp\/v2\/product_tag?post=50679"}],"curies":[{"name":"wp","href":"https:\/\/api.w.org\/{rel}","templated":true}]}}