{"id":50701,"date":"2025-07-08T13:28:55","date_gmt":"2025-07-08T16:28:55","guid":{"rendered":"https:\/\/rms-enlinea.com.ar\/tienda\/producto\/microfono-profesional-para-estudio-eikon-by-proel-dm55v2bk-2\/"},"modified":"2026-04-21T07:02:13","modified_gmt":"2026-04-21T10:02:13","slug":"microfono-profesional-para-estudio-eikon-by-proel-dm55v2bk-2","status":"publish","type":"product","link":"https:\/\/rms-enlinea.com.ar\/tienda\/producto\/microfono-profesional-para-estudio-eikon-by-proel-dm55v2bk-2\/","title":{"rendered":"Microfono Profesional Para Estudio Eikon By Proel Dm55v2bk"},"content":{"rendered":"<p>El micr\u00f3fono EIKON DM55V2 Vintage es un micr\u00f3fono din\u00e1mico de bobina m\u00f3vil de alta gama con un diafragma de gran tama\u00f1o que proporciona una respuesta de frecuencias graves, medias y agudas excepcionalmente precisa. El soporte de goma integrado con amortiguador de vibraciones ayuda a reducir el ruido de manejo. El DM55V2 es la opci\u00f3n ideal para presentaciones profesionales en vivo y presentaciones en escenario que requieren un estilo vintage.<\/p>\n<p>Carcasa de fundici\u00f3n a presi\u00f3n con revestimiento satinado para una apariencia y sensaci\u00f3n vintage puras<br \/>Patr\u00f3n polar cardioide<br \/>Respuesta de frecuencia adaptada para voces y m\u00fasica instrumental<br \/>Soporte amortiguador interno para reducir el ruido de manejo<br \/>Interruptor de encendido y apagado<br \/>Soporte giratorio autotensable<br \/>Dise\u00f1o personalizado de EIKON<\/p>\n","protected":false},"excerpt":{"rendered":"<p>El micr\u00f3fono EIKON DM55V2 Vintage es un micr\u00f3fono din\u00e1mico de bobina m\u00f3vil de alta gama con un diafragma de gran tama\u00f1o que proporciona una respuesta de frecuencias graves, medias y agudas excepcionalmente precisa. El soporte de goma integrado con amortiguador de vibraciones ayuda a reducir el ruido de manejo. El DM55V2 es la opci\u00f3n ideal [&hellip;]<\/p>\n","protected":false},"featured_media":50702,"comment_status":"open","ping_status":"closed","template":"","meta":{"_uag_custom_page_level_css":""},"product_brand":[501],"product_cat":[75],"product_tag":[],"class_list":{"0":"post-50701","1":"product","2":"type-product","3":"status-publish","4":"has-post-thumbnail","6":"product_brand-proel","7":"product_cat-microfonos","9":"first","10":"outofstock","11":"sale","12":"taxable","13":"shipping-taxable","14":"purchasable","15":"product-type-simple"},"uagb_featured_image_src":{"full":["https:\/\/rms-enlinea.com.ar\/wp-content\/uploads\/2025\/07\/D_660902-MLA87393364669_072025-F.jpg",386,1025,false],"thumbnail":["https:\/\/rms-enlinea.com.ar\/wp-content\/uploads\/2025\/07\/D_660902-MLA87393364669_072025-F-150x150.jpg",150,150,true],"medium":["https:\/\/rms-enlinea.com.ar\/wp-content\/uploads\/2025\/07\/D_660902-MLA87393364669_072025-F-113x300.jpg",113,300,true],"medium_large":["https:\/\/rms-enlinea.com.ar\/wp-content\/uploads\/2025\/07\/D_660902-MLA87393364669_072025-F.jpg",386,1025,false],"large":["https:\/\/rms-enlinea.com.ar\/wp-content\/uploads\/2025\/07\/D_660902-MLA87393364669_072025-F.jpg",386,1024,false],"1536x1536":["https:\/\/rms-enlinea.com.ar\/wp-content\/uploads\/2025\/07\/D_660902-MLA87393364669_072025-F.jpg",386,1025,false],"2048x2048":["https:\/\/rms-enlinea.com.ar\/wp-content\/uploads\/2025\/07\/D_660902-MLA87393364669_072025-F.jpg",386,1025,false],"woocommerce_thumbnail":["https:\/\/rms-enlinea.com.ar\/wp-content\/uploads\/2025\/07\/D_660902-MLA87393364669_072025-F-386x450.jpg",386,450,true],"woocommerce_single":["https:\/\/rms-enlinea.com.ar\/wp-content\/uploads\/2025\/07\/D_660902-MLA87393364669_072025-F.jpg",386,1025,false],"woocommerce_gallery_thumbnail":["https:\/\/rms-enlinea.com.ar\/wp-content\/uploads\/2025\/07\/D_660902-MLA87393364669_072025-F-100x100.jpg",100,100,true]},"uagb_author_info":{"display_name":"mario","author_link":"https:\/\/rms-enlinea.com.ar\/tienda\/author\/"},"uagb_comment_info":0,"uagb_excerpt":"El micr\u00f3fono EIKON DM55V2 Vintage es un micr\u00f3fono din\u00e1mico de bobina m\u00f3vil de alta gama con un diafragma de gran tama\u00f1o que proporciona una respuesta de frecuencias graves, medias y agudas excepcionalmente precisa. El soporte de goma integrado con amortiguador de vibraciones ayuda a reducir el ruido de manejo. El DM55V2 es la opci\u00f3n ideal&hellip;","_links":{"self":[{"href":"https:\/\/rms-enlinea.com.ar\/tienda\/wp-json\/wp\/v2\/product\/50701","targetHints":{"allow":["GET"]}}],"collection":[{"href":"https:\/\/rms-enlinea.com.ar\/tienda\/wp-json\/wp\/v2\/product"}],"about":[{"href":"https:\/\/rms-enlinea.com.ar\/tienda\/wp-json\/wp\/v2\/types\/product"}],"replies":[{"embeddable":true,"href":"https:\/\/rms-enlinea.com.ar\/tienda\/wp-json\/wp\/v2\/comments?post=50701"}],"wp:featuredmedia":[{"embeddable":true,"href":"https:\/\/rms-enlinea.com.ar\/tienda\/wp-json\/wp\/v2\/media\/50702"}],"wp:attachment":[{"href":"https:\/\/rms-enlinea.com.ar\/tienda\/wp-json\/wp\/v2\/media?parent=50701"}],"wp:term":[{"taxonomy":"product_brand","embeddable":true,"href":"https:\/\/rms-enlinea.com.ar\/tienda\/wp-json\/wp\/v2\/product_brand?post=50701"},{"taxonomy":"product_cat","embeddable":true,"href":"https:\/\/rms-enlinea.com.ar\/tienda\/wp-json\/wp\/v2\/product_cat?post=50701"},{"taxonomy":"product_tag","embeddable":true,"href":"https:\/\/rms-enlinea.com.ar\/tienda\/wp-json\/wp\/v2\/product_tag?post=50701"}],"curies":[{"name":"wp","href":"https:\/\/api.w.org\/{rel}","templated":true}]}}