{"id":50710,"date":"2025-07-08T13:29:06","date_gmt":"2025-07-08T16:29:06","guid":{"rendered":"https:\/\/rms-enlinea.com.ar\/tienda\/producto\/auriculares-profesionales-cerrados-eikon-by-proel-h1000\/"},"modified":"2026-04-21T05:46:20","modified_gmt":"2026-04-21T08:46:20","slug":"auriculares-profesionales-cerrados-eikon-by-proel-h1000","status":"publish","type":"product","link":"https:\/\/rms-enlinea.com.ar\/tienda\/producto\/auriculares-profesionales-cerrados-eikon-by-proel-h1000\/","title":{"rendered":"Auriculares Profesionales Cerrados Eikon By Proel H1000"},"content":{"rendered":"<p>Los auriculares Eikon H1000 con sus transductores de neodimio de 50mm te ofrecen una respuesta de frecuencia inigualable y una comodidad total que te permite tener una experiencia auditiva \u00f3ptima.<\/p>\n<p>Auriculares circumaurales cerrados profesionales de alta gama<br \/>Im\u00e1n de neodimio din\u00e1mico de tama\u00f1o de controlador de 50 mm<br \/>Dise\u00f1o de cable separado de un solo lado<br \/>Se incluyen dos tipos de cable de 3 metros<br \/>Ajuste c\u00f3modo gracias a la construcci\u00f3n de la diadema acolchada suave, ajustable y resistente<br \/>Conector est\u00e9reo de 3,5 + 6,3 mm<\/p>\n","protected":false},"excerpt":{"rendered":"<p>Los auriculares Eikon H1000 con sus transductores de neodimio de 50mm te ofrecen una respuesta de frecuencia inigualable y una comodidad total que te permite tener una experiencia auditiva \u00f3ptima. Auriculares circumaurales cerrados profesionales de alta gamaIm\u00e1n de neodimio din\u00e1mico de tama\u00f1o de controlador de 50 mmDise\u00f1o de cable separado de un solo ladoSe incluyen [&hellip;]<\/p>\n","protected":false},"featured_media":50711,"comment_status":"open","ping_status":"closed","template":"","meta":{"_uag_custom_page_level_css":""},"product_brand":[501],"product_cat":[15],"product_tag":[],"class_list":{"0":"post-50710","1":"product","2":"type-product","3":"status-publish","4":"has-post-thumbnail","6":"product_brand-proel","7":"product_cat-sin-categorizar","9":"first","10":"outofstock","11":"sale","12":"taxable","13":"shipping-taxable","14":"purchasable","15":"product-type-simple"},"uagb_featured_image_src":{"full":["https:\/\/rms-enlinea.com.ar\/wp-content\/uploads\/2025\/07\/D_823840-MLM48135188996_112021-F.jpg",999,1200,false],"thumbnail":["https:\/\/rms-enlinea.com.ar\/wp-content\/uploads\/2025\/07\/D_823840-MLM48135188996_112021-F-150x150.jpg",150,150,true],"medium":["https:\/\/rms-enlinea.com.ar\/wp-content\/uploads\/2025\/07\/D_823840-MLM48135188996_112021-F-250x300.jpg",250,300,true],"medium_large":["https:\/\/rms-enlinea.com.ar\/wp-content\/uploads\/2025\/07\/D_823840-MLM48135188996_112021-F-768x923.jpg",768,923,true],"large":["https:\/\/rms-enlinea.com.ar\/wp-content\/uploads\/2025\/07\/D_823840-MLM48135188996_112021-F-852x1024.jpg",852,1024,true],"1536x1536":["https:\/\/rms-enlinea.com.ar\/wp-content\/uploads\/2025\/07\/D_823840-MLM48135188996_112021-F.jpg",999,1200,false],"2048x2048":["https:\/\/rms-enlinea.com.ar\/wp-content\/uploads\/2025\/07\/D_823840-MLM48135188996_112021-F.jpg",999,1200,false],"woocommerce_thumbnail":["https:\/\/rms-enlinea.com.ar\/wp-content\/uploads\/2025\/07\/D_823840-MLM48135188996_112021-F-450x450.jpg",450,450,true],"woocommerce_single":["https:\/\/rms-enlinea.com.ar\/wp-content\/uploads\/2025\/07\/D_823840-MLM48135188996_112021-F-600x721.jpg",600,721,true],"woocommerce_gallery_thumbnail":["https:\/\/rms-enlinea.com.ar\/wp-content\/uploads\/2025\/07\/D_823840-MLM48135188996_112021-F-100x100.jpg",100,100,true]},"uagb_author_info":{"display_name":"mario","author_link":"https:\/\/rms-enlinea.com.ar\/tienda\/author\/"},"uagb_comment_info":0,"uagb_excerpt":"Los auriculares Eikon H1000 con sus transductores de neodimio de 50mm te ofrecen una respuesta de frecuencia inigualable y una comodidad total que te permite tener una experiencia auditiva \u00f3ptima. Auriculares circumaurales cerrados profesionales de alta gamaIm\u00e1n de neodimio din\u00e1mico de tama\u00f1o de controlador de 50 mmDise\u00f1o de cable separado de un solo ladoSe incluyen&hellip;","_links":{"self":[{"href":"https:\/\/rms-enlinea.com.ar\/tienda\/wp-json\/wp\/v2\/product\/50710","targetHints":{"allow":["GET"]}}],"collection":[{"href":"https:\/\/rms-enlinea.com.ar\/tienda\/wp-json\/wp\/v2\/product"}],"about":[{"href":"https:\/\/rms-enlinea.com.ar\/tienda\/wp-json\/wp\/v2\/types\/product"}],"replies":[{"embeddable":true,"href":"https:\/\/rms-enlinea.com.ar\/tienda\/wp-json\/wp\/v2\/comments?post=50710"}],"wp:featuredmedia":[{"embeddable":true,"href":"https:\/\/rms-enlinea.com.ar\/tienda\/wp-json\/wp\/v2\/media\/50711"}],"wp:attachment":[{"href":"https:\/\/rms-enlinea.com.ar\/tienda\/wp-json\/wp\/v2\/media?parent=50710"}],"wp:term":[{"taxonomy":"product_brand","embeddable":true,"href":"https:\/\/rms-enlinea.com.ar\/tienda\/wp-json\/wp\/v2\/product_brand?post=50710"},{"taxonomy":"product_cat","embeddable":true,"href":"https:\/\/rms-enlinea.com.ar\/tienda\/wp-json\/wp\/v2\/product_cat?post=50710"},{"taxonomy":"product_tag","embeddable":true,"href":"https:\/\/rms-enlinea.com.ar\/tienda\/wp-json\/wp\/v2\/product_tag?post=50710"}],"curies":[{"name":"wp","href":"https:\/\/api.w.org\/{rel}","templated":true}]}}