{"id":50741,"date":"2025-07-08T13:29:48","date_gmt":"2025-07-08T16:29:48","guid":{"rendered":"https:\/\/rms-enlinea.com.ar\/tienda\/producto\/set-microfono-inalambrico-2-de-mano-eikon-by-proel-wm700dma\/"},"modified":"2026-04-21T06:44:07","modified_gmt":"2026-04-21T09:44:07","slug":"set-microfono-inalambrico-2-de-mano-eikon-by-proel-wm700dma","status":"publish","type":"product","link":"https:\/\/rms-enlinea.com.ar\/tienda\/producto\/set-microfono-inalambrico-2-de-mano-eikon-by-proel-wm700dma\/","title":{"rendered":"Set Microfono Inalambrico 2 De Mano Eikon By Proel Wm700dma"},"content":{"rendered":"<p>El sistema de micr\u00f3fono inal\u00e1mbrico WM700 es un dispositivo de frecuencia variable UHF controlado por PLL, que proporciona una transmisi\u00f3n de se\u00f1al confiable y de alta calidad, gracias tambi\u00e9n al piloto de tono digital.<\/p>\n<p>El sistema de micr\u00f3fono inal\u00e1mbrico WM700 ofrece 5 combinaciones diferentes con receptor de un solo canal, receptor de doble canal, transmisor de mano y transmisor de bolsillo con micr\u00f3fono de diadema.<\/p>\n<p>El sistema est\u00e1 disponible en 2 bandas diferentes con grupos de 16 o 32 frecuencias preestablecidas para ser utilizadas tambi\u00e9n simult\u00e1neamente.<\/p>\n<p>Cada configuraci\u00f3n incluye una caja de ABS.<\/p>\n<p>Sistema de micr\u00f3fono inal\u00e1mbrico de doble canal con frecuencia seleccionable PLL \u201316 CH<br \/>Piloto de tono digital de 32 Khz<br \/>Nuevo acabado de pintura duradero<br \/>Adaptador de corriente USB universal<br \/>Rango de frecuencia de 823 &#8211; 832 Mhz o 512 &#8211; 562 Mhz (WM700DMA) <br \/>Alcance de 30 metros\/100 pies<br \/>Respuesta de frecuencia de 50 Hz a 15 KHz<br \/>Relaci\u00f3n se\u00f1al\/ruido de 105 dB<br \/>2 transmisores de mano con c\u00e1psula din\u00e1mica cardioide<br \/>Se pueden utilizar hasta 4 frecuencias en la misma ubicaci\u00f3n para cada banda de frecuencia.<br \/>Estuche de transporte y almacenamiento de ABS<\/p>\n","protected":false},"excerpt":{"rendered":"<p>El sistema de micr\u00f3fono inal\u00e1mbrico WM700 es un dispositivo de frecuencia variable UHF controlado por PLL, que proporciona una transmisi\u00f3n de se\u00f1al confiable y de alta calidad, gracias tambi\u00e9n al piloto de tono digital. El sistema de micr\u00f3fono inal\u00e1mbrico WM700 ofrece 5 combinaciones diferentes con receptor de un solo canal, receptor de doble canal, transmisor [&hellip;]<\/p>\n","protected":false},"featured_media":50742,"comment_status":"open","ping_status":"closed","template":"","meta":{"_uag_custom_page_level_css":""},"product_brand":[501],"product_cat":[75],"product_tag":[],"class_list":{"0":"post-50741","1":"product","2":"type-product","3":"status-publish","4":"has-post-thumbnail","6":"product_brand-proel","7":"product_cat-microfonos","9":"first","10":"outofstock","11":"sale","12":"taxable","13":"shipping-taxable","14":"purchasable","15":"product-type-simple"},"uagb_featured_image_src":{"full":["https:\/\/rms-enlinea.com.ar\/wp-content\/uploads\/2025\/07\/D_639365-MLA87392926461_072025-F.jpg",987,937,false],"thumbnail":["https:\/\/rms-enlinea.com.ar\/wp-content\/uploads\/2025\/07\/D_639365-MLA87392926461_072025-F-150x150.jpg",150,150,true],"medium":["https:\/\/rms-enlinea.com.ar\/wp-content\/uploads\/2025\/07\/D_639365-MLA87392926461_072025-F-300x285.jpg",300,285,true],"medium_large":["https:\/\/rms-enlinea.com.ar\/wp-content\/uploads\/2025\/07\/D_639365-MLA87392926461_072025-F-768x729.jpg",768,729,true],"large":["https:\/\/rms-enlinea.com.ar\/wp-content\/uploads\/2025\/07\/D_639365-MLA87392926461_072025-F.jpg",987,937,false],"1536x1536":["https:\/\/rms-enlinea.com.ar\/wp-content\/uploads\/2025\/07\/D_639365-MLA87392926461_072025-F.jpg",987,937,false],"2048x2048":["https:\/\/rms-enlinea.com.ar\/wp-content\/uploads\/2025\/07\/D_639365-MLA87392926461_072025-F.jpg",987,937,false],"woocommerce_thumbnail":["https:\/\/rms-enlinea.com.ar\/wp-content\/uploads\/2025\/07\/D_639365-MLA87392926461_072025-F-450x450.jpg",450,450,true],"woocommerce_single":["https:\/\/rms-enlinea.com.ar\/wp-content\/uploads\/2025\/07\/D_639365-MLA87392926461_072025-F-600x570.jpg",600,570,true],"woocommerce_gallery_thumbnail":["https:\/\/rms-enlinea.com.ar\/wp-content\/uploads\/2025\/07\/D_639365-MLA87392926461_072025-F-100x100.jpg",100,100,true]},"uagb_author_info":{"display_name":"mario","author_link":"https:\/\/rms-enlinea.com.ar\/tienda\/author\/"},"uagb_comment_info":0,"uagb_excerpt":"El sistema de micr\u00f3fono inal\u00e1mbrico WM700 es un dispositivo de frecuencia variable UHF controlado por PLL, que proporciona una transmisi\u00f3n de se\u00f1al confiable y de alta calidad, gracias tambi\u00e9n al piloto de tono digital. El sistema de micr\u00f3fono inal\u00e1mbrico WM700 ofrece 5 combinaciones diferentes con receptor de un solo canal, receptor de doble canal, transmisor&hellip;","_links":{"self":[{"href":"https:\/\/rms-enlinea.com.ar\/tienda\/wp-json\/wp\/v2\/product\/50741","targetHints":{"allow":["GET"]}}],"collection":[{"href":"https:\/\/rms-enlinea.com.ar\/tienda\/wp-json\/wp\/v2\/product"}],"about":[{"href":"https:\/\/rms-enlinea.com.ar\/tienda\/wp-json\/wp\/v2\/types\/product"}],"replies":[{"embeddable":true,"href":"https:\/\/rms-enlinea.com.ar\/tienda\/wp-json\/wp\/v2\/comments?post=50741"}],"wp:featuredmedia":[{"embeddable":true,"href":"https:\/\/rms-enlinea.com.ar\/tienda\/wp-json\/wp\/v2\/media\/50742"}],"wp:attachment":[{"href":"https:\/\/rms-enlinea.com.ar\/tienda\/wp-json\/wp\/v2\/media?parent=50741"}],"wp:term":[{"taxonomy":"product_brand","embeddable":true,"href":"https:\/\/rms-enlinea.com.ar\/tienda\/wp-json\/wp\/v2\/product_brand?post=50741"},{"taxonomy":"product_cat","embeddable":true,"href":"https:\/\/rms-enlinea.com.ar\/tienda\/wp-json\/wp\/v2\/product_cat?post=50741"},{"taxonomy":"product_tag","embeddable":true,"href":"https:\/\/rms-enlinea.com.ar\/tienda\/wp-json\/wp\/v2\/product_tag?post=50741"}],"curies":[{"name":"wp","href":"https:\/\/api.w.org\/{rel}","templated":true}]}}