{"id":50750,"date":"2025-07-08T13:30:03","date_gmt":"2025-07-08T16:30:03","guid":{"rendered":"https:\/\/rms-enlinea.com.ar\/tienda\/producto\/set-microfono-inalambrico-2-corbatero-2-nuca-eikon-wm700dha\/"},"modified":"2026-04-02T18:30:36","modified_gmt":"2026-04-02T21:30:36","slug":"set-microfono-inalambrico-2-corbatero-2-nuca-eikon-wm700dha","status":"publish","type":"product","link":"https:\/\/rms-enlinea.com.ar\/tienda\/producto\/set-microfono-inalambrico-2-corbatero-2-nuca-eikon-wm700dha\/","title":{"rendered":"Set Microfono Inalambrico 2 Corbatero 2 Nuca Eikon Wm700dha"},"content":{"rendered":"<p>El sistema de micr\u00f3fono inal\u00e1mbrico WM700 es un dispositivo de frecuencia variable UHF controlado por PLL, que proporciona una transmisi\u00f3n de se\u00f1al confiable y de alta calidad, gracias tambi\u00e9n al piloto de tono digital.<\/p>\n<p>El sistema de micr\u00f3fono inal\u00e1mbrico WM700 ofrece 5 combinaciones diferentes con receptor de un solo canal, receptor de doble canal, transmisor de mano y transmisor de bolsillo con micr\u00f3fono de diadema.<\/p>\n<p>El sistema est\u00e1 disponible en 2 bandas diferentes con grupos de 16 o 32 frecuencias preestablecidas para ser utilizadas tambi\u00e9n simult\u00e1neamente.<\/p>\n<p>Cada configuraci\u00f3n incluye una caja de ABS.<\/p>\n<p>Sistema de micr\u00f3fono inal\u00e1mbrico de doble canal con frecuencia seleccionable PLL \u201316 CH <br \/>Piloto de tono digital de 32 Khz <br \/>Nuevo acabado de pintura duradero <br \/>Adaptador de corriente USB universal <br \/>Rango de frecuencia de 823 &#8211; 832 Mhz o 512 &#8211; 562 Mhz (WM700DHA)<br \/>Alcance de 30 metros\/100 pies <br \/>Respuesta de frecuencia de 50 Hz a 15 KHz <br \/>Relaci\u00f3n se\u00f1al\/ruido de 105 dB <br \/>2 x Auriculares de condensador con c\u00e1psula cardioide y 2 x Lavalier<br \/>Se pueden utilizar hasta 4 frecuencias en la misma ubicaci\u00f3n para cada banda de frecuencia.<br \/>Estuche de transporte y almacenamiento de ABS<\/p>\n","protected":false},"excerpt":{"rendered":"<p>El sistema de micr\u00f3fono inal\u00e1mbrico WM700 es un dispositivo de frecuencia variable UHF controlado por PLL, que proporciona una transmisi\u00f3n de se\u00f1al confiable y de alta calidad, gracias tambi\u00e9n al piloto de tono digital. El sistema de micr\u00f3fono inal\u00e1mbrico WM700 ofrece 5 combinaciones diferentes con receptor de un solo canal, receptor de doble canal, transmisor [&hellip;]<\/p>\n","protected":false},"featured_media":50751,"comment_status":"open","ping_status":"closed","template":"","meta":{"_uag_custom_page_level_css":""},"product_brand":[501],"product_cat":[75],"product_tag":[],"class_list":{"0":"post-50750","1":"product","2":"type-product","3":"status-publish","4":"has-post-thumbnail","6":"product_brand-proel","7":"product_cat-microfonos","9":"first","10":"instock","11":"sale","12":"taxable","13":"shipping-taxable","14":"purchasable","15":"product-type-simple"},"uagb_featured_image_src":{"full":["https:\/\/rms-enlinea.com.ar\/wp-content\/uploads\/2025\/07\/D_887138-MLA87392507697_072025-F.jpg",953,828,false],"thumbnail":["https:\/\/rms-enlinea.com.ar\/wp-content\/uploads\/2025\/07\/D_887138-MLA87392507697_072025-F-150x150.jpg",150,150,true],"medium":["https:\/\/rms-enlinea.com.ar\/wp-content\/uploads\/2025\/07\/D_887138-MLA87392507697_072025-F-300x261.jpg",300,261,true],"medium_large":["https:\/\/rms-enlinea.com.ar\/wp-content\/uploads\/2025\/07\/D_887138-MLA87392507697_072025-F-768x667.jpg",768,667,true],"large":["https:\/\/rms-enlinea.com.ar\/wp-content\/uploads\/2025\/07\/D_887138-MLA87392507697_072025-F.jpg",953,828,false],"1536x1536":["https:\/\/rms-enlinea.com.ar\/wp-content\/uploads\/2025\/07\/D_887138-MLA87392507697_072025-F.jpg",953,828,false],"2048x2048":["https:\/\/rms-enlinea.com.ar\/wp-content\/uploads\/2025\/07\/D_887138-MLA87392507697_072025-F.jpg",953,828,false],"woocommerce_thumbnail":["https:\/\/rms-enlinea.com.ar\/wp-content\/uploads\/2025\/07\/D_887138-MLA87392507697_072025-F-450x450.jpg",450,450,true],"woocommerce_single":["https:\/\/rms-enlinea.com.ar\/wp-content\/uploads\/2025\/07\/D_887138-MLA87392507697_072025-F-600x521.jpg",600,521,true],"woocommerce_gallery_thumbnail":["https:\/\/rms-enlinea.com.ar\/wp-content\/uploads\/2025\/07\/D_887138-MLA87392507697_072025-F-100x100.jpg",100,100,true]},"uagb_author_info":{"display_name":"mario","author_link":"https:\/\/rms-enlinea.com.ar\/tienda\/author\/"},"uagb_comment_info":0,"uagb_excerpt":"El sistema de micr\u00f3fono inal\u00e1mbrico WM700 es un dispositivo de frecuencia variable UHF controlado por PLL, que proporciona una transmisi\u00f3n de se\u00f1al confiable y de alta calidad, gracias tambi\u00e9n al piloto de tono digital. El sistema de micr\u00f3fono inal\u00e1mbrico WM700 ofrece 5 combinaciones diferentes con receptor de un solo canal, receptor de doble canal, transmisor&hellip;","_links":{"self":[{"href":"https:\/\/rms-enlinea.com.ar\/tienda\/wp-json\/wp\/v2\/product\/50750","targetHints":{"allow":["GET"]}}],"collection":[{"href":"https:\/\/rms-enlinea.com.ar\/tienda\/wp-json\/wp\/v2\/product"}],"about":[{"href":"https:\/\/rms-enlinea.com.ar\/tienda\/wp-json\/wp\/v2\/types\/product"}],"replies":[{"embeddable":true,"href":"https:\/\/rms-enlinea.com.ar\/tienda\/wp-json\/wp\/v2\/comments?post=50750"}],"wp:featuredmedia":[{"embeddable":true,"href":"https:\/\/rms-enlinea.com.ar\/tienda\/wp-json\/wp\/v2\/media\/50751"}],"wp:attachment":[{"href":"https:\/\/rms-enlinea.com.ar\/tienda\/wp-json\/wp\/v2\/media?parent=50750"}],"wp:term":[{"taxonomy":"product_brand","embeddable":true,"href":"https:\/\/rms-enlinea.com.ar\/tienda\/wp-json\/wp\/v2\/product_brand?post=50750"},{"taxonomy":"product_cat","embeddable":true,"href":"https:\/\/rms-enlinea.com.ar\/tienda\/wp-json\/wp\/v2\/product_cat?post=50750"},{"taxonomy":"product_tag","embeddable":true,"href":"https:\/\/rms-enlinea.com.ar\/tienda\/wp-json\/wp\/v2\/product_tag?post=50750"}],"curies":[{"name":"wp","href":"https:\/\/api.w.org\/{rel}","templated":true}]}}