{"id":50790,"date":"2025-07-09T14:20:10","date_gmt":"2025-07-09T17:20:10","guid":{"rendered":"https:\/\/rms-enlinea.com.ar\/tienda\/producto\/pie-de-microfono-bajo-para-bombo-proel-rsm181\/"},"modified":"2026-04-21T07:06:55","modified_gmt":"2026-04-21T10:06:55","slug":"pie-de-microfono-bajo-para-bombo-proel-rsm181","status":"publish","type":"product","link":"https:\/\/rms-enlinea.com.ar\/tienda\/producto\/pie-de-microfono-bajo-para-bombo-proel-rsm181\/","title":{"rendered":"Pie De Microfono Bajo Para Bombo Proel Rsm181"},"content":{"rendered":"<p>Soporte de micr\u00f3fono de bajo nivel con brazo articulado y base de nailon tipo tr\u00edpode. Disponible en acabado negro mate.<\/p>\n<p>Esta l\u00ednea de soportes para micr\u00f3fonos se ha consolidado como altamente competitiva desde su lanzamiento. Su \u00e9xito reside en el uso de componentes de alta tecnolog\u00eda a precios competitivos, un dise\u00f1o creativo y una gran estabilidad. Los soportes est\u00e1n fabricados con materiales cuidadosamente seleccionados, como juntas deslizantes de nailon e insertos de lat\u00f3n, lo que garantiza una alta calidad y larga duraci\u00f3n.<\/p>\n<p>Dimensi\u00f3n de la base:  680 mm<br \/>Altura m\u00ednima: 500 mm<br \/>Altura m\u00e1xima: 850 mm<br \/>Peso: 2,1 kg<br \/>Color: Negro mate<br \/>Longitud de la pluma: 750 mm<\/p>\n","protected":false},"excerpt":{"rendered":"<p>Soporte de micr\u00f3fono de bajo nivel con brazo articulado y base de nailon tipo tr\u00edpode. Disponible en acabado negro mate. Esta l\u00ednea de soportes para micr\u00f3fonos se ha consolidado como altamente competitiva desde su lanzamiento. Su \u00e9xito reside en el uso de componentes de alta tecnolog\u00eda a precios competitivos, un dise\u00f1o creativo y una gran [&hellip;]<\/p>\n","protected":false},"featured_media":50791,"comment_status":"open","ping_status":"closed","template":"","meta":{"_uag_custom_page_level_css":""},"product_brand":[501],"product_cat":[15],"product_tag":[],"class_list":{"0":"post-50790","1":"product","2":"type-product","3":"status-publish","4":"has-post-thumbnail","6":"product_brand-proel","7":"product_cat-sin-categorizar","9":"first","10":"outofstock","11":"sale","12":"taxable","13":"shipping-taxable","14":"purchasable","15":"product-type-simple"},"uagb_featured_image_src":{"full":["https:\/\/rms-enlinea.com.ar\/wp-content\/uploads\/2025\/07\/D_854810-MLA87238754438_072025-F.jpg",706,1045,false],"thumbnail":["https:\/\/rms-enlinea.com.ar\/wp-content\/uploads\/2025\/07\/D_854810-MLA87238754438_072025-F-150x150.jpg",150,150,true],"medium":["https:\/\/rms-enlinea.com.ar\/wp-content\/uploads\/2025\/07\/D_854810-MLA87238754438_072025-F-203x300.jpg",203,300,true],"medium_large":["https:\/\/rms-enlinea.com.ar\/wp-content\/uploads\/2025\/07\/D_854810-MLA87238754438_072025-F.jpg",706,1045,false],"large":["https:\/\/rms-enlinea.com.ar\/wp-content\/uploads\/2025\/07\/D_854810-MLA87238754438_072025-F-692x1024.jpg",692,1024,true],"1536x1536":["https:\/\/rms-enlinea.com.ar\/wp-content\/uploads\/2025\/07\/D_854810-MLA87238754438_072025-F.jpg",706,1045,false],"2048x2048":["https:\/\/rms-enlinea.com.ar\/wp-content\/uploads\/2025\/07\/D_854810-MLA87238754438_072025-F.jpg",706,1045,false],"woocommerce_thumbnail":["https:\/\/rms-enlinea.com.ar\/wp-content\/uploads\/2025\/07\/D_854810-MLA87238754438_072025-F-450x450.jpg",450,450,true],"woocommerce_single":["https:\/\/rms-enlinea.com.ar\/wp-content\/uploads\/2025\/07\/D_854810-MLA87238754438_072025-F-600x888.jpg",600,888,true],"woocommerce_gallery_thumbnail":["https:\/\/rms-enlinea.com.ar\/wp-content\/uploads\/2025\/07\/D_854810-MLA87238754438_072025-F-100x100.jpg",100,100,true]},"uagb_author_info":{"display_name":"mario","author_link":"https:\/\/rms-enlinea.com.ar\/tienda\/author\/"},"uagb_comment_info":0,"uagb_excerpt":"Soporte de micr\u00f3fono de bajo nivel con brazo articulado y base de nailon tipo tr\u00edpode. Disponible en acabado negro mate. Esta l\u00ednea de soportes para micr\u00f3fonos se ha consolidado como altamente competitiva desde su lanzamiento. Su \u00e9xito reside en el uso de componentes de alta tecnolog\u00eda a precios competitivos, un dise\u00f1o creativo y una gran&hellip;","_links":{"self":[{"href":"https:\/\/rms-enlinea.com.ar\/tienda\/wp-json\/wp\/v2\/product\/50790","targetHints":{"allow":["GET"]}}],"collection":[{"href":"https:\/\/rms-enlinea.com.ar\/tienda\/wp-json\/wp\/v2\/product"}],"about":[{"href":"https:\/\/rms-enlinea.com.ar\/tienda\/wp-json\/wp\/v2\/types\/product"}],"replies":[{"embeddable":true,"href":"https:\/\/rms-enlinea.com.ar\/tienda\/wp-json\/wp\/v2\/comments?post=50790"}],"wp:featuredmedia":[{"embeddable":true,"href":"https:\/\/rms-enlinea.com.ar\/tienda\/wp-json\/wp\/v2\/media\/50791"}],"wp:attachment":[{"href":"https:\/\/rms-enlinea.com.ar\/tienda\/wp-json\/wp\/v2\/media?parent=50790"}],"wp:term":[{"taxonomy":"product_brand","embeddable":true,"href":"https:\/\/rms-enlinea.com.ar\/tienda\/wp-json\/wp\/v2\/product_brand?post=50790"},{"taxonomy":"product_cat","embeddable":true,"href":"https:\/\/rms-enlinea.com.ar\/tienda\/wp-json\/wp\/v2\/product_cat?post=50790"},{"taxonomy":"product_tag","embeddable":true,"href":"https:\/\/rms-enlinea.com.ar\/tienda\/wp-json\/wp\/v2\/product_tag?post=50790"}],"curies":[{"name":"wp","href":"https:\/\/api.w.org\/{rel}","templated":true}]}}