{"id":50817,"date":"2025-07-09T16:30:05","date_gmt":"2025-07-09T19:30:05","guid":{"rendered":"https:\/\/rms-enlinea.com.ar\/tienda\/producto\/cable-plug-mono-5m-63mm-instrumento-dh-by-proel-dhs100lu5\/"},"modified":"2026-04-06T11:37:51","modified_gmt":"2026-04-06T14:37:51","slug":"cable-plug-mono-5m-63mm-instrumento-dh-by-proel-dhs100lu5","status":"publish","type":"product","link":"https:\/\/rms-enlinea.com.ar\/tienda\/producto\/cable-plug-mono-5m-63mm-instrumento-dh-by-proel-dhs100lu5\/","title":{"rendered":"Cable Plug Mono 5m 6,3mm Instrumento Dh By Proel Dhs100lu5"},"content":{"rendered":"<p>Cable de instrumento profesional con conectores mono Die Hard ONEHERO de 6,3 mm de di\u00e1metro. Longitud de 5,0 m. Color negro.<\/p>\n<p>ONEHERO es una nueva serie de cables y conectores prefabricados con un dise\u00f1o \u00fanico y exclusivo, fruto del I+D de PROEL que una vez m\u00e1s, opt\u00f3 por invertir recursos en el dise\u00f1o de herramientas innovadoras y profesionales dedicadas a las crecientes demandas del mercado.<\/p>\n<p>Color: Negro<br \/>Conectores: conectores mono Die Hard ONEHERO de \u00d8 6,3 mm<br \/>Chaqueta general: PVC de alta flexibilidad \u00d8 7,0 mm<br \/>Conductor: Cobre desnudo &#8211; 1 x 0,50 mm2<br \/>1\u00b0 blindaje: PVC DH de alta conductividad<br \/>2\u00b0 blindaje: alambre de cobre esta\u00f1ado trenzado denso &#8211; 128 x 0,10<\/p>\n","protected":false},"excerpt":{"rendered":"<p>Cable de instrumento profesional con conectores mono Die Hard ONEHERO de 6,3 mm de di\u00e1metro. Longitud de 5,0 m. Color negro. ONEHERO es una nueva serie de cables y conectores prefabricados con un dise\u00f1o \u00fanico y exclusivo, fruto del I+D de PROEL que una vez m\u00e1s, opt\u00f3 por invertir recursos en el dise\u00f1o de herramientas [&hellip;]<\/p>\n","protected":false},"featured_media":50804,"comment_status":"open","ping_status":"closed","template":"","meta":{"_uag_custom_page_level_css":""},"product_brand":[501],"product_cat":[57],"product_tag":[],"class_list":{"0":"post-50817","1":"product","2":"type-product","3":"status-publish","4":"has-post-thumbnail","6":"product_brand-proel","7":"product_cat-cables","9":"first","10":"instock","11":"sale","12":"taxable","13":"shipping-taxable","14":"purchasable","15":"product-type-simple"},"uagb_featured_image_src":{"full":["https:\/\/rms-enlinea.com.ar\/wp-content\/uploads\/2025\/07\/D_857387-MLA87243195298_072025-F.jpg",978,530,false],"thumbnail":["https:\/\/rms-enlinea.com.ar\/wp-content\/uploads\/2025\/07\/D_857387-MLA87243195298_072025-F-150x150.jpg",150,150,true],"medium":["https:\/\/rms-enlinea.com.ar\/wp-content\/uploads\/2025\/07\/D_857387-MLA87243195298_072025-F-300x163.jpg",300,163,true],"medium_large":["https:\/\/rms-enlinea.com.ar\/wp-content\/uploads\/2025\/07\/D_857387-MLA87243195298_072025-F-768x416.jpg",768,416,true],"large":["https:\/\/rms-enlinea.com.ar\/wp-content\/uploads\/2025\/07\/D_857387-MLA87243195298_072025-F.jpg",978,530,false],"1536x1536":["https:\/\/rms-enlinea.com.ar\/wp-content\/uploads\/2025\/07\/D_857387-MLA87243195298_072025-F.jpg",978,530,false],"2048x2048":["https:\/\/rms-enlinea.com.ar\/wp-content\/uploads\/2025\/07\/D_857387-MLA87243195298_072025-F.jpg",978,530,false],"woocommerce_thumbnail":["https:\/\/rms-enlinea.com.ar\/wp-content\/uploads\/2025\/07\/D_857387-MLA87243195298_072025-F-450x450.jpg",450,450,true],"woocommerce_single":["https:\/\/rms-enlinea.com.ar\/wp-content\/uploads\/2025\/07\/D_857387-MLA87243195298_072025-F-600x325.jpg",600,325,true],"woocommerce_gallery_thumbnail":["https:\/\/rms-enlinea.com.ar\/wp-content\/uploads\/2025\/07\/D_857387-MLA87243195298_072025-F-100x100.jpg",100,100,true]},"uagb_author_info":{"display_name":"mario","author_link":"https:\/\/rms-enlinea.com.ar\/tienda\/author\/"},"uagb_comment_info":0,"uagb_excerpt":"Cable de instrumento profesional con conectores mono Die Hard ONEHERO de 6,3 mm de di\u00e1metro. Longitud de 5,0 m. Color negro. ONEHERO es una nueva serie de cables y conectores prefabricados con un dise\u00f1o \u00fanico y exclusivo, fruto del I+D de PROEL que una vez m\u00e1s, opt\u00f3 por invertir recursos en el dise\u00f1o de herramientas&hellip;","_links":{"self":[{"href":"https:\/\/rms-enlinea.com.ar\/tienda\/wp-json\/wp\/v2\/product\/50817","targetHints":{"allow":["GET"]}}],"collection":[{"href":"https:\/\/rms-enlinea.com.ar\/tienda\/wp-json\/wp\/v2\/product"}],"about":[{"href":"https:\/\/rms-enlinea.com.ar\/tienda\/wp-json\/wp\/v2\/types\/product"}],"replies":[{"embeddable":true,"href":"https:\/\/rms-enlinea.com.ar\/tienda\/wp-json\/wp\/v2\/comments?post=50817"}],"wp:featuredmedia":[{"embeddable":true,"href":"https:\/\/rms-enlinea.com.ar\/tienda\/wp-json\/wp\/v2\/media\/50804"}],"wp:attachment":[{"href":"https:\/\/rms-enlinea.com.ar\/tienda\/wp-json\/wp\/v2\/media?parent=50817"}],"wp:term":[{"taxonomy":"product_brand","embeddable":true,"href":"https:\/\/rms-enlinea.com.ar\/tienda\/wp-json\/wp\/v2\/product_brand?post=50817"},{"taxonomy":"product_cat","embeddable":true,"href":"https:\/\/rms-enlinea.com.ar\/tienda\/wp-json\/wp\/v2\/product_cat?post=50817"},{"taxonomy":"product_tag","embeddable":true,"href":"https:\/\/rms-enlinea.com.ar\/tienda\/wp-json\/wp\/v2\/product_tag?post=50817"}],"curies":[{"name":"wp","href":"https:\/\/api.w.org\/{rel}","templated":true}]}}