{"id":50819,"date":"2025-07-09T16:50:06","date_gmt":"2025-07-09T19:50:06","guid":{"rendered":"https:\/\/rms-enlinea.com.ar\/tienda\/producto\/auricular-multimedia-mini-plug-eikon-by-proel-hfc30\/"},"modified":"2026-03-31T16:40:59","modified_gmt":"2026-03-31T19:40:59","slug":"auricular-multimedia-mini-plug-eikon-by-proel-hfc30","status":"publish","type":"product","link":"https:\/\/rms-enlinea.com.ar\/tienda\/producto\/auricular-multimedia-mini-plug-eikon-by-proel-hfc30\/","title":{"rendered":"Auricular Multimedia Mini Plug Eikon By Proel Hfc30"},"content":{"rendered":"<p>EIKON HFC30 es un auricular est\u00e9reo din\u00e1mico supraaural adecuado para una multitud de aplicaciones multimedia gracias a su respuesta de frecuencia amplia y lineal.<\/p>\n<p> Ideal para todo tipo de m\u00fasica: graves profundos y equilibrados, m\u00e1xima autenticidad en la reproducci\u00f3n de la voz. Cable de conexi\u00f3n individual con conector de tornillo de 3,5 mm o 6,3 mm.<\/p>\n<p>Im\u00e1n de neodimio din\u00e1mico<br \/>Almohadillas acolchadas suaves, flexibles y c\u00f3modas.<br \/>Ajuste de los auriculares<br \/>Conector est\u00e9reo de 3,5 + 6,3 mm<\/p>\n<p>Tipo\tIm\u00e1n de neodimio din\u00e1mico<br \/>Tama\u00f1o del controlador\t40 mil\u00edmetros<br \/>Rango de frecuencia\t10 &#8211; 20000 Hz<br \/>Nivel de presi\u00f3n sonora (Spl)\t105 \u00b13 dB<br \/>Capacidad de manejo de potencia\t300 MW<br \/>Impedancia nominal\t32 Ohms<br \/>Conector jack\tConector est\u00e9reo de 3,5 + 6,3 mm<br \/>Longitud del cable\t3 metros<br \/>Peso sin cable\t185 gramos<\/p>\n","protected":false},"excerpt":{"rendered":"<p>EIKON HFC30 es un auricular est\u00e9reo din\u00e1mico supraaural adecuado para una multitud de aplicaciones multimedia gracias a su respuesta de frecuencia amplia y lineal. Ideal para todo tipo de m\u00fasica: graves profundos y equilibrados, m\u00e1xima autenticidad en la reproducci\u00f3n de la voz. Cable de conexi\u00f3n individual con conector de tornillo de 3,5 mm o 6,3 [&hellip;]<\/p>\n","protected":false},"featured_media":50820,"comment_status":"open","ping_status":"closed","template":"","meta":{"_uag_custom_page_level_css":""},"product_brand":[501],"product_cat":[15],"product_tag":[],"class_list":{"0":"post-50819","1":"product","2":"type-product","3":"status-publish","4":"has-post-thumbnail","6":"product_brand-proel","7":"product_cat-sin-categorizar","9":"first","10":"outofstock","11":"sale","12":"taxable","13":"shipping-taxable","14":"purchasable","15":"product-type-simple"},"uagb_featured_image_src":{"full":["https:\/\/rms-enlinea.com.ar\/wp-content\/uploads\/2025\/07\/D_853257-MLA87571614049_072025-F.jpg",864,994,false],"thumbnail":["https:\/\/rms-enlinea.com.ar\/wp-content\/uploads\/2025\/07\/D_853257-MLA87571614049_072025-F-150x150.jpg",150,150,true],"medium":["https:\/\/rms-enlinea.com.ar\/wp-content\/uploads\/2025\/07\/D_853257-MLA87571614049_072025-F-261x300.jpg",261,300,true],"medium_large":["https:\/\/rms-enlinea.com.ar\/wp-content\/uploads\/2025\/07\/D_853257-MLA87571614049_072025-F-768x884.jpg",768,884,true],"large":["https:\/\/rms-enlinea.com.ar\/wp-content\/uploads\/2025\/07\/D_853257-MLA87571614049_072025-F.jpg",864,994,false],"1536x1536":["https:\/\/rms-enlinea.com.ar\/wp-content\/uploads\/2025\/07\/D_853257-MLA87571614049_072025-F.jpg",864,994,false],"2048x2048":["https:\/\/rms-enlinea.com.ar\/wp-content\/uploads\/2025\/07\/D_853257-MLA87571614049_072025-F.jpg",864,994,false],"woocommerce_thumbnail":["https:\/\/rms-enlinea.com.ar\/wp-content\/uploads\/2025\/07\/D_853257-MLA87571614049_072025-F-450x450.jpg",450,450,true],"woocommerce_single":["https:\/\/rms-enlinea.com.ar\/wp-content\/uploads\/2025\/07\/D_853257-MLA87571614049_072025-F-600x690.jpg",600,690,true],"woocommerce_gallery_thumbnail":["https:\/\/rms-enlinea.com.ar\/wp-content\/uploads\/2025\/07\/D_853257-MLA87571614049_072025-F-100x100.jpg",100,100,true]},"uagb_author_info":{"display_name":"mario","author_link":"https:\/\/rms-enlinea.com.ar\/tienda\/author\/"},"uagb_comment_info":0,"uagb_excerpt":"EIKON HFC30 es un auricular est\u00e9reo din\u00e1mico supraaural adecuado para una multitud de aplicaciones multimedia gracias a su respuesta de frecuencia amplia y lineal. Ideal para todo tipo de m\u00fasica: graves profundos y equilibrados, m\u00e1xima autenticidad en la reproducci\u00f3n de la voz. Cable de conexi\u00f3n individual con conector de tornillo de 3,5 mm o 6,3&hellip;","_links":{"self":[{"href":"https:\/\/rms-enlinea.com.ar\/tienda\/wp-json\/wp\/v2\/product\/50819","targetHints":{"allow":["GET"]}}],"collection":[{"href":"https:\/\/rms-enlinea.com.ar\/tienda\/wp-json\/wp\/v2\/product"}],"about":[{"href":"https:\/\/rms-enlinea.com.ar\/tienda\/wp-json\/wp\/v2\/types\/product"}],"replies":[{"embeddable":true,"href":"https:\/\/rms-enlinea.com.ar\/tienda\/wp-json\/wp\/v2\/comments?post=50819"}],"wp:featuredmedia":[{"embeddable":true,"href":"https:\/\/rms-enlinea.com.ar\/tienda\/wp-json\/wp\/v2\/media\/50820"}],"wp:attachment":[{"href":"https:\/\/rms-enlinea.com.ar\/tienda\/wp-json\/wp\/v2\/media?parent=50819"}],"wp:term":[{"taxonomy":"product_brand","embeddable":true,"href":"https:\/\/rms-enlinea.com.ar\/tienda\/wp-json\/wp\/v2\/product_brand?post=50819"},{"taxonomy":"product_cat","embeddable":true,"href":"https:\/\/rms-enlinea.com.ar\/tienda\/wp-json\/wp\/v2\/product_cat?post=50819"},{"taxonomy":"product_tag","embeddable":true,"href":"https:\/\/rms-enlinea.com.ar\/tienda\/wp-json\/wp\/v2\/product_tag?post=50819"}],"curies":[{"name":"wp","href":"https:\/\/api.w.org\/{rel}","templated":true}]}}