{"id":50829,"date":"2025-07-09T17:50:05","date_gmt":"2025-07-09T20:50:05","guid":{"rendered":"https:\/\/rms-enlinea.com.ar\/tienda\/producto\/cable-para-instrumento-mono-plug-6-3mm-proel-brv100lu6by\/"},"modified":"2026-04-21T05:35:28","modified_gmt":"2026-04-21T08:35:28","slug":"cable-para-instrumento-mono-plug-6-3mm-proel-brv100lu6by","status":"publish","type":"product","link":"https:\/\/rms-enlinea.com.ar\/tienda\/producto\/cable-para-instrumento-mono-plug-6-3mm-proel-brv100lu6by\/","title":{"rendered":"Cable Para Instrumento Mono Plug 6.3mm Proel Brv100lu6by"},"content":{"rendered":"<p>Cable de instrumento &#8211; Conector mono de 2*6,3 mm &#8211; Funda de PVC flexible &#8211; Acabado en color rojo transparente &#8211; Di\u00e1metro exterior de 7 mm &#8211; Longitud: 6 m<\/p>\n<p>Los cables ensamblados profesionales de la serie BRAVE son una vez m\u00e1s el resultado de la investigaci\u00f3n de Proel en el seguimiento de las evoluciones del mercado. Esta serie se identifica por los materiales utilizados para la realizaci\u00f3n de los productos, desde la m\u00e1s alta calidad de cobre OFC hasta los compuestos especiales de PVC utilizados para la funda y el techo especial de algod\u00f3n que confiere un aspecto vintage a los productos. Por \u00faltimo, pero no menos importante, la caracter\u00edstica distintiva de las fundas con un di\u00e1metro exterior de m\u00e1s de 7 mm. Para el montaje se han utilizado conectores Proel de alta calidad que en los cables de guitarra presentan un techo a trav\u00e9s de una funda termorretr\u00e1ctil. Las variaciones incluidas en esta serie de cables son las m\u00e1s com\u00fanmente utilizadas para conexiones de guitarra y micr\u00f3fono y permiten la disponibilidad de diferentes colores y acabados.<\/p>\n","protected":false},"excerpt":{"rendered":"<p>Cable de instrumento &#8211; Conector mono de 2*6,3 mm &#8211; Funda de PVC flexible &#8211; Acabado en color rojo transparente &#8211; Di\u00e1metro exterior de 7 mm &#8211; Longitud: 6 m Los cables ensamblados profesionales de la serie BRAVE son una vez m\u00e1s el resultado de la investigaci\u00f3n de Proel en el seguimiento de las evoluciones [&hellip;]<\/p>\n","protected":false},"featured_media":50830,"comment_status":"open","ping_status":"closed","template":"","meta":{"_uag_custom_page_level_css":""},"product_brand":[501],"product_cat":[57],"product_tag":[],"class_list":{"0":"post-50829","1":"product","2":"type-product","3":"status-publish","4":"has-post-thumbnail","6":"product_brand-proel","7":"product_cat-cables","9":"first","10":"outofstock","11":"sale","12":"taxable","13":"shipping-taxable","14":"purchasable","15":"product-type-simple"},"uagb_featured_image_src":{"full":["https:\/\/rms-enlinea.com.ar\/wp-content\/uploads\/2025\/07\/D_700000-MLA87246931848_072025-F.jpg",1200,537,false],"thumbnail":["https:\/\/rms-enlinea.com.ar\/wp-content\/uploads\/2025\/07\/D_700000-MLA87246931848_072025-F-150x150.jpg",150,150,true],"medium":["https:\/\/rms-enlinea.com.ar\/wp-content\/uploads\/2025\/07\/D_700000-MLA87246931848_072025-F-300x134.jpg",300,134,true],"medium_large":["https:\/\/rms-enlinea.com.ar\/wp-content\/uploads\/2025\/07\/D_700000-MLA87246931848_072025-F-768x344.jpg",768,344,true],"large":["https:\/\/rms-enlinea.com.ar\/wp-content\/uploads\/2025\/07\/D_700000-MLA87246931848_072025-F-1024x458.jpg",1024,458,true],"1536x1536":["https:\/\/rms-enlinea.com.ar\/wp-content\/uploads\/2025\/07\/D_700000-MLA87246931848_072025-F.jpg",1200,537,false],"2048x2048":["https:\/\/rms-enlinea.com.ar\/wp-content\/uploads\/2025\/07\/D_700000-MLA87246931848_072025-F.jpg",1200,537,false],"woocommerce_thumbnail":["https:\/\/rms-enlinea.com.ar\/wp-content\/uploads\/2025\/07\/D_700000-MLA87246931848_072025-F-450x450.jpg",450,450,true],"woocommerce_single":["https:\/\/rms-enlinea.com.ar\/wp-content\/uploads\/2025\/07\/D_700000-MLA87246931848_072025-F-600x269.jpg",600,269,true],"woocommerce_gallery_thumbnail":["https:\/\/rms-enlinea.com.ar\/wp-content\/uploads\/2025\/07\/D_700000-MLA87246931848_072025-F-100x100.jpg",100,100,true]},"uagb_author_info":{"display_name":"mario","author_link":"https:\/\/rms-enlinea.com.ar\/tienda\/author\/"},"uagb_comment_info":0,"uagb_excerpt":"Cable de instrumento &#8211; Conector mono de 2*6,3 mm &#8211; Funda de PVC flexible &#8211; Acabado en color rojo transparente &#8211; Di\u00e1metro exterior de 7 mm &#8211; Longitud: 6 m Los cables ensamblados profesionales de la serie BRAVE son una vez m\u00e1s el resultado de la investigaci\u00f3n de Proel en el seguimiento de las evoluciones&hellip;","_links":{"self":[{"href":"https:\/\/rms-enlinea.com.ar\/tienda\/wp-json\/wp\/v2\/product\/50829","targetHints":{"allow":["GET"]}}],"collection":[{"href":"https:\/\/rms-enlinea.com.ar\/tienda\/wp-json\/wp\/v2\/product"}],"about":[{"href":"https:\/\/rms-enlinea.com.ar\/tienda\/wp-json\/wp\/v2\/types\/product"}],"replies":[{"embeddable":true,"href":"https:\/\/rms-enlinea.com.ar\/tienda\/wp-json\/wp\/v2\/comments?post=50829"}],"wp:featuredmedia":[{"embeddable":true,"href":"https:\/\/rms-enlinea.com.ar\/tienda\/wp-json\/wp\/v2\/media\/50830"}],"wp:attachment":[{"href":"https:\/\/rms-enlinea.com.ar\/tienda\/wp-json\/wp\/v2\/media?parent=50829"}],"wp:term":[{"taxonomy":"product_brand","embeddable":true,"href":"https:\/\/rms-enlinea.com.ar\/tienda\/wp-json\/wp\/v2\/product_brand?post=50829"},{"taxonomy":"product_cat","embeddable":true,"href":"https:\/\/rms-enlinea.com.ar\/tienda\/wp-json\/wp\/v2\/product_cat?post=50829"},{"taxonomy":"product_tag","embeddable":true,"href":"https:\/\/rms-enlinea.com.ar\/tienda\/wp-json\/wp\/v2\/product_tag?post=50829"}],"curies":[{"name":"wp","href":"https:\/\/api.w.org\/{rel}","templated":true}]}}