{"id":50847,"date":"2025-07-09T19:20:06","date_gmt":"2025-07-09T22:20:06","guid":{"rendered":"https:\/\/rms-enlinea.com.ar\/tienda\/producto\/camara-de-vigilancia-bullet-2mp-color-vu-hilook-thc-b129-m\/"},"modified":"2026-04-10T09:20:14","modified_gmt":"2026-04-10T12:20:14","slug":"camara-de-vigilancia-bullet-2mp-color-vu-hilook-thc-b129-m","status":"publish","type":"product","link":"https:\/\/rms-enlinea.com.ar\/tienda\/producto\/camara-de-vigilancia-bullet-2mp-color-vu-hilook-thc-b129-m\/","title":{"rendered":"Camara De Vigilancia Bullet 2mp Color Vu Hilook Thc-b129-m"},"content":{"rendered":"<p>C\u00e1mara<br \/>Sensor de imagen<br \/>2 MP CMOS<br \/>Max. Resoluci\u00f3n<br \/>1920 (H) \u00d7 1080 (V)<br \/>Se\u00f1al del sistema<br \/>PAL\/NTSC<br \/>Frame Rate<br \/>TVI: 1080p@25fps\/30fps<\/p>\n<p>CVI: 1080p@25fps\/30fps<\/p>\n<p>AHD:1080p@25fps\/30fps<\/p>\n<p>CVBS: PAL\/NTSC<\/p>\n","protected":false},"excerpt":{"rendered":"<p>C\u00e1maraSensor de imagen2 MP CMOSMax. Resoluci\u00f3n1920 (H) \u00d7 1080 (V)Se\u00f1al del sistemaPAL\/NTSCFrame RateTVI: 1080p@25fps\/30fps CVI: 1080p@25fps\/30fps AHD:1080p@25fps\/30fps CVBS: PAL\/NTSC<\/p>\n","protected":false},"featured_media":50848,"comment_status":"open","ping_status":"closed","template":"","meta":{"_uag_custom_page_level_css":""},"product_brand":[473],"product_cat":[32],"product_tag":[],"class_list":{"0":"post-50847","1":"product","2":"type-product","3":"status-publish","4":"has-post-thumbnail","6":"product_brand-hikvision","7":"product_cat-seguridad","9":"first","10":"outofstock","11":"sale","12":"taxable","13":"shipping-taxable","14":"purchasable","15":"product-type-simple"},"uagb_featured_image_src":{"full":["https:\/\/rms-enlinea.com.ar\/wp-content\/uploads\/2025\/07\/D_879627-MLA87249214400_072025-F.jpg",869,477,false],"thumbnail":["https:\/\/rms-enlinea.com.ar\/wp-content\/uploads\/2025\/07\/D_879627-MLA87249214400_072025-F-150x150.jpg",150,150,true],"medium":["https:\/\/rms-enlinea.com.ar\/wp-content\/uploads\/2025\/07\/D_879627-MLA87249214400_072025-F-300x165.jpg",300,165,true],"medium_large":["https:\/\/rms-enlinea.com.ar\/wp-content\/uploads\/2025\/07\/D_879627-MLA87249214400_072025-F-768x422.jpg",768,422,true],"large":["https:\/\/rms-enlinea.com.ar\/wp-content\/uploads\/2025\/07\/D_879627-MLA87249214400_072025-F.jpg",869,477,false],"1536x1536":["https:\/\/rms-enlinea.com.ar\/wp-content\/uploads\/2025\/07\/D_879627-MLA87249214400_072025-F.jpg",869,477,false],"2048x2048":["https:\/\/rms-enlinea.com.ar\/wp-content\/uploads\/2025\/07\/D_879627-MLA87249214400_072025-F.jpg",869,477,false],"woocommerce_thumbnail":["https:\/\/rms-enlinea.com.ar\/wp-content\/uploads\/2025\/07\/D_879627-MLA87249214400_072025-F-450x450.jpg",450,450,true],"woocommerce_single":["https:\/\/rms-enlinea.com.ar\/wp-content\/uploads\/2025\/07\/D_879627-MLA87249214400_072025-F-600x329.jpg",600,329,true],"woocommerce_gallery_thumbnail":["https:\/\/rms-enlinea.com.ar\/wp-content\/uploads\/2025\/07\/D_879627-MLA87249214400_072025-F-100x100.jpg",100,100,true]},"uagb_author_info":{"display_name":"nelson","author_link":"https:\/\/rms-enlinea.com.ar\/tienda\/author\/"},"uagb_comment_info":0,"uagb_excerpt":"C\u00e1maraSensor de imagen2 MP CMOSMax. Resoluci\u00f3n1920 (H) \u00d7 1080 (V)Se\u00f1al del sistemaPAL\/NTSCFrame RateTVI: 1080p@25fps\/30fps CVI: 1080p@25fps\/30fps AHD:1080p@25fps\/30fps CVBS: PAL\/NTSC","_links":{"self":[{"href":"https:\/\/rms-enlinea.com.ar\/tienda\/wp-json\/wp\/v2\/product\/50847","targetHints":{"allow":["GET"]}}],"collection":[{"href":"https:\/\/rms-enlinea.com.ar\/tienda\/wp-json\/wp\/v2\/product"}],"about":[{"href":"https:\/\/rms-enlinea.com.ar\/tienda\/wp-json\/wp\/v2\/types\/product"}],"replies":[{"embeddable":true,"href":"https:\/\/rms-enlinea.com.ar\/tienda\/wp-json\/wp\/v2\/comments?post=50847"}],"wp:featuredmedia":[{"embeddable":true,"href":"https:\/\/rms-enlinea.com.ar\/tienda\/wp-json\/wp\/v2\/media\/50848"}],"wp:attachment":[{"href":"https:\/\/rms-enlinea.com.ar\/tienda\/wp-json\/wp\/v2\/media?parent=50847"}],"wp:term":[{"taxonomy":"product_brand","embeddable":true,"href":"https:\/\/rms-enlinea.com.ar\/tienda\/wp-json\/wp\/v2\/product_brand?post=50847"},{"taxonomy":"product_cat","embeddable":true,"href":"https:\/\/rms-enlinea.com.ar\/tienda\/wp-json\/wp\/v2\/product_cat?post=50847"},{"taxonomy":"product_tag","embeddable":true,"href":"https:\/\/rms-enlinea.com.ar\/tienda\/wp-json\/wp\/v2\/product_tag?post=50847"}],"curies":[{"name":"wp","href":"https:\/\/api.w.org\/{rel}","templated":true}]}}