{"id":50874,"date":"2025-07-09T22:30:08","date_gmt":"2025-07-10T01:30:08","guid":{"rendered":"https:\/\/rms-enlinea.com.ar\/tienda\/producto\/camara-bullet-ip-2mp-fullhd-ir-30m-hilook-ipc-b121h\/"},"modified":"2026-04-13T17:30:16","modified_gmt":"2026-04-13T20:30:16","slug":"camara-bullet-ip-2mp-fullhd-ir-30m-hilook-ipc-b121h","status":"publish","type":"product","link":"https:\/\/rms-enlinea.com.ar\/tienda\/producto\/camara-bullet-ip-2mp-fullhd-ir-30m-hilook-ipc-b121h\/","title":{"rendered":"Camara Bullet Ip 2mp Fullhd Ir 30m Hilook Ipc-b121h"},"content":{"rendered":"<p>C\u00e1mara<br \/>Sensor de imagen<br \/>1\/2.7&#8243; Progressive Scan CMOS<br \/>Max. Resoluci\u00f3n<br \/>1920 \u00d7 1080<br \/>Iluminaci\u00f3n m\u00ednima<br \/>Color: 0.01 Lux @(F2.0, AGC ON), B\/W: 0 Lux with IR<br \/>Tiempo de obturaci\u00f3n<br \/>1\/3 s to 1\/100, 000 s<br \/>D\u00eda y Noche<br \/>IR cut filter<br \/>Ajuste de \u00e1ngulo<br \/>Pan: 0\u00b0 to 360\u00b0, tilt: 0\u00b0 to 180\u00b0, rotate: 0\u00b0 to 360\u00b0<\/p>\n","protected":false},"excerpt":{"rendered":"<p>C\u00e1maraSensor de imagen1\/2.7&#8243; Progressive Scan CMOSMax. Resoluci\u00f3n1920 \u00d7 1080Iluminaci\u00f3n m\u00ednimaColor: 0.01 Lux @(F2.0, AGC ON), B\/W: 0 Lux with IRTiempo de obturaci\u00f3n1\/3 s to 1\/100, 000 sD\u00eda y NocheIR cut filterAjuste de \u00e1nguloPan: 0\u00b0 to 360\u00b0, tilt: 0\u00b0 to 180\u00b0, rotate: 0\u00b0 to 360\u00b0<\/p>\n","protected":false},"featured_media":50875,"comment_status":"open","ping_status":"closed","template":"","meta":{"_uag_custom_page_level_css":""},"product_brand":[473],"product_cat":[32],"product_tag":[],"class_list":{"0":"post-50874","1":"product","2":"type-product","3":"status-publish","4":"has-post-thumbnail","6":"product_brand-hikvision","7":"product_cat-seguridad","9":"first","10":"instock","11":"sale","12":"taxable","13":"shipping-taxable","14":"purchasable","15":"product-type-simple"},"uagb_featured_image_src":{"full":["https:\/\/rms-enlinea.com.ar\/wp-content\/uploads\/2025\/07\/D_654633-MLU73568815898_122023-F.jpg",1200,485,false],"thumbnail":["https:\/\/rms-enlinea.com.ar\/wp-content\/uploads\/2025\/07\/D_654633-MLU73568815898_122023-F-150x150.jpg",150,150,true],"medium":["https:\/\/rms-enlinea.com.ar\/wp-content\/uploads\/2025\/07\/D_654633-MLU73568815898_122023-F-300x121.jpg",300,121,true],"medium_large":["https:\/\/rms-enlinea.com.ar\/wp-content\/uploads\/2025\/07\/D_654633-MLU73568815898_122023-F-768x310.jpg",768,310,true],"large":["https:\/\/rms-enlinea.com.ar\/wp-content\/uploads\/2025\/07\/D_654633-MLU73568815898_122023-F-1024x414.jpg",1024,414,true],"1536x1536":["https:\/\/rms-enlinea.com.ar\/wp-content\/uploads\/2025\/07\/D_654633-MLU73568815898_122023-F.jpg",1200,485,false],"2048x2048":["https:\/\/rms-enlinea.com.ar\/wp-content\/uploads\/2025\/07\/D_654633-MLU73568815898_122023-F.jpg",1200,485,false],"woocommerce_thumbnail":["https:\/\/rms-enlinea.com.ar\/wp-content\/uploads\/2025\/07\/D_654633-MLU73568815898_122023-F-450x450.jpg",450,450,true],"woocommerce_single":["https:\/\/rms-enlinea.com.ar\/wp-content\/uploads\/2025\/07\/D_654633-MLU73568815898_122023-F-600x243.jpg",600,243,true],"woocommerce_gallery_thumbnail":["https:\/\/rms-enlinea.com.ar\/wp-content\/uploads\/2025\/07\/D_654633-MLU73568815898_122023-F-100x100.jpg",100,100,true]},"uagb_author_info":{"display_name":"nelson","author_link":"https:\/\/rms-enlinea.com.ar\/tienda\/author\/"},"uagb_comment_info":0,"uagb_excerpt":"C\u00e1maraSensor de imagen1\/2.7&#8243; Progressive Scan CMOSMax. Resoluci\u00f3n1920 \u00d7 1080Iluminaci\u00f3n m\u00ednimaColor: 0.01 Lux @(F2.0, AGC ON), B\/W: 0 Lux with IRTiempo de obturaci\u00f3n1\/3 s to 1\/100, 000 sD\u00eda y NocheIR cut filterAjuste de \u00e1nguloPan: 0\u00b0 to 360\u00b0, tilt: 0\u00b0 to 180\u00b0, rotate: 0\u00b0 to 360\u00b0","_links":{"self":[{"href":"https:\/\/rms-enlinea.com.ar\/tienda\/wp-json\/wp\/v2\/product\/50874","targetHints":{"allow":["GET"]}}],"collection":[{"href":"https:\/\/rms-enlinea.com.ar\/tienda\/wp-json\/wp\/v2\/product"}],"about":[{"href":"https:\/\/rms-enlinea.com.ar\/tienda\/wp-json\/wp\/v2\/types\/product"}],"replies":[{"embeddable":true,"href":"https:\/\/rms-enlinea.com.ar\/tienda\/wp-json\/wp\/v2\/comments?post=50874"}],"wp:featuredmedia":[{"embeddable":true,"href":"https:\/\/rms-enlinea.com.ar\/tienda\/wp-json\/wp\/v2\/media\/50875"}],"wp:attachment":[{"href":"https:\/\/rms-enlinea.com.ar\/tienda\/wp-json\/wp\/v2\/media?parent=50874"}],"wp:term":[{"taxonomy":"product_brand","embeddable":true,"href":"https:\/\/rms-enlinea.com.ar\/tienda\/wp-json\/wp\/v2\/product_brand?post=50874"},{"taxonomy":"product_cat","embeddable":true,"href":"https:\/\/rms-enlinea.com.ar\/tienda\/wp-json\/wp\/v2\/product_cat?post=50874"},{"taxonomy":"product_tag","embeddable":true,"href":"https:\/\/rms-enlinea.com.ar\/tienda\/wp-json\/wp\/v2\/product_tag?post=50874"}],"curies":[{"name":"wp","href":"https:\/\/api.w.org\/{rel}","templated":true}]}}