{"id":50900,"date":"2025-07-09T23:00:16","date_gmt":"2025-07-10T02:00:16","guid":{"rendered":"https:\/\/rms-enlinea.com.ar\/tienda\/producto\/camara-domo-ip-2mp-fhd-ir-30m-colorvu-poe-hilook-ipc-d129h\/"},"modified":"2026-03-31T19:48:40","modified_gmt":"2026-03-31T22:48:40","slug":"camara-domo-ip-2mp-fhd-ir-30m-colorvu-poe-hilook-ipc-d129h","status":"publish","type":"product","link":"https:\/\/rms-enlinea.com.ar\/tienda\/producto\/camara-domo-ip-2mp-fhd-ir-30m-colorvu-poe-hilook-ipc-d129h\/","title":{"rendered":"Camara Domo Ip 2mp Fhd Ir 30m Colorvu Poe Hilook Ipc-d129h"},"content":{"rendered":"<p>C\u00e1mara<br \/>Sensor de imagen<br \/>1\/2.8&#8243; Progressive Scan CMOS<br \/>Max. Resoluci\u00f3n<br \/>1920 \u00d7 1080<br \/>Iluminaci\u00f3n m\u00ednima<br \/>Color: 0.001 Lux @ (F1.0, AGC ON),0 Lux with light<br \/>Tiempo de obturaci\u00f3n<br \/>1\/3 s to 1\/100,000 s<br \/>D\u00eda y Noche<br \/>24\/7 color imaging<br \/>Ajuste de \u00e1ngulo<br \/>Pan: 0\u00b0 to 355\u00b0,tilt: 0\u00b0 to 75\u00b0,rotate: 0\u00b0 to 355\u00b0<\/p>\n","protected":false},"excerpt":{"rendered":"<p>C\u00e1maraSensor de imagen1\/2.8&#8243; Progressive Scan CMOSMax. Resoluci\u00f3n1920 \u00d7 1080Iluminaci\u00f3n m\u00ednimaColor: 0.001 Lux @ (F1.0, AGC ON),0 Lux with lightTiempo de obturaci\u00f3n1\/3 s to 1\/100,000 sD\u00eda y Noche24\/7 color imagingAjuste de \u00e1nguloPan: 0\u00b0 to 355\u00b0,tilt: 0\u00b0 to 75\u00b0,rotate: 0\u00b0 to 355\u00b0<\/p>\n","protected":false},"featured_media":50901,"comment_status":"open","ping_status":"closed","template":"","meta":{"_uag_custom_page_level_css":""},"product_brand":[473],"product_cat":[32],"product_tag":[],"class_list":{"0":"post-50900","1":"product","2":"type-product","3":"status-publish","4":"has-post-thumbnail","6":"product_brand-hikvision","7":"product_cat-seguridad","9":"first","10":"outofstock","11":"sale","12":"taxable","13":"shipping-taxable","14":"purchasable","15":"product-type-simple"},"uagb_featured_image_src":{"full":["https:\/\/rms-enlinea.com.ar\/wp-content\/uploads\/2025\/07\/D_902161-MLA87583365829_072025-F.jpg",853,832,false],"thumbnail":["https:\/\/rms-enlinea.com.ar\/wp-content\/uploads\/2025\/07\/D_902161-MLA87583365829_072025-F-150x150.jpg",150,150,true],"medium":["https:\/\/rms-enlinea.com.ar\/wp-content\/uploads\/2025\/07\/D_902161-MLA87583365829_072025-F-300x293.jpg",300,293,true],"medium_large":["https:\/\/rms-enlinea.com.ar\/wp-content\/uploads\/2025\/07\/D_902161-MLA87583365829_072025-F-768x749.jpg",768,749,true],"large":["https:\/\/rms-enlinea.com.ar\/wp-content\/uploads\/2025\/07\/D_902161-MLA87583365829_072025-F.jpg",853,832,false],"1536x1536":["https:\/\/rms-enlinea.com.ar\/wp-content\/uploads\/2025\/07\/D_902161-MLA87583365829_072025-F.jpg",853,832,false],"2048x2048":["https:\/\/rms-enlinea.com.ar\/wp-content\/uploads\/2025\/07\/D_902161-MLA87583365829_072025-F.jpg",853,832,false],"woocommerce_thumbnail":["https:\/\/rms-enlinea.com.ar\/wp-content\/uploads\/2025\/07\/D_902161-MLA87583365829_072025-F-450x450.jpg",450,450,true],"woocommerce_single":["https:\/\/rms-enlinea.com.ar\/wp-content\/uploads\/2025\/07\/D_902161-MLA87583365829_072025-F-600x585.jpg",600,585,true],"woocommerce_gallery_thumbnail":["https:\/\/rms-enlinea.com.ar\/wp-content\/uploads\/2025\/07\/D_902161-MLA87583365829_072025-F-100x100.jpg",100,100,true]},"uagb_author_info":{"display_name":"nelson","author_link":"https:\/\/rms-enlinea.com.ar\/tienda\/author\/"},"uagb_comment_info":0,"uagb_excerpt":"C\u00e1maraSensor de imagen1\/2.8&#8243; Progressive Scan CMOSMax. Resoluci\u00f3n1920 \u00d7 1080Iluminaci\u00f3n m\u00ednimaColor: 0.001 Lux @ (F1.0, AGC ON),0 Lux with lightTiempo de obturaci\u00f3n1\/3 s to 1\/100,000 sD\u00eda y Noche24\/7 color imagingAjuste de \u00e1nguloPan: 0\u00b0 to 355\u00b0,tilt: 0\u00b0 to 75\u00b0,rotate: 0\u00b0 to 355\u00b0","_links":{"self":[{"href":"https:\/\/rms-enlinea.com.ar\/tienda\/wp-json\/wp\/v2\/product\/50900","targetHints":{"allow":["GET"]}}],"collection":[{"href":"https:\/\/rms-enlinea.com.ar\/tienda\/wp-json\/wp\/v2\/product"}],"about":[{"href":"https:\/\/rms-enlinea.com.ar\/tienda\/wp-json\/wp\/v2\/types\/product"}],"replies":[{"embeddable":true,"href":"https:\/\/rms-enlinea.com.ar\/tienda\/wp-json\/wp\/v2\/comments?post=50900"}],"wp:featuredmedia":[{"embeddable":true,"href":"https:\/\/rms-enlinea.com.ar\/tienda\/wp-json\/wp\/v2\/media\/50901"}],"wp:attachment":[{"href":"https:\/\/rms-enlinea.com.ar\/tienda\/wp-json\/wp\/v2\/media?parent=50900"}],"wp:term":[{"taxonomy":"product_brand","embeddable":true,"href":"https:\/\/rms-enlinea.com.ar\/tienda\/wp-json\/wp\/v2\/product_brand?post=50900"},{"taxonomy":"product_cat","embeddable":true,"href":"https:\/\/rms-enlinea.com.ar\/tienda\/wp-json\/wp\/v2\/product_cat?post=50900"},{"taxonomy":"product_tag","embeddable":true,"href":"https:\/\/rms-enlinea.com.ar\/tienda\/wp-json\/wp\/v2\/product_tag?post=50900"}],"curies":[{"name":"wp","href":"https:\/\/api.w.org\/{rel}","templated":true}]}}