{"id":50917,"date":"2025-07-09T23:50:06","date_gmt":"2025-07-10T02:50:06","guid":{"rendered":"https:\/\/rms-enlinea.com.ar\/tienda\/producto\/camara-domo-2mp-fhd-ir-20m-2-8mm-hilook-thc-t120-m\/"},"modified":"2026-03-31T18:14:32","modified_gmt":"2026-03-31T21:14:32","slug":"camara-domo-2mp-fhd-ir-20m-2-8mm-hilook-thc-t120-m","status":"publish","type":"product","link":"https:\/\/rms-enlinea.com.ar\/tienda\/producto\/camara-domo-2mp-fhd-ir-20m-2-8mm-hilook-thc-t120-m\/","title":{"rendered":"Camara Domo 2mp Fhd Ir 20m 2.8mm Hilook Thc-t120-m"},"content":{"rendered":"<p>C\u00e1mara<br \/>Sensor de imagen<br \/>2 MP CMOS<br \/>Max. Resoluci\u00f3n<br \/>1920 (H) \u00d7 1080 (V)<br \/>Iluminaci\u00f3n m\u00ednima<br \/>0.01 Lux@(F2.0, AGC ON), 0 Lux with IR<br \/>Tiempo de obturaci\u00f3n<br \/>PAL: 1\/25 s to 1\/50,000 s;NTSC: 1\/30 s to 1\/50,000 s<br \/>D\u00eda y Noche<br \/>IR Cut Filter<br \/>Ajuste de \u00e1ngulo<br \/>Pan: 0 to 360\u00b0, Tilt: 0 to 75\u00b0, Rotation: 0 to 360\u00b0<br \/>Se\u00f1al del sistema<br \/>PAL\/NTSC<\/p>\n","protected":false},"excerpt":{"rendered":"<p>C\u00e1maraSensor de imagen2 MP CMOSMax. Resoluci\u00f3n1920 (H) \u00d7 1080 (V)Iluminaci\u00f3n m\u00ednima0.01 Lux@(F2.0, AGC ON), 0 Lux with IRTiempo de obturaci\u00f3nPAL: 1\/25 s to 1\/50,000 s;NTSC: 1\/30 s to 1\/50,000 sD\u00eda y NocheIR Cut FilterAjuste de \u00e1nguloPan: 0 to 360\u00b0, Tilt: 0 to 75\u00b0, Rotation: 0 to 360\u00b0Se\u00f1al del sistemaPAL\/NTSC<\/p>\n","protected":false},"featured_media":50918,"comment_status":"open","ping_status":"closed","template":"","meta":{"_uag_custom_page_level_css":""},"product_brand":[473],"product_cat":[32],"product_tag":[],"class_list":{"0":"post-50917","1":"product","2":"type-product","3":"status-publish","4":"has-post-thumbnail","6":"product_brand-hikvision","7":"product_cat-seguridad","9":"first","10":"outofstock","11":"sale","12":"taxable","13":"shipping-taxable","14":"purchasable","15":"product-type-simple"},"uagb_featured_image_src":{"full":["https:\/\/rms-enlinea.com.ar\/wp-content\/uploads\/2025\/07\/D_676525-MLA87257562262_072025-F.jpg",422,371,false],"thumbnail":["https:\/\/rms-enlinea.com.ar\/wp-content\/uploads\/2025\/07\/D_676525-MLA87257562262_072025-F-150x150.jpg",150,150,true],"medium":["https:\/\/rms-enlinea.com.ar\/wp-content\/uploads\/2025\/07\/D_676525-MLA87257562262_072025-F-300x264.jpg",300,264,true],"medium_large":["https:\/\/rms-enlinea.com.ar\/wp-content\/uploads\/2025\/07\/D_676525-MLA87257562262_072025-F.jpg",422,371,false],"large":["https:\/\/rms-enlinea.com.ar\/wp-content\/uploads\/2025\/07\/D_676525-MLA87257562262_072025-F.jpg",422,371,false],"1536x1536":["https:\/\/rms-enlinea.com.ar\/wp-content\/uploads\/2025\/07\/D_676525-MLA87257562262_072025-F.jpg",422,371,false],"2048x2048":["https:\/\/rms-enlinea.com.ar\/wp-content\/uploads\/2025\/07\/D_676525-MLA87257562262_072025-F.jpg",422,371,false],"woocommerce_thumbnail":["https:\/\/rms-enlinea.com.ar\/wp-content\/uploads\/2025\/07\/D_676525-MLA87257562262_072025-F.jpg",422,371,false],"woocommerce_single":["https:\/\/rms-enlinea.com.ar\/wp-content\/uploads\/2025\/07\/D_676525-MLA87257562262_072025-F.jpg",422,371,false],"woocommerce_gallery_thumbnail":["https:\/\/rms-enlinea.com.ar\/wp-content\/uploads\/2025\/07\/D_676525-MLA87257562262_072025-F-100x100.jpg",100,100,true]},"uagb_author_info":{"display_name":"nelson","author_link":"https:\/\/rms-enlinea.com.ar\/tienda\/author\/"},"uagb_comment_info":0,"uagb_excerpt":"C\u00e1maraSensor de imagen2 MP CMOSMax. Resoluci\u00f3n1920 (H) \u00d7 1080 (V)Iluminaci\u00f3n m\u00ednima0.01 Lux@(F2.0, AGC ON), 0 Lux with IRTiempo de obturaci\u00f3nPAL: 1\/25 s to 1\/50,000 s;NTSC: 1\/30 s to 1\/50,000 sD\u00eda y NocheIR Cut FilterAjuste de \u00e1nguloPan: 0 to 360\u00b0, Tilt: 0 to 75\u00b0, Rotation: 0 to 360\u00b0Se\u00f1al del sistemaPAL\/NTSC","_links":{"self":[{"href":"https:\/\/rms-enlinea.com.ar\/tienda\/wp-json\/wp\/v2\/product\/50917","targetHints":{"allow":["GET"]}}],"collection":[{"href":"https:\/\/rms-enlinea.com.ar\/tienda\/wp-json\/wp\/v2\/product"}],"about":[{"href":"https:\/\/rms-enlinea.com.ar\/tienda\/wp-json\/wp\/v2\/types\/product"}],"replies":[{"embeddable":true,"href":"https:\/\/rms-enlinea.com.ar\/tienda\/wp-json\/wp\/v2\/comments?post=50917"}],"wp:featuredmedia":[{"embeddable":true,"href":"https:\/\/rms-enlinea.com.ar\/tienda\/wp-json\/wp\/v2\/media\/50918"}],"wp:attachment":[{"href":"https:\/\/rms-enlinea.com.ar\/tienda\/wp-json\/wp\/v2\/media?parent=50917"}],"wp:term":[{"taxonomy":"product_brand","embeddable":true,"href":"https:\/\/rms-enlinea.com.ar\/tienda\/wp-json\/wp\/v2\/product_brand?post=50917"},{"taxonomy":"product_cat","embeddable":true,"href":"https:\/\/rms-enlinea.com.ar\/tienda\/wp-json\/wp\/v2\/product_cat?post=50917"},{"taxonomy":"product_tag","embeddable":true,"href":"https:\/\/rms-enlinea.com.ar\/tienda\/wp-json\/wp\/v2\/product_tag?post=50917"}],"curies":[{"name":"wp","href":"https:\/\/api.w.org\/{rel}","templated":true}]}}