{"id":50930,"date":"2025-07-10T00:10:07","date_gmt":"2025-07-10T03:10:07","guid":{"rendered":"https:\/\/rms-enlinea.com.ar\/tienda\/producto\/dvr-16-canales-1080p-lite-1u-h265-hilook-dvr-216g-m1\/"},"modified":"2026-04-21T05:39:42","modified_gmt":"2026-04-21T08:39:42","slug":"dvr-16-canales-1080p-lite-1u-h265-hilook-dvr-216g-m1","status":"publish","type":"product","link":"https:\/\/rms-enlinea.com.ar\/tienda\/producto\/dvr-16-canales-1080p-lite-1u-h265-hilook-dvr-216g-m1\/","title":{"rendered":"Dvr 16 Canales 1080p Lite 1u H265 Hilook Dvr-216g-m1"},"content":{"rendered":"<p>El DVR 16 CANALES 1080P LITE 1U H265 HILOOK DVR-216G-M1 es una soluci\u00f3n avanzada para la vigilancia y seguridad, ideal para hogares y negocios. Con la capacidad de gestionar hasta 16 c\u00e1maras, este dispositivo asegura una cobertura completa de los espacios que deseas proteger, proporcionando una resoluci\u00f3n Full HD de 1080p para obtener im\u00e1genes n\u00edtidas y claras.<\/p>\n<p>Dise\u00f1ado para ser f\u00e1cil de usar, este grabador cuenta con conectores de salida HDMI y VGA, garantizando que puedas conectarlo a la pantalla que prefieras. Su capacidad de almacenamiento de hasta 4 TB ofrece flexibilidad para archivar material de video extenso, permitiendo un seguimiento detallado y accesible de tus grabaciones.<\/p>\n<p>Compatible con sistemas operativos iOS y Android, permite un control c\u00f3modo mediante mouse, brindando una experiencia intuitiva en la gesti\u00f3n de tus c\u00e1maras. Con dimensiones compactas y un peso ligero de 1.1 kg, el DVR-216G-M1 se adapta perfectamente a cualquier lugar, facilitando su integraci\u00f3n en diferentes entornos de trabajo.<\/p>\n<p>Opta por este grabador DVR de HiLook y lleva la seguridad de tu entorno al siguiente nivel, asegurando la tranquilidad que necesitas con tecnolog\u00eda de alta definici\u00f3n. Permite tener la visualizaci\u00f3n y control de tus espacios de manera eficiente y con la calidad que solo HiLook puede ofrecer.<\/p>\n","protected":false},"excerpt":{"rendered":"<p>El DVR 16 CANALES 1080P LITE 1U H265 HILOOK DVR-216G-M1 es una soluci\u00f3n avanzada para la vigilancia y seguridad, ideal para hogares y negocios. Con la capacidad de gestionar hasta 16 c\u00e1maras, este dispositivo asegura una cobertura completa de los espacios que deseas proteger, proporcionando una resoluci\u00f3n Full HD de 1080p para obtener im\u00e1genes n\u00edtidas [&hellip;]<\/p>\n","protected":false},"featured_media":50931,"comment_status":"open","ping_status":"closed","template":"","meta":{"_uag_custom_page_level_css":""},"product_brand":[473],"product_cat":[32],"product_tag":[],"class_list":{"0":"post-50930","1":"product","2":"type-product","3":"status-publish","4":"has-post-thumbnail","6":"product_brand-hikvision","7":"product_cat-seguridad","9":"first","10":"outofstock","11":"sale","12":"taxable","13":"shipping-taxable","14":"purchasable","15":"product-type-simple"},"uagb_featured_image_src":{"full":["https:\/\/rms-enlinea.com.ar\/wp-content\/uploads\/2025\/07\/D_810863-MLU73597761066_122023-F.jpg",1200,300,false],"thumbnail":["https:\/\/rms-enlinea.com.ar\/wp-content\/uploads\/2025\/07\/D_810863-MLU73597761066_122023-F-150x150.jpg",150,150,true],"medium":["https:\/\/rms-enlinea.com.ar\/wp-content\/uploads\/2025\/07\/D_810863-MLU73597761066_122023-F-300x75.jpg",300,75,true],"medium_large":["https:\/\/rms-enlinea.com.ar\/wp-content\/uploads\/2025\/07\/D_810863-MLU73597761066_122023-F-768x192.jpg",768,192,true],"large":["https:\/\/rms-enlinea.com.ar\/wp-content\/uploads\/2025\/07\/D_810863-MLU73597761066_122023-F-1024x256.jpg",1024,256,true],"1536x1536":["https:\/\/rms-enlinea.com.ar\/wp-content\/uploads\/2025\/07\/D_810863-MLU73597761066_122023-F.jpg",1200,300,false],"2048x2048":["https:\/\/rms-enlinea.com.ar\/wp-content\/uploads\/2025\/07\/D_810863-MLU73597761066_122023-F.jpg",1200,300,false],"woocommerce_thumbnail":["https:\/\/rms-enlinea.com.ar\/wp-content\/uploads\/2025\/07\/D_810863-MLU73597761066_122023-F-450x300.jpg",450,300,true],"woocommerce_single":["https:\/\/rms-enlinea.com.ar\/wp-content\/uploads\/2025\/07\/D_810863-MLU73597761066_122023-F-600x150.jpg",600,150,true],"woocommerce_gallery_thumbnail":["https:\/\/rms-enlinea.com.ar\/wp-content\/uploads\/2025\/07\/D_810863-MLU73597761066_122023-F-100x100.jpg",100,100,true]},"uagb_author_info":{"display_name":"nelson","author_link":"https:\/\/rms-enlinea.com.ar\/tienda\/author\/"},"uagb_comment_info":0,"uagb_excerpt":"El DVR 16 CANALES 1080P LITE 1U H265 HILOOK DVR-216G-M1 es una soluci\u00f3n avanzada para la vigilancia y seguridad, ideal para hogares y negocios. Con la capacidad de gestionar hasta 16 c\u00e1maras, este dispositivo asegura una cobertura completa de los espacios que deseas proteger, proporcionando una resoluci\u00f3n Full HD de 1080p para obtener im\u00e1genes n\u00edtidas&hellip;","_links":{"self":[{"href":"https:\/\/rms-enlinea.com.ar\/tienda\/wp-json\/wp\/v2\/product\/50930","targetHints":{"allow":["GET"]}}],"collection":[{"href":"https:\/\/rms-enlinea.com.ar\/tienda\/wp-json\/wp\/v2\/product"}],"about":[{"href":"https:\/\/rms-enlinea.com.ar\/tienda\/wp-json\/wp\/v2\/types\/product"}],"replies":[{"embeddable":true,"href":"https:\/\/rms-enlinea.com.ar\/tienda\/wp-json\/wp\/v2\/comments?post=50930"}],"wp:featuredmedia":[{"embeddable":true,"href":"https:\/\/rms-enlinea.com.ar\/tienda\/wp-json\/wp\/v2\/media\/50931"}],"wp:attachment":[{"href":"https:\/\/rms-enlinea.com.ar\/tienda\/wp-json\/wp\/v2\/media?parent=50930"}],"wp:term":[{"taxonomy":"product_brand","embeddable":true,"href":"https:\/\/rms-enlinea.com.ar\/tienda\/wp-json\/wp\/v2\/product_brand?post=50930"},{"taxonomy":"product_cat","embeddable":true,"href":"https:\/\/rms-enlinea.com.ar\/tienda\/wp-json\/wp\/v2\/product_cat?post=50930"},{"taxonomy":"product_tag","embeddable":true,"href":"https:\/\/rms-enlinea.com.ar\/tienda\/wp-json\/wp\/v2\/product_tag?post=50930"}],"curies":[{"name":"wp","href":"https:\/\/api.w.org\/{rel}","templated":true}]}}