{"id":50932,"date":"2025-07-10T00:10:13","date_gmt":"2025-07-10T03:10:13","guid":{"rendered":"https:\/\/rms-enlinea.com.ar\/tienda\/producto\/dvr-4-canales-1080p-lite-1u-h265-hilook-dvr-204g-m1\/"},"modified":"2026-03-06T10:20:35","modified_gmt":"2026-03-06T13:20:35","slug":"dvr-4-canales-1080p-lite-1u-h265-hilook-dvr-204g-m1","status":"publish","type":"product","link":"https:\/\/rms-enlinea.com.ar\/tienda\/producto\/dvr-4-canales-1080p-lite-1u-h265-hilook-dvr-204g-m1\/","title":{"rendered":"Dvr 4 Canales 1080p Lite 1u H265 Hilook Dvr-204g-m1"},"content":{"rendered":"<p>El DVR HiLook DVR-204G-M1 es una soluci\u00f3n de grabaci\u00f3n de video de alta calidad dise\u00f1ada para satisfacer las necesidades de seguridad de su entorno. Este dispositivo cuenta con la capacidad de grabaci\u00f3n de hasta 4 canales en resoluci\u00f3n Full HD 1080p, lo que garantiza una imagen n\u00edtida y detallada. Ideal para quienes buscan una vigilancia eficiente, permite una visualizaci\u00f3n en tiempo real y se adapta a variados entornos gracias a su interfaz de conectores.<\/p>\n<p>Equipado con la tecnolog\u00eda de compresi\u00f3n H.265, este modelo maximiza el uso del espacio de almacenamiento, permitiendo grabaciones prolongadas sin comprometer la calidad del video. Soporta varios tipos de entradas y es compatible con sistemas operativos Android e iOS, convirti\u00e9ndolo en una opci\u00f3n accesible y f\u00e1cil de manejar desde su dispositivo m\u00f3vil. Su capacidad de almacenamiento de hasta 4 TB asegura que pueda gestionar un gran volumen de grabaciones.<\/p>\n<p>El dise\u00f1o del DVR es compacto y funcional, con dimensiones que facilitan su colocaci\u00f3n en diversos espacios. Incluye varios conectores de salida, incluyendo HDMI y VGA, lo que permite la conexi\u00f3n a diferentes monitores y sistemas de audio. Adem\u00e1s, la grabaci\u00f3n puede configurarse en modos continuo o mediante detecci\u00f3n de movimiento, ofreciendo flexibilidad seg\u00fan las necesidades de seguridad.<\/p>\n<p>Con el DVR HiLook DVR-204G-M1, priorice la seguridad y el control de su hogar o negocio. Adquiera una herramienta confiable y eficiente que le permita mantener un ojo en su entorno, todo desde la comodidad de su tel\u00e9fono m\u00f3vil o computadora.<\/p>\n","protected":false},"excerpt":{"rendered":"<p>El DVR HiLook DVR-204G-M1 es una soluci\u00f3n de grabaci\u00f3n de video de alta calidad dise\u00f1ada para satisfacer las necesidades de seguridad de su entorno. Este dispositivo cuenta con la capacidad de grabaci\u00f3n de hasta 4 canales en resoluci\u00f3n Full HD 1080p, lo que garantiza una imagen n\u00edtida y detallada. Ideal para quienes buscan una vigilancia [&hellip;]<\/p>\n","protected":false},"featured_media":50933,"comment_status":"open","ping_status":"closed","template":"","meta":{"_uag_custom_page_level_css":""},"product_brand":[473],"product_cat":[32],"product_tag":[],"class_list":{"0":"post-50932","1":"product","2":"type-product","3":"status-publish","4":"has-post-thumbnail","6":"product_brand-hikvision","7":"product_cat-seguridad","9":"first","10":"outofstock","11":"sale","12":"taxable","13":"shipping-taxable","14":"purchasable","15":"product-type-simple"},"uagb_featured_image_src":{"full":["https:\/\/rms-enlinea.com.ar\/wp-content\/uploads\/2025\/07\/D_610457-MLU73685908177_122023-F.jpg",1200,301,false],"thumbnail":["https:\/\/rms-enlinea.com.ar\/wp-content\/uploads\/2025\/07\/D_610457-MLU73685908177_122023-F-150x150.jpg",150,150,true],"medium":["https:\/\/rms-enlinea.com.ar\/wp-content\/uploads\/2025\/07\/D_610457-MLU73685908177_122023-F-300x75.jpg",300,75,true],"medium_large":["https:\/\/rms-enlinea.com.ar\/wp-content\/uploads\/2025\/07\/D_610457-MLU73685908177_122023-F-768x193.jpg",768,193,true],"large":["https:\/\/rms-enlinea.com.ar\/wp-content\/uploads\/2025\/07\/D_610457-MLU73685908177_122023-F-1024x257.jpg",1024,257,true],"1536x1536":["https:\/\/rms-enlinea.com.ar\/wp-content\/uploads\/2025\/07\/D_610457-MLU73685908177_122023-F.jpg",1200,301,false],"2048x2048":["https:\/\/rms-enlinea.com.ar\/wp-content\/uploads\/2025\/07\/D_610457-MLU73685908177_122023-F.jpg",1200,301,false],"woocommerce_thumbnail":["https:\/\/rms-enlinea.com.ar\/wp-content\/uploads\/2025\/07\/D_610457-MLU73685908177_122023-F-450x301.jpg",450,301,true],"woocommerce_single":["https:\/\/rms-enlinea.com.ar\/wp-content\/uploads\/2025\/07\/D_610457-MLU73685908177_122023-F-600x151.jpg",600,151,true],"woocommerce_gallery_thumbnail":["https:\/\/rms-enlinea.com.ar\/wp-content\/uploads\/2025\/07\/D_610457-MLU73685908177_122023-F-100x100.jpg",100,100,true]},"uagb_author_info":{"display_name":"nelson","author_link":"https:\/\/rms-enlinea.com.ar\/tienda\/author\/"},"uagb_comment_info":0,"uagb_excerpt":"El DVR HiLook DVR-204G-M1 es una soluci\u00f3n de grabaci\u00f3n de video de alta calidad dise\u00f1ada para satisfacer las necesidades de seguridad de su entorno. Este dispositivo cuenta con la capacidad de grabaci\u00f3n de hasta 4 canales en resoluci\u00f3n Full HD 1080p, lo que garantiza una imagen n\u00edtida y detallada. Ideal para quienes buscan una vigilancia&hellip;","_links":{"self":[{"href":"https:\/\/rms-enlinea.com.ar\/tienda\/wp-json\/wp\/v2\/product\/50932","targetHints":{"allow":["GET"]}}],"collection":[{"href":"https:\/\/rms-enlinea.com.ar\/tienda\/wp-json\/wp\/v2\/product"}],"about":[{"href":"https:\/\/rms-enlinea.com.ar\/tienda\/wp-json\/wp\/v2\/types\/product"}],"replies":[{"embeddable":true,"href":"https:\/\/rms-enlinea.com.ar\/tienda\/wp-json\/wp\/v2\/comments?post=50932"}],"wp:featuredmedia":[{"embeddable":true,"href":"https:\/\/rms-enlinea.com.ar\/tienda\/wp-json\/wp\/v2\/media\/50933"}],"wp:attachment":[{"href":"https:\/\/rms-enlinea.com.ar\/tienda\/wp-json\/wp\/v2\/media?parent=50932"}],"wp:term":[{"taxonomy":"product_brand","embeddable":true,"href":"https:\/\/rms-enlinea.com.ar\/tienda\/wp-json\/wp\/v2\/product_brand?post=50932"},{"taxonomy":"product_cat","embeddable":true,"href":"https:\/\/rms-enlinea.com.ar\/tienda\/wp-json\/wp\/v2\/product_cat?post=50932"},{"taxonomy":"product_tag","embeddable":true,"href":"https:\/\/rms-enlinea.com.ar\/tienda\/wp-json\/wp\/v2\/product_tag?post=50932"}],"curies":[{"name":"wp","href":"https:\/\/api.w.org\/{rel}","templated":true}]}}