{"id":50938,"date":"2025-07-10T00:30:06","date_gmt":"2025-07-10T03:30:06","guid":{"rendered":"https:\/\/rms-enlinea.com.ar\/tienda\/producto\/dvr-8-canales-1080p-lite-1u-h265-hilook-hl-dvr-208g-m1\/"},"modified":"2026-02-26T15:41:15","modified_gmt":"2026-02-26T18:41:15","slug":"dvr-8-canales-1080p-lite-1u-h265-hilook-hl-dvr-208g-m1","status":"publish","type":"product","link":"https:\/\/rms-enlinea.com.ar\/tienda\/producto\/dvr-8-canales-1080p-lite-1u-h265-hilook-hl-dvr-208g-m1\/","title":{"rendered":"Dvr 8 Canales 1080p Lite 1u H265 Hilook Hl-dvr-208g-m1"},"content":{"rendered":"<p>El DVR 8 Canales 1080p Lite 1U H265 HiLook HL-DVR-208G-M1 es la soluci\u00f3n ideal para quienes buscan un sistema de videovigilancia eficaz y de alta calidad. Con capacidad para ocho canales y una resoluci\u00f3n de video Full HD 1080p, este dispositivo garantiza grabaciones n\u00edtidas y detalladas que permitir\u00e1n supervisar tus espacios con confianza y claridad.<\/p>\n<p>Su dise\u00f1o compacto, con dimensiones de 4.5 cm de altura, 26 cm de ancho y 22.2 cm de profundidad, facilita su integraci\u00f3n en cualquier ambiente. Adem\u00e1s, la compatibilidad con diversos formatos de compresi\u00f3n de video, como H.265 y H.264, asegura un uso eficiente del espacio de almacenamiento, permitiendo gestionar hasta 6 TB.<\/p>\n<p>El DVR incluye m\u00faltiples conectores de entrada, como AHD, HDCVI, HDTVI, CVBS, IP y RCA, lo que lo convierte en una opci\u00f3n vers\u00e1til para cualquier sistema de c\u00e1maras. Tambi\u00e9n permite modos de grabaci\u00f3n continuo o por detecci\u00f3n de movimiento, adapt\u00e1ndose a tus necesidades de monitoreo.<\/p>\n<p>Con la opci\u00f3n de audio bidireccional y la capacidad de visualizaci\u00f3n de video en vivo, este DVR proporciona no solo un registro visual, sino tambi\u00e9n una comunicaci\u00f3n efectiva. Aprovecha la calidad y versatilidad que el HiLook HL-DVR-208G-M1 ofrece para proteger lo que m\u00e1s valoras.<\/p>\n","protected":false},"excerpt":{"rendered":"<p>El DVR 8 Canales 1080p Lite 1U H265 HiLook HL-DVR-208G-M1 es la soluci\u00f3n ideal para quienes buscan un sistema de videovigilancia eficaz y de alta calidad. Con capacidad para ocho canales y una resoluci\u00f3n de video Full HD 1080p, este dispositivo garantiza grabaciones n\u00edtidas y detalladas que permitir\u00e1n supervisar tus espacios con confianza y claridad. [&hellip;]<\/p>\n","protected":false},"featured_media":50939,"comment_status":"open","ping_status":"closed","template":"","meta":{"_uag_custom_page_level_css":""},"product_brand":[473],"product_cat":[32],"product_tag":[],"class_list":{"0":"post-50938","1":"product","2":"type-product","3":"status-publish","4":"has-post-thumbnail","6":"product_brand-hikvision","7":"product_cat-seguridad","9":"first","10":"outofstock","11":"sale","12":"taxable","13":"shipping-taxable","14":"purchasable","15":"product-type-simple"},"uagb_featured_image_src":{"full":["https:\/\/rms-enlinea.com.ar\/wp-content\/uploads\/2025\/07\/D_806350-MLU73693348293_122023-F.jpg",1200,301,false],"thumbnail":["https:\/\/rms-enlinea.com.ar\/wp-content\/uploads\/2025\/07\/D_806350-MLU73693348293_122023-F-150x150.jpg",150,150,true],"medium":["https:\/\/rms-enlinea.com.ar\/wp-content\/uploads\/2025\/07\/D_806350-MLU73693348293_122023-F-300x75.jpg",300,75,true],"medium_large":["https:\/\/rms-enlinea.com.ar\/wp-content\/uploads\/2025\/07\/D_806350-MLU73693348293_122023-F-768x193.jpg",768,193,true],"large":["https:\/\/rms-enlinea.com.ar\/wp-content\/uploads\/2025\/07\/D_806350-MLU73693348293_122023-F-1024x257.jpg",1024,257,true],"1536x1536":["https:\/\/rms-enlinea.com.ar\/wp-content\/uploads\/2025\/07\/D_806350-MLU73693348293_122023-F.jpg",1200,301,false],"2048x2048":["https:\/\/rms-enlinea.com.ar\/wp-content\/uploads\/2025\/07\/D_806350-MLU73693348293_122023-F.jpg",1200,301,false],"woocommerce_thumbnail":["https:\/\/rms-enlinea.com.ar\/wp-content\/uploads\/2025\/07\/D_806350-MLU73693348293_122023-F-450x301.jpg",450,301,true],"woocommerce_single":["https:\/\/rms-enlinea.com.ar\/wp-content\/uploads\/2025\/07\/D_806350-MLU73693348293_122023-F-600x151.jpg",600,151,true],"woocommerce_gallery_thumbnail":["https:\/\/rms-enlinea.com.ar\/wp-content\/uploads\/2025\/07\/D_806350-MLU73693348293_122023-F-100x100.jpg",100,100,true]},"uagb_author_info":{"display_name":"nelson","author_link":"https:\/\/rms-enlinea.com.ar\/tienda\/author\/"},"uagb_comment_info":0,"uagb_excerpt":"El DVR 8 Canales 1080p Lite 1U H265 HiLook HL-DVR-208G-M1 es la soluci\u00f3n ideal para quienes buscan un sistema de videovigilancia eficaz y de alta calidad. Con capacidad para ocho canales y una resoluci\u00f3n de video Full HD 1080p, este dispositivo garantiza grabaciones n\u00edtidas y detalladas que permitir\u00e1n supervisar tus espacios con confianza y claridad.&hellip;","_links":{"self":[{"href":"https:\/\/rms-enlinea.com.ar\/tienda\/wp-json\/wp\/v2\/product\/50938","targetHints":{"allow":["GET"]}}],"collection":[{"href":"https:\/\/rms-enlinea.com.ar\/tienda\/wp-json\/wp\/v2\/product"}],"about":[{"href":"https:\/\/rms-enlinea.com.ar\/tienda\/wp-json\/wp\/v2\/types\/product"}],"replies":[{"embeddable":true,"href":"https:\/\/rms-enlinea.com.ar\/tienda\/wp-json\/wp\/v2\/comments?post=50938"}],"wp:featuredmedia":[{"embeddable":true,"href":"https:\/\/rms-enlinea.com.ar\/tienda\/wp-json\/wp\/v2\/media\/50939"}],"wp:attachment":[{"href":"https:\/\/rms-enlinea.com.ar\/tienda\/wp-json\/wp\/v2\/media?parent=50938"}],"wp:term":[{"taxonomy":"product_brand","embeddable":true,"href":"https:\/\/rms-enlinea.com.ar\/tienda\/wp-json\/wp\/v2\/product_brand?post=50938"},{"taxonomy":"product_cat","embeddable":true,"href":"https:\/\/rms-enlinea.com.ar\/tienda\/wp-json\/wp\/v2\/product_cat?post=50938"},{"taxonomy":"product_tag","embeddable":true,"href":"https:\/\/rms-enlinea.com.ar\/tienda\/wp-json\/wp\/v2\/product_tag?post=50938"}],"curies":[{"name":"wp","href":"https:\/\/api.w.org\/{rel}","templated":true}]}}