{"id":50940,"date":"2025-07-10T00:30:11","date_gmt":"2025-07-10T03:30:11","guid":{"rendered":"https:\/\/rms-enlinea.com.ar\/tienda\/producto\/nvr-4-canales-poe-h265-1080p-hilook-nvr-104mh-d-4p\/"},"modified":"2026-04-02T16:42:46","modified_gmt":"2026-04-02T19:42:46","slug":"nvr-4-canales-poe-h265-1080p-hilook-nvr-104mh-d-4p","status":"publish","type":"product","link":"https:\/\/rms-enlinea.com.ar\/tienda\/producto\/nvr-4-canales-poe-h265-1080p-hilook-nvr-104mh-d-4p\/","title":{"rendered":"Nvr 4 Canales Poe H265+ 1080p Hilook Nvr-104mh-d\/4p"},"content":{"rendered":"<p>El NVR 4 CANALES POE H265+ 1080P HILOOK NVR-104MH-D\/4P es una soluci\u00f3n avanzada para la vigilancia y grabaci\u00f3n de video, dise\u00f1ado para satisfacer las necesidades de hogares y negocios. Con su capacidad para gestionar hasta cuatro c\u00e1maras de forma eficiente, garantiza una cobertura completa y una supervisi\u00f3n continua de las \u00e1reas cr\u00edticas. La tecnolog\u00eda H.265+ permite una compresi\u00f3n de video m\u00e1s eficiente, optimizando el almacenamiento y el uso del ancho de banda, sin comprometer la calidad.<\/p>\n<p>Este dispositivo no solo ofrece grabaci\u00f3n en alta definici\u00f3n 1080P, sino que tambi\u00e9n permite la visualizaci\u00f3n y gesti\u00f3n remota a trav\u00e9s de dispositivos m\u00f3viles y computadoras. Su interfase intuitiva facilita la configuraci\u00f3n y el monitoreo, ideal para aquellos que buscan seguridad y facilidad de uso en un solo producto. Adem\u00e1s, cuenta con la capacidad POE, lo que reduce la necesidad de cableado adicional y simplifica la instalaci\u00f3n de c\u00e1maras.<\/p>\n<p>El NVR-104MH-D\/4P es ideal para quienes desean mantenerse conectados y seguros, permitiendo revisiones r\u00e1pidas y eficientes del video grabado. Su dise\u00f1o compacto y pr\u00e1ctico se adapta perfectamente a cualquier espacio, convirti\u00e9ndolo en una opci\u00f3n vers\u00e1til para cualquier sistema de seguridad. Aumente la protecci\u00f3n de su propiedad con un sistema confiable y moderno que se alinea con las \u00faltimas tendencias tecnol\u00f3gicas en vigilancia.<\/p>\n","protected":false},"excerpt":{"rendered":"<p>El NVR 4 CANALES POE H265+ 1080P HILOOK NVR-104MH-D\/4P es una soluci\u00f3n avanzada para la vigilancia y grabaci\u00f3n de video, dise\u00f1ado para satisfacer las necesidades de hogares y negocios. Con su capacidad para gestionar hasta cuatro c\u00e1maras de forma eficiente, garantiza una cobertura completa y una supervisi\u00f3n continua de las \u00e1reas cr\u00edticas. La tecnolog\u00eda H.265+ [&hellip;]<\/p>\n","protected":false},"featured_media":50941,"comment_status":"open","ping_status":"closed","template":"","meta":{"_uag_custom_page_level_css":""},"product_brand":[473],"product_cat":[32],"product_tag":[],"class_list":{"0":"post-50940","1":"product","2":"type-product","3":"status-publish","4":"has-post-thumbnail","6":"product_brand-hikvision","7":"product_cat-seguridad","9":"first","10":"instock","11":"sale","12":"taxable","13":"shipping-taxable","14":"purchasable","15":"product-type-simple"},"uagb_featured_image_src":{"full":["https:\/\/rms-enlinea.com.ar\/wp-content\/uploads\/2025\/07\/D_792337-MLU74219387470_012024-F.jpg",1197,309,false],"thumbnail":["https:\/\/rms-enlinea.com.ar\/wp-content\/uploads\/2025\/07\/D_792337-MLU74219387470_012024-F-150x150.jpg",150,150,true],"medium":["https:\/\/rms-enlinea.com.ar\/wp-content\/uploads\/2025\/07\/D_792337-MLU74219387470_012024-F-300x77.jpg",300,77,true],"medium_large":["https:\/\/rms-enlinea.com.ar\/wp-content\/uploads\/2025\/07\/D_792337-MLU74219387470_012024-F-768x198.jpg",768,198,true],"large":["https:\/\/rms-enlinea.com.ar\/wp-content\/uploads\/2025\/07\/D_792337-MLU74219387470_012024-F-1024x264.jpg",1024,264,true],"1536x1536":["https:\/\/rms-enlinea.com.ar\/wp-content\/uploads\/2025\/07\/D_792337-MLU74219387470_012024-F.jpg",1197,309,false],"2048x2048":["https:\/\/rms-enlinea.com.ar\/wp-content\/uploads\/2025\/07\/D_792337-MLU74219387470_012024-F.jpg",1197,309,false],"woocommerce_thumbnail":["https:\/\/rms-enlinea.com.ar\/wp-content\/uploads\/2025\/07\/D_792337-MLU74219387470_012024-F-450x309.jpg",450,309,true],"woocommerce_single":["https:\/\/rms-enlinea.com.ar\/wp-content\/uploads\/2025\/07\/D_792337-MLU74219387470_012024-F-600x155.jpg",600,155,true],"woocommerce_gallery_thumbnail":["https:\/\/rms-enlinea.com.ar\/wp-content\/uploads\/2025\/07\/D_792337-MLU74219387470_012024-F-100x100.jpg",100,100,true]},"uagb_author_info":{"display_name":"nelson","author_link":"https:\/\/rms-enlinea.com.ar\/tienda\/author\/"},"uagb_comment_info":0,"uagb_excerpt":"El NVR 4 CANALES POE H265+ 1080P HILOOK NVR-104MH-D\/4P es una soluci\u00f3n avanzada para la vigilancia y grabaci\u00f3n de video, dise\u00f1ado para satisfacer las necesidades de hogares y negocios. Con su capacidad para gestionar hasta cuatro c\u00e1maras de forma eficiente, garantiza una cobertura completa y una supervisi\u00f3n continua de las \u00e1reas cr\u00edticas. La tecnolog\u00eda H.265+&hellip;","_links":{"self":[{"href":"https:\/\/rms-enlinea.com.ar\/tienda\/wp-json\/wp\/v2\/product\/50940","targetHints":{"allow":["GET"]}}],"collection":[{"href":"https:\/\/rms-enlinea.com.ar\/tienda\/wp-json\/wp\/v2\/product"}],"about":[{"href":"https:\/\/rms-enlinea.com.ar\/tienda\/wp-json\/wp\/v2\/types\/product"}],"replies":[{"embeddable":true,"href":"https:\/\/rms-enlinea.com.ar\/tienda\/wp-json\/wp\/v2\/comments?post=50940"}],"wp:featuredmedia":[{"embeddable":true,"href":"https:\/\/rms-enlinea.com.ar\/tienda\/wp-json\/wp\/v2\/media\/50941"}],"wp:attachment":[{"href":"https:\/\/rms-enlinea.com.ar\/tienda\/wp-json\/wp\/v2\/media?parent=50940"}],"wp:term":[{"taxonomy":"product_brand","embeddable":true,"href":"https:\/\/rms-enlinea.com.ar\/tienda\/wp-json\/wp\/v2\/product_brand?post=50940"},{"taxonomy":"product_cat","embeddable":true,"href":"https:\/\/rms-enlinea.com.ar\/tienda\/wp-json\/wp\/v2\/product_cat?post=50940"},{"taxonomy":"product_tag","embeddable":true,"href":"https:\/\/rms-enlinea.com.ar\/tienda\/wp-json\/wp\/v2\/product_tag?post=50940"}],"curies":[{"name":"wp","href":"https:\/\/api.w.org\/{rel}","templated":true}]}}