{"id":50969,"date":"2025-07-10T18:30:15","date_gmt":"2025-07-10T21:30:15","guid":{"rendered":"https:\/\/rms-enlinea.com.ar\/tienda\/producto\/mouse-inalambrico-genius-rs2-eco-8150-2-4ghz-negro-y-gris\/"},"modified":"2026-04-21T04:18:46","modified_gmt":"2026-04-21T07:18:46","slug":"mouse-inalambrico-genius-rs2-eco-8150-2-4ghz-negro-y-gris","status":"publish","type":"product","link":"https:\/\/rms-enlinea.com.ar\/tienda\/producto\/mouse-inalambrico-genius-rs2-eco-8150-2-4ghz-negro-y-gris\/","title":{"rendered":"Mouse Inalambrico Genius Rs2 Eco 8150 2.4ghz Negro Y Gris"},"content":{"rendered":"<p>Frecuencia RF<br \/>2.4 GHz<br \/>Interfaz<br \/>Receptor USB-A <br \/>Tipo de sensor<br \/>\u00d3ptico<br \/>Resoluci\u00f3n (DPI)<br \/>1200<br \/>N\u00famero de botones<br \/>4 botones (izquierdo, derecho, central con rueda, y tecla de activaci\u00f3n AI Copilot)<br \/>Tipo de bater\u00eda<br \/>Bater\u00eda recargable integrada<br \/>Otros<br \/>&#8211;<br \/>Peso (g)<br \/>Aprox. 65 g (incluye receptor y bater\u00eda recargable)<br \/>Dimensiones (A x Al x P) mm (pulgadas)<br \/>59.5 x 106 x 37.1 mm (2.34 x 4.17 x 1.46 pulgadas)<br \/>Requisitos del sistema<br \/>Windows\u00ae 8, 10, 11 \/ macOS 10.8 o posterior \/ Puerto USB-A o USB-C disponible, seg\u00fan el modelo<\/p>\n","protected":false},"excerpt":{"rendered":"<p>Frecuencia RF2.4 GHzInterfazReceptor USB-A Tipo de sensor\u00d3pticoResoluci\u00f3n (DPI)1200N\u00famero de botones4 botones (izquierdo, derecho, central con rueda, y tecla de activaci\u00f3n AI Copilot)Tipo de bater\u00edaBater\u00eda recargable integradaOtros&#8211;Peso (g)Aprox. 65 g (incluye receptor y bater\u00eda recargable)Dimensiones (A x Al x P) mm (pulgadas)59.5 x 106 x 37.1 mm (2.34 x 4.17 x 1.46 pulgadas)Requisitos del sistemaWindows\u00ae 8, [&hellip;]<\/p>\n","protected":false},"featured_media":50970,"comment_status":"open","ping_status":"closed","template":"","meta":{"_uag_custom_page_level_css":""},"product_brand":[550],"product_cat":[125],"product_tag":[],"class_list":{"0":"post-50969","1":"product","2":"type-product","3":"status-publish","4":"has-post-thumbnail","6":"product_brand-genius","7":"product_cat-teclados-y-mouses","9":"first","10":"outofstock","11":"sale","12":"taxable","13":"shipping-taxable","14":"purchasable","15":"product-type-simple"},"uagb_featured_image_src":{"full":["https:\/\/rms-enlinea.com.ar\/wp-content\/uploads\/2025\/07\/D_724338-MLA87647182999_072025-F.jpg",1050,1200,false],"thumbnail":["https:\/\/rms-enlinea.com.ar\/wp-content\/uploads\/2025\/07\/D_724338-MLA87647182999_072025-F-150x150.jpg",150,150,true],"medium":["https:\/\/rms-enlinea.com.ar\/wp-content\/uploads\/2025\/07\/D_724338-MLA87647182999_072025-F-263x300.jpg",263,300,true],"medium_large":["https:\/\/rms-enlinea.com.ar\/wp-content\/uploads\/2025\/07\/D_724338-MLA87647182999_072025-F-768x878.jpg",768,878,true],"large":["https:\/\/rms-enlinea.com.ar\/wp-content\/uploads\/2025\/07\/D_724338-MLA87647182999_072025-F-896x1024.jpg",896,1024,true],"1536x1536":["https:\/\/rms-enlinea.com.ar\/wp-content\/uploads\/2025\/07\/D_724338-MLA87647182999_072025-F.jpg",1050,1200,false],"2048x2048":["https:\/\/rms-enlinea.com.ar\/wp-content\/uploads\/2025\/07\/D_724338-MLA87647182999_072025-F.jpg",1050,1200,false],"woocommerce_thumbnail":["https:\/\/rms-enlinea.com.ar\/wp-content\/uploads\/2025\/07\/D_724338-MLA87647182999_072025-F-450x450.jpg",450,450,true],"woocommerce_single":["https:\/\/rms-enlinea.com.ar\/wp-content\/uploads\/2025\/07\/D_724338-MLA87647182999_072025-F-600x686.jpg",600,686,true],"woocommerce_gallery_thumbnail":["https:\/\/rms-enlinea.com.ar\/wp-content\/uploads\/2025\/07\/D_724338-MLA87647182999_072025-F-100x100.jpg",100,100,true]},"uagb_author_info":{"display_name":"nelson","author_link":"https:\/\/rms-enlinea.com.ar\/tienda\/author\/"},"uagb_comment_info":0,"uagb_excerpt":"Frecuencia RF2.4 GHzInterfazReceptor USB-A Tipo de sensor\u00d3pticoResoluci\u00f3n (DPI)1200N\u00famero de botones4 botones (izquierdo, derecho, central con rueda, y tecla de activaci\u00f3n AI Copilot)Tipo de bater\u00edaBater\u00eda recargable integradaOtros&#8211;Peso (g)Aprox. 65 g (incluye receptor y bater\u00eda recargable)Dimensiones (A x Al x P) mm (pulgadas)59.5 x 106 x 37.1 mm (2.34 x 4.17 x 1.46 pulgadas)Requisitos del sistemaWindows\u00ae 8,&hellip;","_links":{"self":[{"href":"https:\/\/rms-enlinea.com.ar\/tienda\/wp-json\/wp\/v2\/product\/50969","targetHints":{"allow":["GET"]}}],"collection":[{"href":"https:\/\/rms-enlinea.com.ar\/tienda\/wp-json\/wp\/v2\/product"}],"about":[{"href":"https:\/\/rms-enlinea.com.ar\/tienda\/wp-json\/wp\/v2\/types\/product"}],"replies":[{"embeddable":true,"href":"https:\/\/rms-enlinea.com.ar\/tienda\/wp-json\/wp\/v2\/comments?post=50969"}],"wp:featuredmedia":[{"embeddable":true,"href":"https:\/\/rms-enlinea.com.ar\/tienda\/wp-json\/wp\/v2\/media\/50970"}],"wp:attachment":[{"href":"https:\/\/rms-enlinea.com.ar\/tienda\/wp-json\/wp\/v2\/media?parent=50969"}],"wp:term":[{"taxonomy":"product_brand","embeddable":true,"href":"https:\/\/rms-enlinea.com.ar\/tienda\/wp-json\/wp\/v2\/product_brand?post=50969"},{"taxonomy":"product_cat","embeddable":true,"href":"https:\/\/rms-enlinea.com.ar\/tienda\/wp-json\/wp\/v2\/product_cat?post=50969"},{"taxonomy":"product_tag","embeddable":true,"href":"https:\/\/rms-enlinea.com.ar\/tienda\/wp-json\/wp\/v2\/product_tag?post=50969"}],"curies":[{"name":"wp","href":"https:\/\/api.w.org\/{rel}","templated":true}]}}