{"id":50975,"date":"2025-07-10T18:40:11","date_gmt":"2025-07-10T21:40:11","guid":{"rendered":"https:\/\/rms-enlinea.com.ar\/tienda\/producto\/mouse-inalambrico-genius-rs2-nx-7125-2-4ghz-gold-red\/"},"modified":"2026-04-21T04:13:14","modified_gmt":"2026-04-21T07:13:14","slug":"mouse-inalambrico-genius-rs2-nx-7125-2-4ghz-gold-red","status":"publish","type":"product","link":"https:\/\/rms-enlinea.com.ar\/tienda\/producto\/mouse-inalambrico-genius-rs2-nx-7125-2-4ghz-gold-red\/","title":{"rendered":"Mouse Inalambrico Genius Rs2 Nx-7125 2.4ghz Gold Red"},"content":{"rendered":"<p>Frecuencia RF<br \/>2.4 GHz<br \/>Interfaz<br \/>Receptor USB-A <br \/>Motor del sensor<br \/>\u00d3ptico<br \/>Resoluci\u00f3n (DPI)<br \/>1200<br \/>N\u00famero de botones<br \/>4 botones (izquierdo, derecho, central con desplazamiento y tecla de activaci\u00f3n de AI Copilot)<br \/>Tipo de bater\u00eda<br \/>AA<br \/>Otros<br \/>&#8211;<br \/>Peso (g)<br \/>Aproximadamente 57 g (incluye receptor)<br \/>Dimensiones (An x Al x P) mm (pulgadas)<br \/>59.1 x 100.1 x 38.9 mm (2.32 x 3.94 x 1.53 pulgadas)<br \/>Requisitos del sistema<br \/>Windows\u00ae 8, 10, 11 \/ macOS 10.8 o posterior \/ Puerto USB-A o USB-C disponible, seg\u00fan el modelo<\/p>\n","protected":false},"excerpt":{"rendered":"<p>Frecuencia RF2.4 GHzInterfazReceptor USB-A Motor del sensor\u00d3pticoResoluci\u00f3n (DPI)1200N\u00famero de botones4 botones (izquierdo, derecho, central con desplazamiento y tecla de activaci\u00f3n de AI Copilot)Tipo de bater\u00edaAAOtros&#8211;Peso (g)Aproximadamente 57 g (incluye receptor)Dimensiones (An x Al x P) mm (pulgadas)59.1 x 100.1 x 38.9 mm (2.32 x 3.94 x 1.53 pulgadas)Requisitos del sistemaWindows\u00ae 8, 10, 11 \/ macOS [&hellip;]<\/p>\n","protected":false},"featured_media":50976,"comment_status":"open","ping_status":"closed","template":"","meta":{"_uag_custom_page_level_css":""},"product_brand":[550],"product_cat":[125],"product_tag":[],"class_list":{"0":"post-50975","1":"product","2":"type-product","3":"status-publish","4":"has-post-thumbnail","6":"product_brand-genius","7":"product_cat-teclados-y-mouses","9":"first","10":"outofstock","11":"sale","12":"taxable","13":"shipping-taxable","14":"purchasable","15":"product-type-simple"},"uagb_featured_image_src":{"full":["https:\/\/rms-enlinea.com.ar\/wp-content\/uploads\/2025\/07\/D_768189-MLA87319355078_072025-F.jpg",1031,1200,false],"thumbnail":["https:\/\/rms-enlinea.com.ar\/wp-content\/uploads\/2025\/07\/D_768189-MLA87319355078_072025-F-150x150.jpg",150,150,true],"medium":["https:\/\/rms-enlinea.com.ar\/wp-content\/uploads\/2025\/07\/D_768189-MLA87319355078_072025-F-258x300.jpg",258,300,true],"medium_large":["https:\/\/rms-enlinea.com.ar\/wp-content\/uploads\/2025\/07\/D_768189-MLA87319355078_072025-F-768x894.jpg",768,894,true],"large":["https:\/\/rms-enlinea.com.ar\/wp-content\/uploads\/2025\/07\/D_768189-MLA87319355078_072025-F-880x1024.jpg",880,1024,true],"1536x1536":["https:\/\/rms-enlinea.com.ar\/wp-content\/uploads\/2025\/07\/D_768189-MLA87319355078_072025-F.jpg",1031,1200,false],"2048x2048":["https:\/\/rms-enlinea.com.ar\/wp-content\/uploads\/2025\/07\/D_768189-MLA87319355078_072025-F.jpg",1031,1200,false],"woocommerce_thumbnail":["https:\/\/rms-enlinea.com.ar\/wp-content\/uploads\/2025\/07\/D_768189-MLA87319355078_072025-F-450x450.jpg",450,450,true],"woocommerce_single":["https:\/\/rms-enlinea.com.ar\/wp-content\/uploads\/2025\/07\/D_768189-MLA87319355078_072025-F-600x698.jpg",600,698,true],"woocommerce_gallery_thumbnail":["https:\/\/rms-enlinea.com.ar\/wp-content\/uploads\/2025\/07\/D_768189-MLA87319355078_072025-F-100x100.jpg",100,100,true]},"uagb_author_info":{"display_name":"nelson","author_link":"https:\/\/rms-enlinea.com.ar\/tienda\/author\/"},"uagb_comment_info":0,"uagb_excerpt":"Frecuencia RF2.4 GHzInterfazReceptor USB-A Motor del sensor\u00d3pticoResoluci\u00f3n (DPI)1200N\u00famero de botones4 botones (izquierdo, derecho, central con desplazamiento y tecla de activaci\u00f3n de AI Copilot)Tipo de bater\u00edaAAOtros&#8211;Peso (g)Aproximadamente 57 g (incluye receptor)Dimensiones (An x Al x P) mm (pulgadas)59.1 x 100.1 x 38.9 mm (2.32 x 3.94 x 1.53 pulgadas)Requisitos del sistemaWindows\u00ae 8, 10, 11 \/ macOS&hellip;","_links":{"self":[{"href":"https:\/\/rms-enlinea.com.ar\/tienda\/wp-json\/wp\/v2\/product\/50975","targetHints":{"allow":["GET"]}}],"collection":[{"href":"https:\/\/rms-enlinea.com.ar\/tienda\/wp-json\/wp\/v2\/product"}],"about":[{"href":"https:\/\/rms-enlinea.com.ar\/tienda\/wp-json\/wp\/v2\/types\/product"}],"replies":[{"embeddable":true,"href":"https:\/\/rms-enlinea.com.ar\/tienda\/wp-json\/wp\/v2\/comments?post=50975"}],"wp:featuredmedia":[{"embeddable":true,"href":"https:\/\/rms-enlinea.com.ar\/tienda\/wp-json\/wp\/v2\/media\/50976"}],"wp:attachment":[{"href":"https:\/\/rms-enlinea.com.ar\/tienda\/wp-json\/wp\/v2\/media?parent=50975"}],"wp:term":[{"taxonomy":"product_brand","embeddable":true,"href":"https:\/\/rms-enlinea.com.ar\/tienda\/wp-json\/wp\/v2\/product_brand?post=50975"},{"taxonomy":"product_cat","embeddable":true,"href":"https:\/\/rms-enlinea.com.ar\/tienda\/wp-json\/wp\/v2\/product_cat?post=50975"},{"taxonomy":"product_tag","embeddable":true,"href":"https:\/\/rms-enlinea.com.ar\/tienda\/wp-json\/wp\/v2\/product_tag?post=50975"}],"curies":[{"name":"wp","href":"https:\/\/api.w.org\/{rel}","templated":true}]}}