{"id":50993,"date":"2025-07-10T19:30:05","date_gmt":"2025-07-10T22:30:05","guid":{"rendered":"https:\/\/rms-enlinea.com.ar\/tienda\/producto\/mouse-con-cable-genius-rs2-dx-123-negro-1200dpi\/"},"modified":"2026-04-21T04:18:27","modified_gmt":"2026-04-21T07:18:27","slug":"mouse-con-cable-genius-rs2-dx-123-negro-1200dpi","status":"publish","type":"product","link":"https:\/\/rms-enlinea.com.ar\/tienda\/producto\/mouse-con-cable-genius-rs2-dx-123-negro-1200dpi\/","title":{"rendered":"Mouse Con Cable Genius Rs2 Dx-123 Negro 1200dpi"},"content":{"rendered":"<p>Interfaz<br \/>USB-A o USB-C, seg\u00fan el modelo<br \/>Motor del sensor<br \/>\u00d3ptico<br \/>Resoluci\u00f3n (DPI)<br \/>1200<br \/>N\u00famero de botones<br \/>3 (izquierdo, derecho, bot\u00f3n central con rueda de desplazamiento)<br \/>Longitud del cable<br \/>1,5 m<br \/>Otros<br \/>&#8211;<br \/>Peso (g)<br \/>Aprox. 85 g<br \/>Dimensiones (An x Al x Pr) mm (pulgadas)<br \/>60 x 105 x 37 mm (2,36 x 4,13 x 1,46 pulgadas)<br \/>Requisitos del sistema<br \/>Windows\u00ae 8, 10, 11 o posterior \/ Mac OS X 10.8 o posterior \/ Puerto USB disponible (USB-A o USB-C, seg\u00fan el modelo)<\/p>\n","protected":false},"excerpt":{"rendered":"<p>InterfazUSB-A o USB-C, seg\u00fan el modeloMotor del sensor\u00d3pticoResoluci\u00f3n (DPI)1200N\u00famero de botones3 (izquierdo, derecho, bot\u00f3n central con rueda de desplazamiento)Longitud del cable1,5 mOtros&#8211;Peso (g)Aprox. 85 gDimensiones (An x Al x Pr) mm (pulgadas)60 x 105 x 37 mm (2,36 x 4,13 x 1,46 pulgadas)Requisitos del sistemaWindows\u00ae 8, 10, 11 o posterior \/ Mac OS X 10.8 [&hellip;]<\/p>\n","protected":false},"featured_media":50994,"comment_status":"open","ping_status":"closed","template":"","meta":{"_uag_custom_page_level_css":""},"product_brand":[550],"product_cat":[125],"product_tag":[],"class_list":{"0":"post-50993","1":"product","2":"type-product","3":"status-publish","4":"has-post-thumbnail","6":"product_brand-genius","7":"product_cat-teclados-y-mouses","9":"first","10":"outofstock","11":"sale","12":"taxable","13":"shipping-taxable","14":"purchasable","15":"product-type-simple"},"uagb_featured_image_src":{"full":["https:\/\/rms-enlinea.com.ar\/wp-content\/uploads\/2025\/07\/D_710824-MLA87648861397_072025-F.jpg",989,1200,false],"thumbnail":["https:\/\/rms-enlinea.com.ar\/wp-content\/uploads\/2025\/07\/D_710824-MLA87648861397_072025-F-150x150.jpg",150,150,true],"medium":["https:\/\/rms-enlinea.com.ar\/wp-content\/uploads\/2025\/07\/D_710824-MLA87648861397_072025-F-247x300.jpg",247,300,true],"medium_large":["https:\/\/rms-enlinea.com.ar\/wp-content\/uploads\/2025\/07\/D_710824-MLA87648861397_072025-F-768x932.jpg",768,932,true],"large":["https:\/\/rms-enlinea.com.ar\/wp-content\/uploads\/2025\/07\/D_710824-MLA87648861397_072025-F-844x1024.jpg",844,1024,true],"1536x1536":["https:\/\/rms-enlinea.com.ar\/wp-content\/uploads\/2025\/07\/D_710824-MLA87648861397_072025-F.jpg",989,1200,false],"2048x2048":["https:\/\/rms-enlinea.com.ar\/wp-content\/uploads\/2025\/07\/D_710824-MLA87648861397_072025-F.jpg",989,1200,false],"woocommerce_thumbnail":["https:\/\/rms-enlinea.com.ar\/wp-content\/uploads\/2025\/07\/D_710824-MLA87648861397_072025-F-450x450.jpg",450,450,true],"woocommerce_single":["https:\/\/rms-enlinea.com.ar\/wp-content\/uploads\/2025\/07\/D_710824-MLA87648861397_072025-F-600x728.jpg",600,728,true],"woocommerce_gallery_thumbnail":["https:\/\/rms-enlinea.com.ar\/wp-content\/uploads\/2025\/07\/D_710824-MLA87648861397_072025-F-100x100.jpg",100,100,true]},"uagb_author_info":{"display_name":"nelson","author_link":"https:\/\/rms-enlinea.com.ar\/tienda\/author\/"},"uagb_comment_info":0,"uagb_excerpt":"InterfazUSB-A o USB-C, seg\u00fan el modeloMotor del sensor\u00d3pticoResoluci\u00f3n (DPI)1200N\u00famero de botones3 (izquierdo, derecho, bot\u00f3n central con rueda de desplazamiento)Longitud del cable1,5 mOtros&#8211;Peso (g)Aprox. 85 gDimensiones (An x Al x Pr) mm (pulgadas)60 x 105 x 37 mm (2,36 x 4,13 x 1,46 pulgadas)Requisitos del sistemaWindows\u00ae 8, 10, 11 o posterior \/ Mac OS X 10.8&hellip;","_links":{"self":[{"href":"https:\/\/rms-enlinea.com.ar\/tienda\/wp-json\/wp\/v2\/product\/50993","targetHints":{"allow":["GET"]}}],"collection":[{"href":"https:\/\/rms-enlinea.com.ar\/tienda\/wp-json\/wp\/v2\/product"}],"about":[{"href":"https:\/\/rms-enlinea.com.ar\/tienda\/wp-json\/wp\/v2\/types\/product"}],"replies":[{"embeddable":true,"href":"https:\/\/rms-enlinea.com.ar\/tienda\/wp-json\/wp\/v2\/comments?post=50993"}],"wp:featuredmedia":[{"embeddable":true,"href":"https:\/\/rms-enlinea.com.ar\/tienda\/wp-json\/wp\/v2\/media\/50994"}],"wp:attachment":[{"href":"https:\/\/rms-enlinea.com.ar\/tienda\/wp-json\/wp\/v2\/media?parent=50993"}],"wp:term":[{"taxonomy":"product_brand","embeddable":true,"href":"https:\/\/rms-enlinea.com.ar\/tienda\/wp-json\/wp\/v2\/product_brand?post=50993"},{"taxonomy":"product_cat","embeddable":true,"href":"https:\/\/rms-enlinea.com.ar\/tienda\/wp-json\/wp\/v2\/product_cat?post=50993"},{"taxonomy":"product_tag","embeddable":true,"href":"https:\/\/rms-enlinea.com.ar\/tienda\/wp-json\/wp\/v2\/product_tag?post=50993"}],"curies":[{"name":"wp","href":"https:\/\/api.w.org\/{rel}","templated":true}]}}