{"id":51062,"date":"2025-07-11T11:40:06","date_gmt":"2025-07-11T14:40:06","guid":{"rendered":"https:\/\/rms-enlinea.com.ar\/tienda\/producto\/teclado-genius-numerico-numpad-125-usb-a\/"},"modified":"2026-04-03T03:47:20","modified_gmt":"2026-04-03T06:47:20","slug":"teclado-genius-numerico-numpad-125-usb-a","status":"publish","type":"product","link":"https:\/\/rms-enlinea.com.ar\/tienda\/producto\/teclado-genius-numerico-numpad-125-usb-a\/","title":{"rendered":"Teclado Genius Numerico Numpad 125 Usb-a"},"content":{"rendered":"<p>Especificaci\u00f3n<br \/>\nInterfaz<br \/>\nUSB A o USB C seg\u00fan el modelo<br \/>\nTipo de tecla<br \/>\nTeclas tipo chocolate<br \/>\nTecla Copilot<br \/>\nS\u00ed<br \/>\nOtros<br \/>\n&#8211;<br \/>\nPeso (g)<br \/>\nAprox. 145 g<br \/>\nDimensiones (An x Al x P) mm (pulgadas)<br \/>\n89 x 100 x 18.3 (3.50&#8243; x 3.94&#8243; x 0.72&#8243;)<br \/>\nRequisitos del sistema<br \/>\nWindows\u00ae 8, 10, 11 o posterior \/ macOS X 10.8 o posterior<\/p>\n","protected":false},"excerpt":{"rendered":"<p>Especificaci\u00f3n Interfaz USB A o USB C seg\u00fan el modelo Tipo de tecla Teclas tipo chocolate Tecla Copilot S\u00ed Otros &#8211; Peso (g) Aprox. 145 g Dimensiones (An x Al x P) mm (pulgadas) 89 x 100 x 18.3 (3.50&#8243; x 3.94&#8243; x 0.72&#8243;) Requisitos del sistema Windows\u00ae 8, 10, 11 o posterior \/ macOS [&hellip;]<\/p>\n","protected":false},"featured_media":51063,"comment_status":"open","ping_status":"closed","template":"","meta":{"_uag_custom_page_level_css":""},"product_brand":[550],"product_cat":[125],"product_tag":[],"class_list":{"0":"post-51062","1":"product","2":"type-product","3":"status-publish","4":"has-post-thumbnail","6":"product_brand-genius","7":"product_cat-teclados-y-mouses","9":"first","10":"outofstock","11":"sale","12":"taxable","13":"shipping-taxable","14":"purchasable","15":"product-type-simple"},"uagb_featured_image_src":{"full":["https:\/\/rms-enlinea.com.ar\/wp-content\/uploads\/2025\/07\/D_643071-MLA87373818524_072025-F.jpg",578,1200,false],"thumbnail":["https:\/\/rms-enlinea.com.ar\/wp-content\/uploads\/2025\/07\/D_643071-MLA87373818524_072025-F-150x150.jpg",150,150,true],"medium":["https:\/\/rms-enlinea.com.ar\/wp-content\/uploads\/2025\/07\/D_643071-MLA87373818524_072025-F-145x300.jpg",145,300,true],"medium_large":["https:\/\/rms-enlinea.com.ar\/wp-content\/uploads\/2025\/07\/D_643071-MLA87373818524_072025-F.jpg",578,1200,false],"large":["https:\/\/rms-enlinea.com.ar\/wp-content\/uploads\/2025\/07\/D_643071-MLA87373818524_072025-F-493x1024.jpg",493,1024,true],"1536x1536":["https:\/\/rms-enlinea.com.ar\/wp-content\/uploads\/2025\/07\/D_643071-MLA87373818524_072025-F.jpg",578,1200,false],"2048x2048":["https:\/\/rms-enlinea.com.ar\/wp-content\/uploads\/2025\/07\/D_643071-MLA87373818524_072025-F.jpg",578,1200,false],"woocommerce_thumbnail":["https:\/\/rms-enlinea.com.ar\/wp-content\/uploads\/2025\/07\/D_643071-MLA87373818524_072025-F-450x450.jpg",450,450,true],"woocommerce_single":["https:\/\/rms-enlinea.com.ar\/wp-content\/uploads\/2025\/07\/D_643071-MLA87373818524_072025-F.jpg",578,1200,false],"woocommerce_gallery_thumbnail":["https:\/\/rms-enlinea.com.ar\/wp-content\/uploads\/2025\/07\/D_643071-MLA87373818524_072025-F-100x100.jpg",100,100,true]},"uagb_author_info":{"display_name":"nelson","author_link":"https:\/\/rms-enlinea.com.ar\/tienda\/author\/"},"uagb_comment_info":0,"uagb_excerpt":"Especificaci\u00f3n Interfaz USB A o USB C seg\u00fan el modelo Tipo de tecla Teclas tipo chocolate Tecla Copilot S\u00ed Otros &#8211; Peso (g) Aprox. 145 g Dimensiones (An x Al x P) mm (pulgadas) 89 x 100 x 18.3 (3.50&#8243; x 3.94&#8243; x 0.72&#8243;) Requisitos del sistema Windows\u00ae 8, 10, 11 o posterior \/ macOS&hellip;","_links":{"self":[{"href":"https:\/\/rms-enlinea.com.ar\/tienda\/wp-json\/wp\/v2\/product\/51062","targetHints":{"allow":["GET"]}}],"collection":[{"href":"https:\/\/rms-enlinea.com.ar\/tienda\/wp-json\/wp\/v2\/product"}],"about":[{"href":"https:\/\/rms-enlinea.com.ar\/tienda\/wp-json\/wp\/v2\/types\/product"}],"replies":[{"embeddable":true,"href":"https:\/\/rms-enlinea.com.ar\/tienda\/wp-json\/wp\/v2\/comments?post=51062"}],"wp:featuredmedia":[{"embeddable":true,"href":"https:\/\/rms-enlinea.com.ar\/tienda\/wp-json\/wp\/v2\/media\/51063"}],"wp:attachment":[{"href":"https:\/\/rms-enlinea.com.ar\/tienda\/wp-json\/wp\/v2\/media?parent=51062"}],"wp:term":[{"taxonomy":"product_brand","embeddable":true,"href":"https:\/\/rms-enlinea.com.ar\/tienda\/wp-json\/wp\/v2\/product_brand?post=51062"},{"taxonomy":"product_cat","embeddable":true,"href":"https:\/\/rms-enlinea.com.ar\/tienda\/wp-json\/wp\/v2\/product_cat?post=51062"},{"taxonomy":"product_tag","embeddable":true,"href":"https:\/\/rms-enlinea.com.ar\/tienda\/wp-json\/wp\/v2\/product_tag?post=51062"}],"curies":[{"name":"wp","href":"https:\/\/api.w.org\/{rel}","templated":true}]}}