{"id":51072,"date":"2025-07-11T12:20:16","date_gmt":"2025-07-11T15:20:16","guid":{"rendered":"https:\/\/rms-enlinea.com.ar\/tienda\/producto\/parlantes-genius-rs2-sp-hf520bt-pine-wood\/"},"modified":"2026-04-21T07:06:16","modified_gmt":"2026-04-21T10:06:16","slug":"parlantes-genius-rs2-sp-hf520bt-pine-wood","status":"publish","type":"product","link":"https:\/\/rms-enlinea.com.ar\/tienda\/producto\/parlantes-genius-rs2-sp-hf520bt-pine-wood\/","title":{"rendered":"Parlantes Genius Rs2 Sp-hf520bt Pine Wood"},"content":{"rendered":"<p>Especificaci\u00f3n<br \/>Fuente de alimentaci\u00f3n<br \/>100 V \u2013 240 V<br \/>Entrada de audio<br \/>Conector de entrada de audio de 3,5 mm<br \/>Potencia total de salida (W)<br \/>20 W<br \/>Respuesta de frecuencia<br \/>40 ~ 20 kHz<br \/>Relaci\u00f3n S\/N<br \/>75 dB<br \/>Control de graves<br \/>S\u00ed, 3D<br \/>Control de tono<br \/>S\u00ed<br \/>Control de volumen<br \/>S\u00ed<br \/>Entrada de l\u00ednea<br \/>S\u00ed<br \/>Conector para auriculares<br \/>S\u00ed<br \/>Otros<br \/>&#8211;<br \/>Peso (gramos)<br \/>Aprox. 1896 g<br \/>Dimensiones (An x Al x Pr) mm (pulgadas)<br \/>110 x 207 x 124.5 ( 4.33&#8243; x 8.15&#8243; x 4.9&#8243; )<br \/>Requisitos del sistema<br \/>Compatible con entrada de 0,14 pulgadas (3,5 mm), incluyendo televisores, computadoras, smartphones y reproductores de m\u00fasica para tabletas.<\/p>\n","protected":false},"excerpt":{"rendered":"<p>Especificaci\u00f3nFuente de alimentaci\u00f3n100 V \u2013 240 VEntrada de audioConector de entrada de audio de 3,5 mmPotencia total de salida (W)20 WRespuesta de frecuencia40 ~ 20 kHzRelaci\u00f3n S\/N75 dBControl de gravesS\u00ed, 3DControl de tonoS\u00edControl de volumenS\u00edEntrada de l\u00edneaS\u00edConector para auricularesS\u00edOtros&#8211;Peso (gramos)Aprox. 1896 gDimensiones (An x Al x Pr) mm (pulgadas)110 x 207 x 124.5 ( 4.33&#8243; [&hellip;]<\/p>\n","protected":false},"featured_media":51073,"comment_status":"open","ping_status":"closed","template":"","meta":{"_uag_custom_page_level_css":""},"product_brand":[550],"product_cat":[124],"product_tag":[],"class_list":{"0":"post-51072","1":"product","2":"type-product","3":"status-publish","4":"has-post-thumbnail","6":"product_brand-genius","7":"product_cat-sistemas-de-sonido-parlantes","9":"first","10":"outofstock","11":"sale","12":"taxable","13":"shipping-taxable","14":"purchasable","15":"product-type-simple"},"uagb_featured_image_src":{"full":["https:\/\/rms-enlinea.com.ar\/wp-content\/uploads\/2025\/07\/D_745818-MLA87378473640_072025-F.jpg",1198,1079,false],"thumbnail":["https:\/\/rms-enlinea.com.ar\/wp-content\/uploads\/2025\/07\/D_745818-MLA87378473640_072025-F-150x150.jpg",150,150,true],"medium":["https:\/\/rms-enlinea.com.ar\/wp-content\/uploads\/2025\/07\/D_745818-MLA87378473640_072025-F-300x270.jpg",300,270,true],"medium_large":["https:\/\/rms-enlinea.com.ar\/wp-content\/uploads\/2025\/07\/D_745818-MLA87378473640_072025-F-768x692.jpg",768,692,true],"large":["https:\/\/rms-enlinea.com.ar\/wp-content\/uploads\/2025\/07\/D_745818-MLA87378473640_072025-F-1024x922.jpg",1024,922,true],"1536x1536":["https:\/\/rms-enlinea.com.ar\/wp-content\/uploads\/2025\/07\/D_745818-MLA87378473640_072025-F.jpg",1198,1079,false],"2048x2048":["https:\/\/rms-enlinea.com.ar\/wp-content\/uploads\/2025\/07\/D_745818-MLA87378473640_072025-F.jpg",1198,1079,false],"woocommerce_thumbnail":["https:\/\/rms-enlinea.com.ar\/wp-content\/uploads\/2025\/07\/D_745818-MLA87378473640_072025-F-450x450.jpg",450,450,true],"woocommerce_single":["https:\/\/rms-enlinea.com.ar\/wp-content\/uploads\/2025\/07\/D_745818-MLA87378473640_072025-F-600x540.jpg",600,540,true],"woocommerce_gallery_thumbnail":["https:\/\/rms-enlinea.com.ar\/wp-content\/uploads\/2025\/07\/D_745818-MLA87378473640_072025-F-100x100.jpg",100,100,true]},"uagb_author_info":{"display_name":"nelson","author_link":"https:\/\/rms-enlinea.com.ar\/tienda\/author\/"},"uagb_comment_info":0,"uagb_excerpt":"Especificaci\u00f3nFuente de alimentaci\u00f3n100 V \u2013 240 VEntrada de audioConector de entrada de audio de 3,5 mmPotencia total de salida (W)20 WRespuesta de frecuencia40 ~ 20 kHzRelaci\u00f3n S\/N75 dBControl de gravesS\u00ed, 3DControl de tonoS\u00edControl de volumenS\u00edEntrada de l\u00edneaS\u00edConector para auricularesS\u00edOtros&#8211;Peso (gramos)Aprox. 1896 gDimensiones (An x Al x Pr) mm (pulgadas)110 x 207 x 124.5 ( 4.33&#8243;&hellip;","_links":{"self":[{"href":"https:\/\/rms-enlinea.com.ar\/tienda\/wp-json\/wp\/v2\/product\/51072","targetHints":{"allow":["GET"]}}],"collection":[{"href":"https:\/\/rms-enlinea.com.ar\/tienda\/wp-json\/wp\/v2\/product"}],"about":[{"href":"https:\/\/rms-enlinea.com.ar\/tienda\/wp-json\/wp\/v2\/types\/product"}],"replies":[{"embeddable":true,"href":"https:\/\/rms-enlinea.com.ar\/tienda\/wp-json\/wp\/v2\/comments?post=51072"}],"wp:featuredmedia":[{"embeddable":true,"href":"https:\/\/rms-enlinea.com.ar\/tienda\/wp-json\/wp\/v2\/media\/51073"}],"wp:attachment":[{"href":"https:\/\/rms-enlinea.com.ar\/tienda\/wp-json\/wp\/v2\/media?parent=51072"}],"wp:term":[{"taxonomy":"product_brand","embeddable":true,"href":"https:\/\/rms-enlinea.com.ar\/tienda\/wp-json\/wp\/v2\/product_brand?post=51072"},{"taxonomy":"product_cat","embeddable":true,"href":"https:\/\/rms-enlinea.com.ar\/tienda\/wp-json\/wp\/v2\/product_cat?post=51072"},{"taxonomy":"product_tag","embeddable":true,"href":"https:\/\/rms-enlinea.com.ar\/tienda\/wp-json\/wp\/v2\/product_tag?post=51072"}],"curies":[{"name":"wp","href":"https:\/\/api.w.org\/{rel}","templated":true}]}}