{"id":51285,"date":"2025-07-12T13:20:12","date_gmt":"2025-07-12T16:20:12","guid":{"rendered":"https:\/\/rms-enlinea.com.ar\/tienda\/producto\/cooler-para-cpu-kelyx-para-amd-intel-pot-max-95w\/"},"modified":"2026-04-02T18:52:54","modified_gmt":"2026-04-02T21:52:54","slug":"cooler-para-cpu-kelyx-para-amd-intel-pot-max-95w","status":"publish","type":"product","link":"https:\/\/rms-enlinea.com.ar\/tienda\/producto\/cooler-para-cpu-kelyx-para-amd-intel-pot-max-95w\/","title":{"rendered":"Cooler Para Cpu Kelyx Para Amd Intel Pot Max 95w"},"content":{"rendered":"<p>Tama\u00f1o del Producto\t95(L)*65(W)*133(H)mm<br \/>Tama\u00f1o del Ventilador\t92*92*25mm<br \/>Velocidad del Ventilador \t200RPM<br \/>Peso \t310g<br \/>Tipo de Rodamiento\tHidr\u00e1ulico Autom\u00e1tico<br \/>Voltaje de Arranque\t7 VDC<br \/>Voltaje de Nomina\t12 VDC<br \/>Corriente Nominal\t0.2A<br \/>Flujo de Aire\t48CFM<br \/>Relaci\u00f3n Se\u00f1al-Ruido\t18dBA<br \/>Vida \u00datil\t50.000hs<\/p>\n","protected":false},"excerpt":{"rendered":"<p>Tama\u00f1o del Producto 95(L)*65(W)*133(H)mmTama\u00f1o del Ventilador 92*92*25mmVelocidad del Ventilador 200RPMPeso 310gTipo de Rodamiento Hidr\u00e1ulico Autom\u00e1ticoVoltaje de Arranque 7 VDCVoltaje de Nomina 12 VDCCorriente Nominal 0.2AFlujo de Aire 48CFMRelaci\u00f3n Se\u00f1al-Ruido 18dBAVida \u00datil 50.000hs<\/p>\n","protected":false},"featured_media":51286,"comment_status":"open","ping_status":"closed","template":"","meta":{"_uag_custom_page_level_css":""},"product_brand":[572],"product_cat":[105],"product_tag":[],"class_list":{"0":"post-51285","1":"product","2":"type-product","3":"status-publish","4":"has-post-thumbnail","6":"product_brand-raptor-gaming","7":"product_cat-cooler-y-sistemas-de-refrigeracion","9":"first","10":"outofstock","11":"sale","12":"taxable","13":"shipping-taxable","14":"purchasable","15":"product-type-simple"},"uagb_featured_image_src":{"full":["https:\/\/rms-enlinea.com.ar\/wp-content\/uploads\/2025\/07\/D_680829-MLA87785698315_072025-F.jpg",579,678,false],"thumbnail":["https:\/\/rms-enlinea.com.ar\/wp-content\/uploads\/2025\/07\/D_680829-MLA87785698315_072025-F-150x150.jpg",150,150,true],"medium":["https:\/\/rms-enlinea.com.ar\/wp-content\/uploads\/2025\/07\/D_680829-MLA87785698315_072025-F-256x300.jpg",256,300,true],"medium_large":["https:\/\/rms-enlinea.com.ar\/wp-content\/uploads\/2025\/07\/D_680829-MLA87785698315_072025-F.jpg",579,678,false],"large":["https:\/\/rms-enlinea.com.ar\/wp-content\/uploads\/2025\/07\/D_680829-MLA87785698315_072025-F.jpg",579,678,false],"1536x1536":["https:\/\/rms-enlinea.com.ar\/wp-content\/uploads\/2025\/07\/D_680829-MLA87785698315_072025-F.jpg",579,678,false],"2048x2048":["https:\/\/rms-enlinea.com.ar\/wp-content\/uploads\/2025\/07\/D_680829-MLA87785698315_072025-F.jpg",579,678,false],"woocommerce_thumbnail":["https:\/\/rms-enlinea.com.ar\/wp-content\/uploads\/2025\/07\/D_680829-MLA87785698315_072025-F-450x450.jpg",450,450,true],"woocommerce_single":["https:\/\/rms-enlinea.com.ar\/wp-content\/uploads\/2025\/07\/D_680829-MLA87785698315_072025-F.jpg",579,678,false],"woocommerce_gallery_thumbnail":["https:\/\/rms-enlinea.com.ar\/wp-content\/uploads\/2025\/07\/D_680829-MLA87785698315_072025-F-100x100.jpg",100,100,true]},"uagb_author_info":{"display_name":"nelson","author_link":"https:\/\/rms-enlinea.com.ar\/tienda\/author\/"},"uagb_comment_info":0,"uagb_excerpt":"Tama\u00f1o del Producto 95(L)*65(W)*133(H)mmTama\u00f1o del Ventilador 92*92*25mmVelocidad del Ventilador 200RPMPeso 310gTipo de Rodamiento Hidr\u00e1ulico Autom\u00e1ticoVoltaje de Arranque 7 VDCVoltaje de Nomina 12 VDCCorriente Nominal 0.2AFlujo de Aire 48CFMRelaci\u00f3n Se\u00f1al-Ruido 18dBAVida \u00datil 50.000hs","_links":{"self":[{"href":"https:\/\/rms-enlinea.com.ar\/tienda\/wp-json\/wp\/v2\/product\/51285","targetHints":{"allow":["GET"]}}],"collection":[{"href":"https:\/\/rms-enlinea.com.ar\/tienda\/wp-json\/wp\/v2\/product"}],"about":[{"href":"https:\/\/rms-enlinea.com.ar\/tienda\/wp-json\/wp\/v2\/types\/product"}],"replies":[{"embeddable":true,"href":"https:\/\/rms-enlinea.com.ar\/tienda\/wp-json\/wp\/v2\/comments?post=51285"}],"wp:featuredmedia":[{"embeddable":true,"href":"https:\/\/rms-enlinea.com.ar\/tienda\/wp-json\/wp\/v2\/media\/51286"}],"wp:attachment":[{"href":"https:\/\/rms-enlinea.com.ar\/tienda\/wp-json\/wp\/v2\/media?parent=51285"}],"wp:term":[{"taxonomy":"product_brand","embeddable":true,"href":"https:\/\/rms-enlinea.com.ar\/tienda\/wp-json\/wp\/v2\/product_brand?post=51285"},{"taxonomy":"product_cat","embeddable":true,"href":"https:\/\/rms-enlinea.com.ar\/tienda\/wp-json\/wp\/v2\/product_cat?post=51285"},{"taxonomy":"product_tag","embeddable":true,"href":"https:\/\/rms-enlinea.com.ar\/tienda\/wp-json\/wp\/v2\/product_tag?post=51285"}],"curies":[{"name":"wp","href":"https:\/\/api.w.org\/{rel}","templated":true}]}}