{"id":51291,"date":"2025-07-12T13:20:20","date_gmt":"2025-07-12T16:20:20","guid":{"rendered":"https:\/\/rms-enlinea.com.ar\/tienda\/producto\/cooler-para-cpu-raptor-cryo-rgb-amd-intel-pot-max-95w\/"},"modified":"2026-04-06T12:23:25","modified_gmt":"2026-04-06T15:23:25","slug":"cooler-para-cpu-raptor-cryo-rgb-amd-intel-pot-max-95w","status":"publish","type":"product","link":"https:\/\/rms-enlinea.com.ar\/tienda\/producto\/cooler-para-cpu-raptor-cryo-rgb-amd-intel-pot-max-95w\/","title":{"rendered":"Cooler Para Cpu Raptor Cryo Rgb Amd Intel Pot Max 95w"},"content":{"rendered":"<p>Tama\u00f1o del producto\t 95(L) 65(W) 133(H)mm<br \/>Tama\u00f1o del ventilador\t 92 92 25 mm<br \/>Velocidad del ventilador\t 2000RPM 10%<br \/>Peso\t310g<br \/>Conector\t3 pines<br \/>Tipo de rodamiento\t Hidr\u00e1ulico autom\u00e1tico<br \/>Voltaje de arranque\t7VDC<br \/>Voltaje nomina\t12VDC<br \/>Corriente nominal\t0.2a 10%<br \/>Flujo de aire\t48 Cfm<br \/>Relaci\u00f3n se\u00f1al-ruido\t 18 dBA 10%<br \/>Vida \u00fatil\t50.000 horas.<\/p>\n","protected":false},"excerpt":{"rendered":"<p>Tama\u00f1o del producto 95(L) 65(W) 133(H)mmTama\u00f1o del ventilador 92 92 25 mmVelocidad del ventilador 2000RPM 10%Peso 310gConector 3 pinesTipo de rodamiento Hidr\u00e1ulico autom\u00e1ticoVoltaje de arranque 7VDCVoltaje nomina 12VDCCorriente nominal 0.2a 10%Flujo de aire 48 CfmRelaci\u00f3n se\u00f1al-ruido 18 dBA 10%Vida \u00fatil 50.000 horas.<\/p>\n","protected":false},"featured_media":51292,"comment_status":"open","ping_status":"closed","template":"","meta":{"_uag_custom_page_level_css":""},"product_brand":[572],"product_cat":[105],"product_tag":[],"class_list":{"0":"post-51291","1":"product","2":"type-product","3":"status-publish","4":"has-post-thumbnail","6":"product_brand-raptor-gaming","7":"product_cat-cooler-y-sistemas-de-refrigeracion","9":"first","10":"outofstock","11":"sale","12":"taxable","13":"shipping-taxable","14":"purchasable","15":"product-type-simple"},"uagb_featured_image_src":{"full":["https:\/\/rms-enlinea.com.ar\/wp-content\/uploads\/2025\/07\/D_779296-MLA87455776090_072025-F.jpg",985,1200,false],"thumbnail":["https:\/\/rms-enlinea.com.ar\/wp-content\/uploads\/2025\/07\/D_779296-MLA87455776090_072025-F-150x150.jpg",150,150,true],"medium":["https:\/\/rms-enlinea.com.ar\/wp-content\/uploads\/2025\/07\/D_779296-MLA87455776090_072025-F-246x300.jpg",246,300,true],"medium_large":["https:\/\/rms-enlinea.com.ar\/wp-content\/uploads\/2025\/07\/D_779296-MLA87455776090_072025-F-768x936.jpg",768,936,true],"large":["https:\/\/rms-enlinea.com.ar\/wp-content\/uploads\/2025\/07\/D_779296-MLA87455776090_072025-F-841x1024.jpg",841,1024,true],"1536x1536":["https:\/\/rms-enlinea.com.ar\/wp-content\/uploads\/2025\/07\/D_779296-MLA87455776090_072025-F.jpg",985,1200,false],"2048x2048":["https:\/\/rms-enlinea.com.ar\/wp-content\/uploads\/2025\/07\/D_779296-MLA87455776090_072025-F.jpg",985,1200,false],"woocommerce_thumbnail":["https:\/\/rms-enlinea.com.ar\/wp-content\/uploads\/2025\/07\/D_779296-MLA87455776090_072025-F-450x450.jpg",450,450,true],"woocommerce_single":["https:\/\/rms-enlinea.com.ar\/wp-content\/uploads\/2025\/07\/D_779296-MLA87455776090_072025-F-600x731.jpg",600,731,true],"woocommerce_gallery_thumbnail":["https:\/\/rms-enlinea.com.ar\/wp-content\/uploads\/2025\/07\/D_779296-MLA87455776090_072025-F-100x100.jpg",100,100,true]},"uagb_author_info":{"display_name":"nelson","author_link":"https:\/\/rms-enlinea.com.ar\/tienda\/author\/"},"uagb_comment_info":0,"uagb_excerpt":"Tama\u00f1o del producto 95(L) 65(W) 133(H)mmTama\u00f1o del ventilador 92 92 25 mmVelocidad del ventilador 2000RPM 10%Peso 310gConector 3 pinesTipo de rodamiento Hidr\u00e1ulico autom\u00e1ticoVoltaje de arranque 7VDCVoltaje nomina 12VDCCorriente nominal 0.2a 10%Flujo de aire 48 CfmRelaci\u00f3n se\u00f1al-ruido 18 dBA 10%Vida \u00fatil 50.000 horas.","_links":{"self":[{"href":"https:\/\/rms-enlinea.com.ar\/tienda\/wp-json\/wp\/v2\/product\/51291","targetHints":{"allow":["GET"]}}],"collection":[{"href":"https:\/\/rms-enlinea.com.ar\/tienda\/wp-json\/wp\/v2\/product"}],"about":[{"href":"https:\/\/rms-enlinea.com.ar\/tienda\/wp-json\/wp\/v2\/types\/product"}],"replies":[{"embeddable":true,"href":"https:\/\/rms-enlinea.com.ar\/tienda\/wp-json\/wp\/v2\/comments?post=51291"}],"wp:featuredmedia":[{"embeddable":true,"href":"https:\/\/rms-enlinea.com.ar\/tienda\/wp-json\/wp\/v2\/media\/51292"}],"wp:attachment":[{"href":"https:\/\/rms-enlinea.com.ar\/tienda\/wp-json\/wp\/v2\/media?parent=51291"}],"wp:term":[{"taxonomy":"product_brand","embeddable":true,"href":"https:\/\/rms-enlinea.com.ar\/tienda\/wp-json\/wp\/v2\/product_brand?post=51291"},{"taxonomy":"product_cat","embeddable":true,"href":"https:\/\/rms-enlinea.com.ar\/tienda\/wp-json\/wp\/v2\/product_cat?post=51291"},{"taxonomy":"product_tag","embeddable":true,"href":"https:\/\/rms-enlinea.com.ar\/tienda\/wp-json\/wp\/v2\/product_tag?post=51291"}],"curies":[{"name":"wp","href":"https:\/\/api.w.org\/{rel}","templated":true}]}}