{"id":51305,"date":"2025-07-12T13:40:07","date_gmt":"2025-07-12T16:40:07","guid":{"rendered":"https:\/\/rms-enlinea.com.ar\/tienda\/producto\/cabezal-movil-tecshow-ampro-molly-beam-kit-x-6-con-baul\/"},"modified":"2026-05-03T23:44:38","modified_gmt":"2026-05-04T02:44:38","slug":"cabezal-movil-tecshow-ampro-molly-beam-kit-x-6-con-baul","status":"publish","type":"product","link":"https:\/\/rms-enlinea.com.ar\/tienda\/producto\/cabezal-movil-tecshow-ampro-molly-beam-kit-x-6-con-baul\/","title":{"rendered":"Cabezal Movil Tecshow Ampro Molly Beam Kit X 6 Con Baul"},"content":{"rendered":"<p>\/\/\/ IMPORTANTE \u2013 INFO<\/p>\n<p>\/\/\/ EL M\u00c1XIMO PERMITIDO POR MERCADO ENVIOS ES DE 1.5M. POR ESE MOTIVO EL PRODUCTO TIENE QUE SER RETIRADO O ENVIADO POR TRANSPORTE. <\/p>\n<p>\/\/\/ USAR LA OPCION RETIRO EN DOMICILIO DEL VENDEDOR Y COORDINAR .<\/p>\n<p>Fuente &amp; \u00d3pticas<br \/>Fuente de luz: LED de 150W Beam + anillo RGB SMD Rueda de Colores: 7 colores + blanco Gobo: 11 patrones + abierto Prisma: 18 caras Efecto Arco\u00edris: 6 colores de efecto arco\u00edris \u00c1ngulo del Haz: 3\u00b0 Dimmer: lineal de 0~100% Estrobo: 1~20 Hz por segundo, ajustable Duraci\u00f3n de la Luz: &gt;20,000 horas<br \/>Control y Conectividad<br \/>Canales DMX: 13\/15 Modo de Control: DMX, M\/S, audior\u00edtmico. Pantalla: LCD integarda Nivel de Protecci\u00f3n IP: IP20 para uso interior<br \/>Movimiento<br \/>Pan: 540\u00b0 Tilt: 200\u00b0 Velocidad de Giro: ajustable<br \/>F\u00edsico<br \/>Dimensiones Molly Beam: 37 x 28 x 27 cm Dimensiones case: 67 x 63 x 56,5 cm Peso: 5.3 kg<\/p>\n","protected":false},"excerpt":{"rendered":"<p>\/\/\/ IMPORTANTE \u2013 INFO \/\/\/ EL M\u00c1XIMO PERMITIDO POR MERCADO ENVIOS ES DE 1.5M. POR ESE MOTIVO EL PRODUCTO TIENE QUE SER RETIRADO O ENVIADO POR TRANSPORTE. \/\/\/ USAR LA OPCION RETIRO EN DOMICILIO DEL VENDEDOR Y COORDINAR . Fuente &amp; \u00d3pticasFuente de luz: LED de 150W Beam + anillo RGB SMD Rueda de Colores: [&hellip;]<\/p>\n","protected":false},"featured_media":51306,"comment_status":"open","ping_status":"closed","template":"","meta":{"_uag_custom_page_level_css":""},"product_brand":[477],"product_cat":[84,15],"product_tag":[],"class_list":{"0":"post-51305","1":"product","2":"type-product","3":"status-publish","4":"has-post-thumbnail","6":"product_brand-ampro","7":"product_cat-cabezales-moviles","8":"product_cat-sin-categorizar","10":"first","11":"instock","12":"sale","13":"taxable","14":"shipping-taxable","15":"purchasable","16":"product-type-simple"},"uagb_featured_image_src":{"full":["https:\/\/rms-enlinea.com.ar\/wp-content\/uploads\/2025\/07\/D_687915-MLA87786390853_072025-F.jpg",838,1064,false],"thumbnail":["https:\/\/rms-enlinea.com.ar\/wp-content\/uploads\/2025\/07\/D_687915-MLA87786390853_072025-F-150x150.jpg",150,150,true],"medium":["https:\/\/rms-enlinea.com.ar\/wp-content\/uploads\/2025\/07\/D_687915-MLA87786390853_072025-F-236x300.jpg",236,300,true],"medium_large":["https:\/\/rms-enlinea.com.ar\/wp-content\/uploads\/2025\/07\/D_687915-MLA87786390853_072025-F-768x975.jpg",768,975,true],"large":["https:\/\/rms-enlinea.com.ar\/wp-content\/uploads\/2025\/07\/D_687915-MLA87786390853_072025-F-806x1024.jpg",806,1024,true],"1536x1536":["https:\/\/rms-enlinea.com.ar\/wp-content\/uploads\/2025\/07\/D_687915-MLA87786390853_072025-F.jpg",838,1064,false],"2048x2048":["https:\/\/rms-enlinea.com.ar\/wp-content\/uploads\/2025\/07\/D_687915-MLA87786390853_072025-F.jpg",838,1064,false],"woocommerce_thumbnail":["https:\/\/rms-enlinea.com.ar\/wp-content\/uploads\/2025\/07\/D_687915-MLA87786390853_072025-F-450x450.jpg",450,450,true],"woocommerce_single":["https:\/\/rms-enlinea.com.ar\/wp-content\/uploads\/2025\/07\/D_687915-MLA87786390853_072025-F-600x762.jpg",600,762,true],"woocommerce_gallery_thumbnail":["https:\/\/rms-enlinea.com.ar\/wp-content\/uploads\/2025\/07\/D_687915-MLA87786390853_072025-F-100x100.jpg",100,100,true]},"uagb_author_info":{"display_name":"nelson","author_link":"https:\/\/rms-enlinea.com.ar\/tienda\/author\/"},"uagb_comment_info":0,"uagb_excerpt":"\/\/\/ IMPORTANTE \u2013 INFO \/\/\/ EL M\u00c1XIMO PERMITIDO POR MERCADO ENVIOS ES DE 1.5M. POR ESE MOTIVO EL PRODUCTO TIENE QUE SER RETIRADO O ENVIADO POR TRANSPORTE. \/\/\/ USAR LA OPCION RETIRO EN DOMICILIO DEL VENDEDOR Y COORDINAR . Fuente &amp; \u00d3pticasFuente de luz: LED de 150W Beam + anillo RGB SMD Rueda de Colores:&hellip;","_links":{"self":[{"href":"https:\/\/rms-enlinea.com.ar\/tienda\/wp-json\/wp\/v2\/product\/51305","targetHints":{"allow":["GET"]}}],"collection":[{"href":"https:\/\/rms-enlinea.com.ar\/tienda\/wp-json\/wp\/v2\/product"}],"about":[{"href":"https:\/\/rms-enlinea.com.ar\/tienda\/wp-json\/wp\/v2\/types\/product"}],"replies":[{"embeddable":true,"href":"https:\/\/rms-enlinea.com.ar\/tienda\/wp-json\/wp\/v2\/comments?post=51305"}],"wp:featuredmedia":[{"embeddable":true,"href":"https:\/\/rms-enlinea.com.ar\/tienda\/wp-json\/wp\/v2\/media\/51306"}],"wp:attachment":[{"href":"https:\/\/rms-enlinea.com.ar\/tienda\/wp-json\/wp\/v2\/media?parent=51305"}],"wp:term":[{"taxonomy":"product_brand","embeddable":true,"href":"https:\/\/rms-enlinea.com.ar\/tienda\/wp-json\/wp\/v2\/product_brand?post=51305"},{"taxonomy":"product_cat","embeddable":true,"href":"https:\/\/rms-enlinea.com.ar\/tienda\/wp-json\/wp\/v2\/product_cat?post=51305"},{"taxonomy":"product_tag","embeddable":true,"href":"https:\/\/rms-enlinea.com.ar\/tienda\/wp-json\/wp\/v2\/product_tag?post=51305"}],"curies":[{"name":"wp","href":"https:\/\/api.w.org\/{rel}","templated":true}]}}