{"id":51315,"date":"2025-07-12T13:40:18","date_gmt":"2025-07-12T16:40:18","guid":{"rendered":"https:\/\/rms-enlinea.com.ar\/tienda\/producto\/cabezal-movil-tecshow-ampro-molly-beam-150w-anillo-rgb\/"},"modified":"2026-03-15T21:56:16","modified_gmt":"2026-03-16T00:56:16","slug":"cabezal-movil-tecshow-ampro-molly-beam-150w-anillo-rgb","status":"publish","type":"product","link":"https:\/\/rms-enlinea.com.ar\/tienda\/producto\/cabezal-movil-tecshow-ampro-molly-beam-150w-anillo-rgb\/","title":{"rendered":"Cabezal Movil Tecshow Ampro Molly Beam 150w + Anillo Rgb"},"content":{"rendered":"<p>Fuente &amp; \u00d3pticas<br \/>\nFuente de luz: LED de 150W Beam + anillo RGB SMD Rueda de Colores: 7 colores + blanco Gobo: 11 patrones + abierto Prisma: 18 caras Efecto Arco\u00edris: 6 colores de efecto arco\u00edris \u00c1ngulo del Haz: 3\u00b0 Dimmer: lineal de 0~100% Estrobo: 1~20 Hz por segundo, ajustable Duraci\u00f3n de la Luz: &gt;20,000 horas<br \/>\nControl y Conectividad<br \/>\nCanales DMX: 13\/15 Modo de Control: DMX, M\/S, audior\u00edtmico. Pantalla: LCD integarda Nivel de Protecci\u00f3n IP: IP20 para uso interior<br \/>\nMovimiento<br \/>\nPan: 540\u00b0 Tilt: 200\u00b0 Velocidad de Giro: ajustable<br \/>\nF\u00edsico<br \/>\nDimensiones Molly Beam: 37 x 28 x 27 cm Dimensiones case: 67 x 63 x 56,5 cm Peso: 5.3 kg<\/p>\n","protected":false},"excerpt":{"rendered":"<p>Fuente &amp; \u00d3pticas Fuente de luz: LED de 150W Beam + anillo RGB SMD Rueda de Colores: 7 colores + blanco Gobo: 11 patrones + abierto Prisma: 18 caras Efecto Arco\u00edris: 6 colores de efecto arco\u00edris \u00c1ngulo del Haz: 3\u00b0 Dimmer: lineal de 0~100% Estrobo: 1~20 Hz por segundo, ajustable Duraci\u00f3n de la Luz: &gt;20,000 [&hellip;]<\/p>\n","protected":false},"featured_media":51307,"comment_status":"open","ping_status":"closed","template":"","meta":{"_uag_custom_page_level_css":""},"product_brand":[477],"product_cat":[84],"product_tag":[],"class_list":{"0":"post-51315","1":"product","2":"type-product","3":"status-publish","4":"has-post-thumbnail","6":"product_brand-ampro","7":"product_cat-cabezales-moviles","9":"first","10":"instock","11":"taxable","12":"shipping-taxable","13":"purchasable","14":"product-type-simple"},"uagb_featured_image_src":{"full":["https:\/\/rms-enlinea.com.ar\/wp-content\/uploads\/2025\/07\/D_935100-MLA87786785647_072025-F.jpg",606,871,false],"thumbnail":["https:\/\/rms-enlinea.com.ar\/wp-content\/uploads\/2025\/07\/D_935100-MLA87786785647_072025-F-150x150.jpg",150,150,true],"medium":["https:\/\/rms-enlinea.com.ar\/wp-content\/uploads\/2025\/07\/D_935100-MLA87786785647_072025-F-209x300.jpg",209,300,true],"medium_large":["https:\/\/rms-enlinea.com.ar\/wp-content\/uploads\/2025\/07\/D_935100-MLA87786785647_072025-F.jpg",606,871,false],"large":["https:\/\/rms-enlinea.com.ar\/wp-content\/uploads\/2025\/07\/D_935100-MLA87786785647_072025-F.jpg",606,871,false],"1536x1536":["https:\/\/rms-enlinea.com.ar\/wp-content\/uploads\/2025\/07\/D_935100-MLA87786785647_072025-F.jpg",606,871,false],"2048x2048":["https:\/\/rms-enlinea.com.ar\/wp-content\/uploads\/2025\/07\/D_935100-MLA87786785647_072025-F.jpg",606,871,false],"woocommerce_thumbnail":["https:\/\/rms-enlinea.com.ar\/wp-content\/uploads\/2025\/07\/D_935100-MLA87786785647_072025-F-450x450.jpg",450,450,true],"woocommerce_single":["https:\/\/rms-enlinea.com.ar\/wp-content\/uploads\/2025\/07\/D_935100-MLA87786785647_072025-F-600x862.jpg",600,862,true],"woocommerce_gallery_thumbnail":["https:\/\/rms-enlinea.com.ar\/wp-content\/uploads\/2025\/07\/D_935100-MLA87786785647_072025-F-100x100.jpg",100,100,true]},"uagb_author_info":{"display_name":"mario","author_link":"https:\/\/rms-enlinea.com.ar\/tienda\/author\/"},"uagb_comment_info":0,"uagb_excerpt":"Fuente &amp; \u00d3pticas Fuente de luz: LED de 150W Beam + anillo RGB SMD Rueda de Colores: 7 colores + blanco Gobo: 11 patrones + abierto Prisma: 18 caras Efecto Arco\u00edris: 6 colores de efecto arco\u00edris \u00c1ngulo del Haz: 3\u00b0 Dimmer: lineal de 0~100% Estrobo: 1~20 Hz por segundo, ajustable Duraci\u00f3n de la Luz: &gt;20,000&hellip;","_links":{"self":[{"href":"https:\/\/rms-enlinea.com.ar\/tienda\/wp-json\/wp\/v2\/product\/51315","targetHints":{"allow":["GET"]}}],"collection":[{"href":"https:\/\/rms-enlinea.com.ar\/tienda\/wp-json\/wp\/v2\/product"}],"about":[{"href":"https:\/\/rms-enlinea.com.ar\/tienda\/wp-json\/wp\/v2\/types\/product"}],"replies":[{"embeddable":true,"href":"https:\/\/rms-enlinea.com.ar\/tienda\/wp-json\/wp\/v2\/comments?post=51315"}],"wp:featuredmedia":[{"embeddable":true,"href":"https:\/\/rms-enlinea.com.ar\/tienda\/wp-json\/wp\/v2\/media\/51307"}],"wp:attachment":[{"href":"https:\/\/rms-enlinea.com.ar\/tienda\/wp-json\/wp\/v2\/media?parent=51315"}],"wp:term":[{"taxonomy":"product_brand","embeddable":true,"href":"https:\/\/rms-enlinea.com.ar\/tienda\/wp-json\/wp\/v2\/product_brand?post=51315"},{"taxonomy":"product_cat","embeddable":true,"href":"https:\/\/rms-enlinea.com.ar\/tienda\/wp-json\/wp\/v2\/product_cat?post=51315"},{"taxonomy":"product_tag","embeddable":true,"href":"https:\/\/rms-enlinea.com.ar\/tienda\/wp-json\/wp\/v2\/product_tag?post=51315"}],"curies":[{"name":"wp","href":"https:\/\/api.w.org\/{rel}","templated":true}]}}