{"id":51320,"date":"2025-07-12T18:50:08","date_gmt":"2025-07-12T21:50:08","guid":{"rendered":"https:\/\/rms-enlinea.com.ar\/tienda\/producto\/cable-plug-mono-a-xlr-macho-63mm-6m-proel-bulk220lu6\/"},"modified":"2026-04-21T04:36:48","modified_gmt":"2026-04-21T07:36:48","slug":"cable-plug-mono-a-xlr-macho-63mm-6m-proel-bulk220lu6","status":"publish","type":"product","link":"https:\/\/rms-enlinea.com.ar\/tienda\/producto\/cable-plug-mono-a-xlr-macho-63mm-6m-proel-bulk220lu6\/","title":{"rendered":"Cable Plug Mono A Xlr Macho 6,3mm 6m Proel Bulk220lu6"},"content":{"rendered":"<p>Cable de micr\u00f3fono profesional con conectores jack mono \u00d8 6,3 mm -&gt; XLR Macho 3P PROEL carcasa met\u00e1lica.<\/p>\n","protected":false},"excerpt":{"rendered":"<p>Cable de micr\u00f3fono profesional con conectores jack mono \u00d8 6,3 mm -&gt; XLR Macho 3P PROEL carcasa met\u00e1lica.<\/p>\n","protected":false},"featured_media":51319,"comment_status":"open","ping_status":"closed","template":"","meta":{"_uag_custom_page_level_css":""},"product_brand":[501],"product_cat":[57],"product_tag":[],"class_list":{"0":"post-51320","1":"product","2":"type-product","3":"status-publish","4":"has-post-thumbnail","6":"product_brand-proel","7":"product_cat-cables","9":"first","10":"outofstock","11":"sale","12":"taxable","13":"shipping-taxable","14":"purchasable","15":"product-type-simple"},"uagb_featured_image_src":{"full":["https:\/\/rms-enlinea.com.ar\/wp-content\/uploads\/2025\/07\/D_629876-MLA87467629006_072025-F.jpg",1044,664,false],"thumbnail":["https:\/\/rms-enlinea.com.ar\/wp-content\/uploads\/2025\/07\/D_629876-MLA87467629006_072025-F-150x150.jpg",150,150,true],"medium":["https:\/\/rms-enlinea.com.ar\/wp-content\/uploads\/2025\/07\/D_629876-MLA87467629006_072025-F-300x191.jpg",300,191,true],"medium_large":["https:\/\/rms-enlinea.com.ar\/wp-content\/uploads\/2025\/07\/D_629876-MLA87467629006_072025-F-768x488.jpg",768,488,true],"large":["https:\/\/rms-enlinea.com.ar\/wp-content\/uploads\/2025\/07\/D_629876-MLA87467629006_072025-F-1024x651.jpg",1024,651,true],"1536x1536":["https:\/\/rms-enlinea.com.ar\/wp-content\/uploads\/2025\/07\/D_629876-MLA87467629006_072025-F.jpg",1044,664,false],"2048x2048":["https:\/\/rms-enlinea.com.ar\/wp-content\/uploads\/2025\/07\/D_629876-MLA87467629006_072025-F.jpg",1044,664,false],"woocommerce_thumbnail":["https:\/\/rms-enlinea.com.ar\/wp-content\/uploads\/2025\/07\/D_629876-MLA87467629006_072025-F-450x450.jpg",450,450,true],"woocommerce_single":["https:\/\/rms-enlinea.com.ar\/wp-content\/uploads\/2025\/07\/D_629876-MLA87467629006_072025-F-600x382.jpg",600,382,true],"woocommerce_gallery_thumbnail":["https:\/\/rms-enlinea.com.ar\/wp-content\/uploads\/2025\/07\/D_629876-MLA87467629006_072025-F-100x100.jpg",100,100,true]},"uagb_author_info":{"display_name":"mario","author_link":"https:\/\/rms-enlinea.com.ar\/tienda\/author\/"},"uagb_comment_info":0,"uagb_excerpt":"Cable de micr\u00f3fono profesional con conectores jack mono \u00d8 6,3 mm -&gt; XLR Macho 3P PROEL carcasa met\u00e1lica.","_links":{"self":[{"href":"https:\/\/rms-enlinea.com.ar\/tienda\/wp-json\/wp\/v2\/product\/51320","targetHints":{"allow":["GET"]}}],"collection":[{"href":"https:\/\/rms-enlinea.com.ar\/tienda\/wp-json\/wp\/v2\/product"}],"about":[{"href":"https:\/\/rms-enlinea.com.ar\/tienda\/wp-json\/wp\/v2\/types\/product"}],"replies":[{"embeddable":true,"href":"https:\/\/rms-enlinea.com.ar\/tienda\/wp-json\/wp\/v2\/comments?post=51320"}],"wp:featuredmedia":[{"embeddable":true,"href":"https:\/\/rms-enlinea.com.ar\/tienda\/wp-json\/wp\/v2\/media\/51319"}],"wp:attachment":[{"href":"https:\/\/rms-enlinea.com.ar\/tienda\/wp-json\/wp\/v2\/media?parent=51320"}],"wp:term":[{"taxonomy":"product_brand","embeddable":true,"href":"https:\/\/rms-enlinea.com.ar\/tienda\/wp-json\/wp\/v2\/product_brand?post=51320"},{"taxonomy":"product_cat","embeddable":true,"href":"https:\/\/rms-enlinea.com.ar\/tienda\/wp-json\/wp\/v2\/product_cat?post=51320"},{"taxonomy":"product_tag","embeddable":true,"href":"https:\/\/rms-enlinea.com.ar\/tienda\/wp-json\/wp\/v2\/product_tag?post=51320"}],"curies":[{"name":"wp","href":"https:\/\/api.w.org\/{rel}","templated":true}]}}