{"id":51327,"date":"2025-07-12T19:20:12","date_gmt":"2025-07-12T22:20:12","guid":{"rendered":"https:\/\/rms-enlinea.com.ar\/tienda\/producto\/cable-plug-stereo-a-xlr-hembra-5m-proel-bulk210lu5\/"},"modified":"2026-04-06T17:00:54","modified_gmt":"2026-04-06T20:00:54","slug":"cable-plug-stereo-a-xlr-hembra-5m-proel-bulk210lu5","status":"publish","type":"product","link":"https:\/\/rms-enlinea.com.ar\/tienda\/producto\/cable-plug-stereo-a-xlr-hembra-5m-proel-bulk210lu5\/","title":{"rendered":"Cable Plug Stereo A Xlr Hembra 5m Proel Bulk210lu5"},"content":{"rendered":"<p>Cable balanceado profesional nuevo con conector jack est\u00e9reo PROEL de 6,3 mm de di\u00e1metro y carcasa met\u00e1lica. Conector hembra PROEL XLR 3P, carcasa met\u00e1lica<\/p>\n","protected":false},"excerpt":{"rendered":"<p>Cable balanceado profesional nuevo con conector jack est\u00e9reo PROEL de 6,3 mm de di\u00e1metro y carcasa met\u00e1lica. Conector hembra PROEL XLR 3P, carcasa met\u00e1lica<\/p>\n","protected":false},"featured_media":51328,"comment_status":"open","ping_status":"closed","template":"","meta":{"_uag_custom_page_level_css":""},"product_brand":[501],"product_cat":[57],"product_tag":[],"class_list":{"0":"post-51327","1":"product","2":"type-product","3":"status-publish","4":"has-post-thumbnail","6":"product_brand-proel","7":"product_cat-cables","9":"first","10":"instock","11":"sale","12":"taxable","13":"shipping-taxable","14":"purchasable","15":"product-type-simple"},"uagb_featured_image_src":{"full":["https:\/\/rms-enlinea.com.ar\/wp-content\/uploads\/2025\/07\/D_761694-MLA87799452865_072025-F.jpg",1056,701,false],"thumbnail":["https:\/\/rms-enlinea.com.ar\/wp-content\/uploads\/2025\/07\/D_761694-MLA87799452865_072025-F-150x150.jpg",150,150,true],"medium":["https:\/\/rms-enlinea.com.ar\/wp-content\/uploads\/2025\/07\/D_761694-MLA87799452865_072025-F-300x199.jpg",300,199,true],"medium_large":["https:\/\/rms-enlinea.com.ar\/wp-content\/uploads\/2025\/07\/D_761694-MLA87799452865_072025-F-768x510.jpg",768,510,true],"large":["https:\/\/rms-enlinea.com.ar\/wp-content\/uploads\/2025\/07\/D_761694-MLA87799452865_072025-F-1024x680.jpg",1024,680,true],"1536x1536":["https:\/\/rms-enlinea.com.ar\/wp-content\/uploads\/2025\/07\/D_761694-MLA87799452865_072025-F.jpg",1056,701,false],"2048x2048":["https:\/\/rms-enlinea.com.ar\/wp-content\/uploads\/2025\/07\/D_761694-MLA87799452865_072025-F.jpg",1056,701,false],"woocommerce_thumbnail":["https:\/\/rms-enlinea.com.ar\/wp-content\/uploads\/2025\/07\/D_761694-MLA87799452865_072025-F-450x450.jpg",450,450,true],"woocommerce_single":["https:\/\/rms-enlinea.com.ar\/wp-content\/uploads\/2025\/07\/D_761694-MLA87799452865_072025-F-600x398.jpg",600,398,true],"woocommerce_gallery_thumbnail":["https:\/\/rms-enlinea.com.ar\/wp-content\/uploads\/2025\/07\/D_761694-MLA87799452865_072025-F-100x100.jpg",100,100,true]},"uagb_author_info":{"display_name":"mario","author_link":"https:\/\/rms-enlinea.com.ar\/tienda\/author\/"},"uagb_comment_info":0,"uagb_excerpt":"Cable balanceado profesional nuevo con conector jack est\u00e9reo PROEL de 6,3 mm de di\u00e1metro y carcasa met\u00e1lica. Conector hembra PROEL XLR 3P, carcasa met\u00e1lica","_links":{"self":[{"href":"https:\/\/rms-enlinea.com.ar\/tienda\/wp-json\/wp\/v2\/product\/51327","targetHints":{"allow":["GET"]}}],"collection":[{"href":"https:\/\/rms-enlinea.com.ar\/tienda\/wp-json\/wp\/v2\/product"}],"about":[{"href":"https:\/\/rms-enlinea.com.ar\/tienda\/wp-json\/wp\/v2\/types\/product"}],"replies":[{"embeddable":true,"href":"https:\/\/rms-enlinea.com.ar\/tienda\/wp-json\/wp\/v2\/comments?post=51327"}],"wp:featuredmedia":[{"embeddable":true,"href":"https:\/\/rms-enlinea.com.ar\/tienda\/wp-json\/wp\/v2\/media\/51328"}],"wp:attachment":[{"href":"https:\/\/rms-enlinea.com.ar\/tienda\/wp-json\/wp\/v2\/media?parent=51327"}],"wp:term":[{"taxonomy":"product_brand","embeddable":true,"href":"https:\/\/rms-enlinea.com.ar\/tienda\/wp-json\/wp\/v2\/product_brand?post=51327"},{"taxonomy":"product_cat","embeddable":true,"href":"https:\/\/rms-enlinea.com.ar\/tienda\/wp-json\/wp\/v2\/product_cat?post=51327"},{"taxonomy":"product_tag","embeddable":true,"href":"https:\/\/rms-enlinea.com.ar\/tienda\/wp-json\/wp\/v2\/product_tag?post=51327"}],"curies":[{"name":"wp","href":"https:\/\/api.w.org\/{rel}","templated":true}]}}