{"id":51522,"date":"2025-07-14T16:10:09","date_gmt":"2025-07-14T19:10:09","guid":{"rendered":"https:\/\/rms-enlinea.com.ar\/tienda\/producto\/placa-de-video-sapphire-radeon-rx-9060xt-pulse-8gb-pcie-5-0\/"},"modified":"2026-04-02T19:18:09","modified_gmt":"2026-04-02T22:18:09","slug":"placa-de-video-sapphire-radeon-rx-9060xt-pulse-8gb-pcie-5-0","status":"publish","type":"product","link":"https:\/\/rms-enlinea.com.ar\/tienda\/producto\/placa-de-video-sapphire-radeon-rx-9060xt-pulse-8gb-pcie-5-0\/","title":{"rendered":"Placa De Video Sapphire Radeon Rx 9060xt Pulse 8gb Pcie 5.0"},"content":{"rendered":"<p>GPU<br \/>\nTarjeta gr\u00e1fica AMD Radeon\u2122 RX 9060 XT<br \/>\nArquitectura AMD RDNA\u2122 4<br \/>\nReloj del motor<br \/>\nReloj de aumento: hasta 3290 MHz<br \/>\nReloj de juego: hasta 2700 MHz<\/p>\n<p>El reloj de refuerzo es la frecuencia m\u00e1xima alcanzable en la GPU al ejecutar cargas de trabajo con r\u00e1fagas. La alcanzabilidad, la frecuencia y la sostenibilidad del reloj de refuerzo var\u00edan en funci\u00f3n de diversos factores, como las condiciones t\u00e9rmicas y la variaci\u00f3n en la aplicaci\u00f3n y las cargas de trabajo.<\/p>\n<p>El reloj de juego es el reloj de la GPU esperado al ejecutar aplicaciones de juegos t\u00edpicas, configurado en TGP (potencia gr\u00e1fica total) t\u00edpica. Los resultados reales del reloj de juego pueden variar.<\/p>\n<p>Procesadores de flujo<br \/>\n2048<br \/>\nUnidades de c\u00f3mputo<br \/>\n32 CU (RT de 3.\u00aa generaci\u00f3n + aceleradores de IA de 2.\u00aa generaci\u00f3n)<br \/>\nCach\u00e9 infinito<br \/>\n32 MB<br \/>\nAceleradores de rayos<br \/>\n32<br \/>\nAcelerador de IA<br \/>\n64<br \/>\nTama\u00f1o de memoria\/bus<br \/>\nGDDR6 de 8 GB\/128 bits<br \/>\nReloj de memoria<br \/>\n20 Gbps efectivos<br \/>\nPantallas<br \/>\nM\u00e1ximo 3 pantallas<br \/>\nResoluci\u00f3n<br \/>\nHDMI\u00ae: 7680\u00d74320<br \/>\nDisplayPort\u2122 2.1a: 7680\u00d74320<br \/>\nInterfaz<br \/>\nPCI-Express 5.0 x16<\/p>\n<p>Producci\u00f3n<br \/>\n2x HDMI\u00ae<br \/>\n1 puerto DisplayPort\u2122 2.1a<\/p>\n<p>Soporte de BIOS<br \/>\nUEFI<br \/>\n\u00cdndice del juego<br \/>\nULTRA 1080P<br \/>\nCaracter\u00edsticas del zafiro<br \/>\nMaterial de interfaz t\u00e9rmica (TIM) Honeywell PTM7950<br \/>\nAspa del ventilador AeroCurve<br \/>\nFlujo libre<br \/>\nFrameDefense<br \/>\nM\u00f3dulo de refrigeraci\u00f3n integrado<br \/>\nTecnolog\u00eda de refrigeraci\u00f3n Dual-X<br \/>\nPCB de cobre de alta TG<br \/>\nTubos de calor compuestos optimizados<br \/>\nPlaca posterior de metal<br \/>\nVentiladores con cojinetes de manguito<br \/>\nDise\u00f1o de potencia digital de 9 fases<br \/>\nProtecci\u00f3n de fusibles<br \/>\nControl inteligente del ventilador<br \/>\nControl de ventilador de precisi\u00f3n<br \/>\nCompatible con TriXX<br \/>\nTriXX Boost<br \/>\nCaracter\u00edsticas de AMD<br \/>\nArquitectura AMD RDNA\u2122 4<br \/>\n32 unidades de c\u00f3mputo (RT de 3.\u00aa generaci\u00f3n + aceleradores de IA de 2.\u00aa generaci\u00f3n)<br \/>\nAMD HYPR-RX con AFMF 2<br \/>\nAMD FidelityFX\u2122 Super Resolution 4 con escalado por IA<br \/>\nDisplayPort\u2122 2.1a<br \/>\nMotor AMD Radiance Display\u2122<br \/>\nTecnolog\u00eda AMD Fluid Motion Frames 2<br \/>\nTecnolog\u00eda AMD Radeon\u2122 Anti-Lag 2<br \/>\nCodificaci\u00f3n\/decodificaci\u00f3n AV1<br \/>\nTecnolog\u00edas AMD FidelityFX\u2122<br \/>\nMicrosoft\u00ae DirectX\u00ae 12 Ultimate<br \/>\nSupresi\u00f3n de ruido AMD<br \/>\nTecnolog\u00eda AMD Freesync\u2122<br \/>\nCach\u00e9 AMD Infinity<br \/>\n8 GB de GDDR6 en un bus de memoria de 128 bits<br \/>\nTecnolog\u00edas inteligentes de AMD<br \/>\nAplicaci\u00f3n AMD Software: Adrenalin Edition\u2122<br \/>\nTipo de enfriador<br \/>\nRefrigeraci\u00f3n Dual-X<br \/>\nAspa del ventilador AeroCurve<br \/>\nFlujo libre<br \/>\nM\u00f3dulo de refrigeraci\u00f3n integrado<br \/>\nPCB de cobre de alta TG<br \/>\nTubos de calor compuestos optimizados<br \/>\nCojinete de manguito<br \/>\nFactor de forma<br \/>\nRanura 2,3, ATX<br \/>\nDimensiones: 244 (largo) x 124 (ancho) x 46,1 (alto) mm<br \/>\nConsumo de energ\u00eda<br \/>\nPotencia t\u00edpica de la placa: 170 W<br \/>\nSistema operativo<br \/>\nLinux\u00ae, Windows\u00ae 10 y Windows 11. Se requiere un sistema operativo de 64 bits.<\/p>\n<p>Requisitos del sistema<br \/>\nFuente de alimentaci\u00f3n m\u00ednima de 450 vatios<br \/>\n1 conector de alimentaci\u00f3n de 8 pines.<br \/>\nSe requiere una PC basada en PCI Express\u00ae con una ranura para gr\u00e1ficos de 16 carriles disponible en la placa base.<br \/>\nM\u00ednimo 8 GB de memoria del sistema. Se recomiendan 16 GB.<\/p>\n","protected":false},"excerpt":{"rendered":"<p>GPU Tarjeta gr\u00e1fica AMD Radeon\u2122 RX 9060 XT Arquitectura AMD RDNA\u2122 4 Reloj del motor Reloj de aumento: hasta 3290 MHz Reloj de juego: hasta 2700 MHz El reloj de refuerzo es la frecuencia m\u00e1xima alcanzable en la GPU al ejecutar cargas de trabajo con r\u00e1fagas. La alcanzabilidad, la frecuencia y la sostenibilidad del reloj [&hellip;]<\/p>\n","protected":false},"featured_media":51523,"comment_status":"open","ping_status":"closed","template":"","meta":{"_uag_custom_page_level_css":""},"product_brand":[573],"product_cat":[120],"product_tag":[],"class_list":{"0":"post-51522","1":"product","2":"type-product","3":"status-publish","4":"has-post-thumbnail","6":"product_brand-sapphire","7":"product_cat-placas-de-video","9":"first","10":"outofstock","11":"sale","12":"taxable","13":"shipping-taxable","14":"purchasable","15":"product-type-simple"},"uagb_featured_image_src":{"full":["https:\/\/rms-enlinea.com.ar\/wp-content\/uploads\/2025\/07\/D_808897-MLA87906903491_072025-F.jpg",1200,1027,false],"thumbnail":["https:\/\/rms-enlinea.com.ar\/wp-content\/uploads\/2025\/07\/D_808897-MLA87906903491_072025-F-150x150.jpg",150,150,true],"medium":["https:\/\/rms-enlinea.com.ar\/wp-content\/uploads\/2025\/07\/D_808897-MLA87906903491_072025-F-300x257.jpg",300,257,true],"medium_large":["https:\/\/rms-enlinea.com.ar\/wp-content\/uploads\/2025\/07\/D_808897-MLA87906903491_072025-F-768x657.jpg",768,657,true],"large":["https:\/\/rms-enlinea.com.ar\/wp-content\/uploads\/2025\/07\/D_808897-MLA87906903491_072025-F-1024x876.jpg",1024,876,true],"1536x1536":["https:\/\/rms-enlinea.com.ar\/wp-content\/uploads\/2025\/07\/D_808897-MLA87906903491_072025-F.jpg",1200,1027,false],"2048x2048":["https:\/\/rms-enlinea.com.ar\/wp-content\/uploads\/2025\/07\/D_808897-MLA87906903491_072025-F.jpg",1200,1027,false],"woocommerce_thumbnail":["https:\/\/rms-enlinea.com.ar\/wp-content\/uploads\/2025\/07\/D_808897-MLA87906903491_072025-F-450x450.jpg",450,450,true],"woocommerce_single":["https:\/\/rms-enlinea.com.ar\/wp-content\/uploads\/2025\/07\/D_808897-MLA87906903491_072025-F-600x514.jpg",600,514,true],"woocommerce_gallery_thumbnail":["https:\/\/rms-enlinea.com.ar\/wp-content\/uploads\/2025\/07\/D_808897-MLA87906903491_072025-F-100x100.jpg",100,100,true]},"uagb_author_info":{"display_name":"nelson","author_link":"https:\/\/rms-enlinea.com.ar\/tienda\/author\/"},"uagb_comment_info":0,"uagb_excerpt":"GPU Tarjeta gr\u00e1fica AMD Radeon\u2122 RX 9060 XT Arquitectura AMD RDNA\u2122 4 Reloj del motor Reloj de aumento: hasta 3290 MHz Reloj de juego: hasta 2700 MHz El reloj de refuerzo es la frecuencia m\u00e1xima alcanzable en la GPU al ejecutar cargas de trabajo con r\u00e1fagas. La alcanzabilidad, la frecuencia y la sostenibilidad del reloj&hellip;","_links":{"self":[{"href":"https:\/\/rms-enlinea.com.ar\/tienda\/wp-json\/wp\/v2\/product\/51522","targetHints":{"allow":["GET"]}}],"collection":[{"href":"https:\/\/rms-enlinea.com.ar\/tienda\/wp-json\/wp\/v2\/product"}],"about":[{"href":"https:\/\/rms-enlinea.com.ar\/tienda\/wp-json\/wp\/v2\/types\/product"}],"replies":[{"embeddable":true,"href":"https:\/\/rms-enlinea.com.ar\/tienda\/wp-json\/wp\/v2\/comments?post=51522"}],"wp:featuredmedia":[{"embeddable":true,"href":"https:\/\/rms-enlinea.com.ar\/tienda\/wp-json\/wp\/v2\/media\/51523"}],"wp:attachment":[{"href":"https:\/\/rms-enlinea.com.ar\/tienda\/wp-json\/wp\/v2\/media?parent=51522"}],"wp:term":[{"taxonomy":"product_brand","embeddable":true,"href":"https:\/\/rms-enlinea.com.ar\/tienda\/wp-json\/wp\/v2\/product_brand?post=51522"},{"taxonomy":"product_cat","embeddable":true,"href":"https:\/\/rms-enlinea.com.ar\/tienda\/wp-json\/wp\/v2\/product_cat?post=51522"},{"taxonomy":"product_tag","embeddable":true,"href":"https:\/\/rms-enlinea.com.ar\/tienda\/wp-json\/wp\/v2\/product_tag?post=51522"}],"curies":[{"name":"wp","href":"https:\/\/api.w.org\/{rel}","templated":true}]}}