{"id":51548,"date":"2025-07-14T17:50:11","date_gmt":"2025-07-14T20:50:11","guid":{"rendered":"https:\/\/rms-enlinea.com.ar\/tienda\/producto\/mother-gigabyte-b760m-k-v2-ddr4-lga1700-12va-13va-14va-gen\/"},"modified":"2026-05-01T04:50:16","modified_gmt":"2026-05-01T07:50:16","slug":"mother-gigabyte-b760m-k-v2-ddr4-lga1700-12va-13va-14va-gen","status":"publish","type":"product","link":"https:\/\/rms-enlinea.com.ar\/tienda\/producto\/mother-gigabyte-b760m-k-v2-ddr4-lga1700-12va-13va-14va-gen\/","title":{"rendered":"Mother Gigabyte B760m K V2 Ddr4 Lga1700 12va 13va 14va Gen"},"content":{"rendered":"<p>La Motherboard Gigabyte B760M K V2 DDR4 es la elecci\u00f3n perfecta para quienes buscan un equilibrio entre rendimiento y eficiencia. Con su socket LGA1700, esta placa base es compatible con los \u00faltimos procesadores Intel, brindando una base s\u00f3lida para construir un sistema potente y moderno. Su factor de forma ATX permite una f\u00e1cil integraci\u00f3n en la mayor\u00eda de los gabinetes, ofreciendo espacio suficiente para actualizaciones futuras.<\/p>\n<p>Admite hasta 64 GB de memoria RAM DDR4 en formato DIMM, lo que proporciona la capacidad necesaria para aplicaciones exigentes y multitarea sin comprometer el rendimiento. Con la l\u00ednea B760M K DDR4, no solo obtendr\u00e1s estabilidad, sino tambi\u00e9n una gran experiencia en la gesti\u00f3n de tareas. Esta motherboard es ideal para quienes desean disfrutar de una plataforma robusta, sin la necesidad de caracter\u00edsticas gamer que no utilizar\u00e1n.<\/p>\n<p>Dise\u00f1ada pensando en la eficiencia t\u00e9rmica, garantiza el funcionamiento \u00f3ptimo del sistema, incluso en cargas de trabajo intensas. Adem\u00e1s, cuenta con un dise\u00f1o de calidad que favorece la durabilidad y el rendimiento sostenido. La Motherboard Gigabyte B760M K V2 DDR4 es la inversi\u00f3n adecuada para cada usuario que busca construir un equipo confiable y eficiente.<\/p>\n","protected":false},"excerpt":{"rendered":"<p>La Motherboard Gigabyte B760M K V2 DDR4 es la elecci\u00f3n perfecta para quienes buscan un equilibrio entre rendimiento y eficiencia. Con su socket LGA1700, esta placa base es compatible con los \u00faltimos procesadores Intel, brindando una base s\u00f3lida para construir un sistema potente y moderno. Su factor de forma ATX permite una f\u00e1cil integraci\u00f3n en [&hellip;]<\/p>\n","protected":false},"featured_media":51549,"comment_status":"open","ping_status":"closed","template":"","meta":{"_uag_custom_page_level_css":""},"product_brand":[532],"product_cat":[115],"product_tag":[],"class_list":{"0":"post-51548","1":"product","2":"type-product","3":"status-publish","4":"has-post-thumbnail","6":"product_brand-gigabyte","7":"product_cat-mother","9":"first","10":"outofstock","11":"sale","12":"taxable","13":"shipping-taxable","14":"purchasable","15":"product-type-simple"},"uagb_featured_image_src":{"full":["https:\/\/rms-enlinea.com.ar\/wp-content\/uploads\/2025\/07\/D_667157-MLU77797618136_072024-F.jpg",972,1200,false],"thumbnail":["https:\/\/rms-enlinea.com.ar\/wp-content\/uploads\/2025\/07\/D_667157-MLU77797618136_072024-F-150x150.jpg",150,150,true],"medium":["https:\/\/rms-enlinea.com.ar\/wp-content\/uploads\/2025\/07\/D_667157-MLU77797618136_072024-F-243x300.jpg",243,300,true],"medium_large":["https:\/\/rms-enlinea.com.ar\/wp-content\/uploads\/2025\/07\/D_667157-MLU77797618136_072024-F-768x948.jpg",768,948,true],"large":["https:\/\/rms-enlinea.com.ar\/wp-content\/uploads\/2025\/07\/D_667157-MLU77797618136_072024-F-829x1024.jpg",829,1024,true],"1536x1536":["https:\/\/rms-enlinea.com.ar\/wp-content\/uploads\/2025\/07\/D_667157-MLU77797618136_072024-F.jpg",972,1200,false],"2048x2048":["https:\/\/rms-enlinea.com.ar\/wp-content\/uploads\/2025\/07\/D_667157-MLU77797618136_072024-F.jpg",972,1200,false],"woocommerce_thumbnail":["https:\/\/rms-enlinea.com.ar\/wp-content\/uploads\/2025\/07\/D_667157-MLU77797618136_072024-F-450x450.jpg",450,450,true],"woocommerce_single":["https:\/\/rms-enlinea.com.ar\/wp-content\/uploads\/2025\/07\/D_667157-MLU77797618136_072024-F-600x741.jpg",600,741,true],"woocommerce_gallery_thumbnail":["https:\/\/rms-enlinea.com.ar\/wp-content\/uploads\/2025\/07\/D_667157-MLU77797618136_072024-F-100x100.jpg",100,100,true]},"uagb_author_info":{"display_name":"nelson","author_link":"https:\/\/rms-enlinea.com.ar\/tienda\/author\/"},"uagb_comment_info":0,"uagb_excerpt":"La Motherboard Gigabyte B760M K V2 DDR4 es la elecci\u00f3n perfecta para quienes buscan un equilibrio entre rendimiento y eficiencia. Con su socket LGA1700, esta placa base es compatible con los \u00faltimos procesadores Intel, brindando una base s\u00f3lida para construir un sistema potente y moderno. Su factor de forma ATX permite una f\u00e1cil integraci\u00f3n en&hellip;","_links":{"self":[{"href":"https:\/\/rms-enlinea.com.ar\/tienda\/wp-json\/wp\/v2\/product\/51548","targetHints":{"allow":["GET"]}}],"collection":[{"href":"https:\/\/rms-enlinea.com.ar\/tienda\/wp-json\/wp\/v2\/product"}],"about":[{"href":"https:\/\/rms-enlinea.com.ar\/tienda\/wp-json\/wp\/v2\/types\/product"}],"replies":[{"embeddable":true,"href":"https:\/\/rms-enlinea.com.ar\/tienda\/wp-json\/wp\/v2\/comments?post=51548"}],"wp:featuredmedia":[{"embeddable":true,"href":"https:\/\/rms-enlinea.com.ar\/tienda\/wp-json\/wp\/v2\/media\/51549"}],"wp:attachment":[{"href":"https:\/\/rms-enlinea.com.ar\/tienda\/wp-json\/wp\/v2\/media?parent=51548"}],"wp:term":[{"taxonomy":"product_brand","embeddable":true,"href":"https:\/\/rms-enlinea.com.ar\/tienda\/wp-json\/wp\/v2\/product_brand?post=51548"},{"taxonomy":"product_cat","embeddable":true,"href":"https:\/\/rms-enlinea.com.ar\/tienda\/wp-json\/wp\/v2\/product_cat?post=51548"},{"taxonomy":"product_tag","embeddable":true,"href":"https:\/\/rms-enlinea.com.ar\/tienda\/wp-json\/wp\/v2\/product_tag?post=51548"}],"curies":[{"name":"wp","href":"https:\/\/api.w.org\/{rel}","templated":true}]}}