{"id":51621,"date":"2025-07-14T23:10:09","date_gmt":"2025-07-15T02:10:09","guid":{"rendered":"https:\/\/rms-enlinea.com.ar\/tienda\/producto\/fuente-gigabyte-1000w-80-plus-gold-ultradurable-full-modular-2\/"},"modified":"2026-04-06T12:20:34","modified_gmt":"2026-04-06T15:20:34","slug":"fuente-gigabyte-1000w-80-plus-gold-ultradurable-full-modular-2","status":"publish","type":"product","link":"https:\/\/rms-enlinea.com.ar\/tienda\/producto\/fuente-gigabyte-1000w-80-plus-gold-ultradurable-full-modular-2\/","title":{"rendered":"Fuente Gigabyte 1000w 80 Plus Gold Ultradurable Full Modular"},"content":{"rendered":"<p>Modelo GP-UD1000GM PG5<br \/>\nTipo Factor de forma Intel ATX 12V<br \/>\nPFC PFC activo (&gt;0,9 t\u00edpico)<br \/>\nVoltaje de entrada 100-240 Vca (rango completo)<br \/>\nCorriente de entrada 15-6.5A<br \/>\nFrecuencia de entrada 60-50Hz<br \/>\nCapacidad de salida 1000W<br \/>\nDimensi\u00f3n 150x140x86mm<br \/>\nTipo de ventilador Hidr\u00e1ulico (HYB) de 120 mm<br \/>\n80 Plus Gold<br \/>\nEficiencia 90% con carga t\u00edpica<br \/>\nMTBF &gt;100.000 horas<br \/>\nProtecci\u00f3n OVP\/OPP\/SCP\/UVP\/OCP\/OTP<br \/>\nBuena se\u00f1al de alimentaci\u00f3n 100-150 ms<br \/>\nTiempo de espera &gt;16ms<br \/>\nTipo de cable Plano, negro<br \/>\nConectores:<br \/>\nATX\/MB 20+4 pines x 1: 610 mm*1<\/p>\n<p>CPU\/EPS 4+4 pines x 2: 600 mm+200 mm*1<\/p>\n<p>PCI-e de 16 pines x 1: 700 mm*1<\/p>\n<p>PCI-e 6+2 pines x 4: 600 mm+150 mm*2<\/p>\n<p>SATAx8:<\/p>\n<p>600 mm+150 mm+150 mm+150 mm*2<\/p>\n<p>Perif\u00e9rico de 4 pines x disquete de 3+4 pines x 1: 500 mm + 120 mm + 120 mm + 150 mm * 1<\/p>\n","protected":false},"excerpt":{"rendered":"<p>Modelo GP-UD1000GM PG5 Tipo Factor de forma Intel ATX 12V PFC PFC activo (&gt;0,9 t\u00edpico) Voltaje de entrada 100-240 Vca (rango completo) Corriente de entrada 15-6.5A Frecuencia de entrada 60-50Hz Capacidad de salida 1000W Dimensi\u00f3n 150x140x86mm Tipo de ventilador Hidr\u00e1ulico (HYB) de 120 mm 80 Plus Gold Eficiencia 90% con carga t\u00edpica MTBF &gt;100.000 horas [&hellip;]<\/p>\n","protected":false},"featured_media":51622,"comment_status":"open","ping_status":"closed","template":"","meta":{"_uag_custom_page_level_css":""},"product_brand":[532],"product_cat":[108],"product_tag":[],"class_list":{"0":"post-51621","1":"product","2":"type-product","3":"status-publish","4":"has-post-thumbnail","6":"product_brand-gigabyte","7":"product_cat-fuentes-y-cargadores","9":"first","10":"outofstock","11":"sale","12":"taxable","13":"shipping-taxable","14":"purchasable","15":"product-type-simple"},"uagb_featured_image_src":{"full":["https:\/\/rms-enlinea.com.ar\/wp-content\/uploads\/2025\/07\/D_701388-MLA79208957268_092024-F.jpg",1200,881,false],"thumbnail":["https:\/\/rms-enlinea.com.ar\/wp-content\/uploads\/2025\/07\/D_701388-MLA79208957268_092024-F-150x150.jpg",150,150,true],"medium":["https:\/\/rms-enlinea.com.ar\/wp-content\/uploads\/2025\/07\/D_701388-MLA79208957268_092024-F-300x220.jpg",300,220,true],"medium_large":["https:\/\/rms-enlinea.com.ar\/wp-content\/uploads\/2025\/07\/D_701388-MLA79208957268_092024-F-768x564.jpg",768,564,true],"large":["https:\/\/rms-enlinea.com.ar\/wp-content\/uploads\/2025\/07\/D_701388-MLA79208957268_092024-F-1024x752.jpg",1024,752,true],"1536x1536":["https:\/\/rms-enlinea.com.ar\/wp-content\/uploads\/2025\/07\/D_701388-MLA79208957268_092024-F.jpg",1200,881,false],"2048x2048":["https:\/\/rms-enlinea.com.ar\/wp-content\/uploads\/2025\/07\/D_701388-MLA79208957268_092024-F.jpg",1200,881,false],"woocommerce_thumbnail":["https:\/\/rms-enlinea.com.ar\/wp-content\/uploads\/2025\/07\/D_701388-MLA79208957268_092024-F-450x450.jpg",450,450,true],"woocommerce_single":["https:\/\/rms-enlinea.com.ar\/wp-content\/uploads\/2025\/07\/D_701388-MLA79208957268_092024-F-600x441.jpg",600,441,true],"woocommerce_gallery_thumbnail":["https:\/\/rms-enlinea.com.ar\/wp-content\/uploads\/2025\/07\/D_701388-MLA79208957268_092024-F-100x100.jpg",100,100,true]},"uagb_author_info":{"display_name":"nelson","author_link":"https:\/\/rms-enlinea.com.ar\/tienda\/author\/"},"uagb_comment_info":0,"uagb_excerpt":"Modelo GP-UD1000GM PG5 Tipo Factor de forma Intel ATX 12V PFC PFC activo (&gt;0,9 t\u00edpico) Voltaje de entrada 100-240 Vca (rango completo) Corriente de entrada 15-6.5A Frecuencia de entrada 60-50Hz Capacidad de salida 1000W Dimensi\u00f3n 150x140x86mm Tipo de ventilador Hidr\u00e1ulico (HYB) de 120 mm 80 Plus Gold Eficiencia 90% con carga t\u00edpica MTBF &gt;100.000 horas&hellip;","_links":{"self":[{"href":"https:\/\/rms-enlinea.com.ar\/tienda\/wp-json\/wp\/v2\/product\/51621","targetHints":{"allow":["GET"]}}],"collection":[{"href":"https:\/\/rms-enlinea.com.ar\/tienda\/wp-json\/wp\/v2\/product"}],"about":[{"href":"https:\/\/rms-enlinea.com.ar\/tienda\/wp-json\/wp\/v2\/types\/product"}],"replies":[{"embeddable":true,"href":"https:\/\/rms-enlinea.com.ar\/tienda\/wp-json\/wp\/v2\/comments?post=51621"}],"wp:featuredmedia":[{"embeddable":true,"href":"https:\/\/rms-enlinea.com.ar\/tienda\/wp-json\/wp\/v2\/media\/51622"}],"wp:attachment":[{"href":"https:\/\/rms-enlinea.com.ar\/tienda\/wp-json\/wp\/v2\/media?parent=51621"}],"wp:term":[{"taxonomy":"product_brand","embeddable":true,"href":"https:\/\/rms-enlinea.com.ar\/tienda\/wp-json\/wp\/v2\/product_brand?post=51621"},{"taxonomy":"product_cat","embeddable":true,"href":"https:\/\/rms-enlinea.com.ar\/tienda\/wp-json\/wp\/v2\/product_cat?post=51621"},{"taxonomy":"product_tag","embeddable":true,"href":"https:\/\/rms-enlinea.com.ar\/tienda\/wp-json\/wp\/v2\/product_tag?post=51621"}],"curies":[{"name":"wp","href":"https:\/\/api.w.org\/{rel}","templated":true}]}}