{"id":51682,"date":"2025-07-16T23:12:21","date_gmt":"2025-07-17T02:12:21","guid":{"rendered":"https:\/\/rms-enlinea.com.ar\/tienda\/producto\/impresora-hp-smart-tank-790-multifuncion-wifi\/"},"modified":"2026-04-21T06:15:12","modified_gmt":"2026-04-21T09:15:12","slug":"impresora-hp-smart-tank-790-multifuncion-wifi","status":"publish","type":"product","link":"https:\/\/rms-enlinea.com.ar\/tienda\/producto\/impresora-hp-smart-tank-790-multifuncion-wifi\/","title":{"rendered":"Impresora Hp Smart Tank 790 Multifuncion Wifi"},"content":{"rendered":"<p>La impresora HP Smart Tank 790 es una soluci\u00f3n multifuncional dise\u00f1ada para satisfacer las necesidades de impresi\u00f3n, copia y escaneo en el hogar o en la oficina. Su tecnolog\u00eda de inyecci\u00f3n t\u00e9rmica de tinta garantiza impresiones de alta calidad en color y en blanco y negro, con una velocidad m\u00e1xima de hasta 15 p\u00e1ginas por minuto en mono y 9 en color, permitiendo una productividad eficaz.<\/p>\n<p>Equipado con conectividad Wi-Fi y Bluetooth, el modelo Smart Tank 790 permite la impresi\u00f3n desde dispositivos m\u00f3viles de manera directa, eliminando la necesidad de cables y maximizando la comodidad del usuario. Con una capacidad m\u00e1xima de hojas de hasta 6000, este dispositivo se adapta perfectamente a trabajos de gran volumen, mientras que su funci\u00f3n de impresi\u00f3n a doble faz autom\u00e1tica optimiza la eficiencia en el uso del papel.<\/p>\n<p>El dise\u00f1o compacto de la impresora, con dimensiones de 24.03 cm de altura, 42.75 cm de ancho y 36.4 cm de profundidad, facilita su integraci\u00f3n en cualquier espacio sin sacrificar rendimiento. Adem\u00e1s, soporta diversos tipos de papel, desde fotogr\u00e1ficos hasta papeles profesionales, ofreciendo versatilidad para diferentes proyectos.<\/p>\n<p>Con su pantalla MGD y un procesador de 800 MHz, la HP Smart Tank 790 se encuentra preparada para simplificar tus tareas diarias. Incluye cartuchos de tinta que garantizan un rendimiento \u00f3ptimo, convirti\u00e9ndola en la opci\u00f3n ideal para quienes buscan un equipo confiable y eficaz.<\/p>\n","protected":false},"excerpt":{"rendered":"<p>La impresora HP Smart Tank 790 es una soluci\u00f3n multifuncional dise\u00f1ada para satisfacer las necesidades de impresi\u00f3n, copia y escaneo en el hogar o en la oficina. Su tecnolog\u00eda de inyecci\u00f3n t\u00e9rmica de tinta garantiza impresiones de alta calidad en color y en blanco y negro, con una velocidad m\u00e1xima de hasta 15 p\u00e1ginas por [&hellip;]<\/p>\n","protected":false},"featured_media":51683,"comment_status":"open","ping_status":"closed","template":"","meta":{"_uag_custom_page_level_css":""},"product_brand":[552],"product_cat":[110],"product_tag":[],"class_list":{"0":"post-51682","1":"product","2":"type-product","3":"status-publish","4":"has-post-thumbnail","6":"product_brand-hp","7":"product_cat-impresoras","9":"first","10":"outofstock","11":"sale","12":"taxable","13":"shipping-taxable","14":"purchasable","15":"product-type-simple"},"uagb_featured_image_src":{"full":["https:\/\/rms-enlinea.com.ar\/wp-content\/uploads\/2025\/07\/D_784285-MLU69865750049_062023-F.jpg",500,389,false],"thumbnail":["https:\/\/rms-enlinea.com.ar\/wp-content\/uploads\/2025\/07\/D_784285-MLU69865750049_062023-F-150x150.jpg",150,150,true],"medium":["https:\/\/rms-enlinea.com.ar\/wp-content\/uploads\/2025\/07\/D_784285-MLU69865750049_062023-F-300x233.jpg",300,233,true],"medium_large":["https:\/\/rms-enlinea.com.ar\/wp-content\/uploads\/2025\/07\/D_784285-MLU69865750049_062023-F.jpg",500,389,false],"large":["https:\/\/rms-enlinea.com.ar\/wp-content\/uploads\/2025\/07\/D_784285-MLU69865750049_062023-F.jpg",500,389,false],"1536x1536":["https:\/\/rms-enlinea.com.ar\/wp-content\/uploads\/2025\/07\/D_784285-MLU69865750049_062023-F.jpg",500,389,false],"2048x2048":["https:\/\/rms-enlinea.com.ar\/wp-content\/uploads\/2025\/07\/D_784285-MLU69865750049_062023-F.jpg",500,389,false],"woocommerce_thumbnail":["https:\/\/rms-enlinea.com.ar\/wp-content\/uploads\/2025\/07\/D_784285-MLU69865750049_062023-F-450x389.jpg",450,389,true],"woocommerce_single":["https:\/\/rms-enlinea.com.ar\/wp-content\/uploads\/2025\/07\/D_784285-MLU69865750049_062023-F.jpg",500,389,false],"woocommerce_gallery_thumbnail":["https:\/\/rms-enlinea.com.ar\/wp-content\/uploads\/2025\/07\/D_784285-MLU69865750049_062023-F-100x100.jpg",100,100,true]},"uagb_author_info":{"display_name":"nelson","author_link":"https:\/\/rms-enlinea.com.ar\/tienda\/author\/"},"uagb_comment_info":0,"uagb_excerpt":"La impresora HP Smart Tank 790 es una soluci\u00f3n multifuncional dise\u00f1ada para satisfacer las necesidades de impresi\u00f3n, copia y escaneo en el hogar o en la oficina. Su tecnolog\u00eda de inyecci\u00f3n t\u00e9rmica de tinta garantiza impresiones de alta calidad en color y en blanco y negro, con una velocidad m\u00e1xima de hasta 15 p\u00e1ginas por&hellip;","_links":{"self":[{"href":"https:\/\/rms-enlinea.com.ar\/tienda\/wp-json\/wp\/v2\/product\/51682","targetHints":{"allow":["GET"]}}],"collection":[{"href":"https:\/\/rms-enlinea.com.ar\/tienda\/wp-json\/wp\/v2\/product"}],"about":[{"href":"https:\/\/rms-enlinea.com.ar\/tienda\/wp-json\/wp\/v2\/types\/product"}],"replies":[{"embeddable":true,"href":"https:\/\/rms-enlinea.com.ar\/tienda\/wp-json\/wp\/v2\/comments?post=51682"}],"wp:featuredmedia":[{"embeddable":true,"href":"https:\/\/rms-enlinea.com.ar\/tienda\/wp-json\/wp\/v2\/media\/51683"}],"wp:attachment":[{"href":"https:\/\/rms-enlinea.com.ar\/tienda\/wp-json\/wp\/v2\/media?parent=51682"}],"wp:term":[{"taxonomy":"product_brand","embeddable":true,"href":"https:\/\/rms-enlinea.com.ar\/tienda\/wp-json\/wp\/v2\/product_brand?post=51682"},{"taxonomy":"product_cat","embeddable":true,"href":"https:\/\/rms-enlinea.com.ar\/tienda\/wp-json\/wp\/v2\/product_cat?post=51682"},{"taxonomy":"product_tag","embeddable":true,"href":"https:\/\/rms-enlinea.com.ar\/tienda\/wp-json\/wp\/v2\/product_tag?post=51682"}],"curies":[{"name":"wp","href":"https:\/\/api.w.org\/{rel}","templated":true}]}}