{"id":51697,"date":"2025-07-17T21:00:10","date_gmt":"2025-07-18T00:00:10","guid":{"rendered":"https:\/\/rms-enlinea.com.ar\/tienda\/producto\/base-cargadora-hyperx-chargeplay-duo-ps5-white-51p68aa\/"},"modified":"2026-02-20T21:09:42","modified_gmt":"2026-02-21T00:09:42","slug":"base-cargadora-hyperx-chargeplay-duo-ps5-white-51p68aa","status":"publish","type":"product","link":"https:\/\/rms-enlinea.com.ar\/tienda\/producto\/base-cargadora-hyperx-chargeplay-duo-ps5-white-51p68aa\/","title":{"rendered":"Base Cargadora Hyperx Chargeplay Duo Ps5 White 51p68aa"},"content":{"rendered":"<p>Recarga 2 mandos inal\u00e1mbricos DualSense\u2122 de manera simult\u00e1nea<br \/>\nMant\u00e9n tu mando cargado y listo para usarlo en tus sesiones maratonianas de juego, o aseg\u00farate de tenerlo cargado para tus amigos, hermanos o quienquiera que pueda ser el jugador n\u00famero 2.<\/p>\n<p>S\u00f3lida base para un acoplamiento seguro<br \/>\nLa s\u00f3lida base y el acoplamiento seguro de ChargePlay Duo permite que no se mueva, incluso en zonas muy transitadas de tu casa.<\/p>\n<p>Estaci\u00f3n de recarga de mandos, cable de carga USB, gu\u00eda de inicio r\u00e1pido<\/p>\n","protected":false},"excerpt":{"rendered":"<p>Recarga 2 mandos inal\u00e1mbricos DualSense\u2122 de manera simult\u00e1nea Mant\u00e9n tu mando cargado y listo para usarlo en tus sesiones maratonianas de juego, o aseg\u00farate de tenerlo cargado para tus amigos, hermanos o quienquiera que pueda ser el jugador n\u00famero 2. S\u00f3lida base para un acoplamiento seguro La s\u00f3lida base y el acoplamiento seguro de ChargePlay [&hellip;]<\/p>\n","protected":false},"featured_media":51698,"comment_status":"open","ping_status":"closed","template":"","meta":{"_uag_custom_page_level_css":""},"product_brand":[556],"product_cat":[111],"product_tag":[],"class_list":{"0":"post-51697","1":"product","2":"type-product","3":"status-publish","4":"has-post-thumbnail","6":"product_brand-kingston","7":"product_cat-joystick","9":"first","10":"outofstock","11":"sale","12":"taxable","13":"shipping-taxable","14":"purchasable","15":"product-type-simple"},"uagb_featured_image_src":{"full":["https:\/\/rms-enlinea.com.ar\/wp-content\/uploads\/2025\/07\/D_844954-MLU74139420623_012024-F.jpg",397,577,false],"thumbnail":["https:\/\/rms-enlinea.com.ar\/wp-content\/uploads\/2025\/07\/D_844954-MLU74139420623_012024-F-150x150.jpg",150,150,true],"medium":["https:\/\/rms-enlinea.com.ar\/wp-content\/uploads\/2025\/07\/D_844954-MLU74139420623_012024-F-206x300.jpg",206,300,true],"medium_large":["https:\/\/rms-enlinea.com.ar\/wp-content\/uploads\/2025\/07\/D_844954-MLU74139420623_012024-F.jpg",397,577,false],"large":["https:\/\/rms-enlinea.com.ar\/wp-content\/uploads\/2025\/07\/D_844954-MLU74139420623_012024-F.jpg",397,577,false],"1536x1536":["https:\/\/rms-enlinea.com.ar\/wp-content\/uploads\/2025\/07\/D_844954-MLU74139420623_012024-F.jpg",397,577,false],"2048x2048":["https:\/\/rms-enlinea.com.ar\/wp-content\/uploads\/2025\/07\/D_844954-MLU74139420623_012024-F.jpg",397,577,false],"woocommerce_thumbnail":["https:\/\/rms-enlinea.com.ar\/wp-content\/uploads\/2025\/07\/D_844954-MLU74139420623_012024-F-397x450.jpg",397,450,true],"woocommerce_single":["https:\/\/rms-enlinea.com.ar\/wp-content\/uploads\/2025\/07\/D_844954-MLU74139420623_012024-F.jpg",397,577,false],"woocommerce_gallery_thumbnail":["https:\/\/rms-enlinea.com.ar\/wp-content\/uploads\/2025\/07\/D_844954-MLU74139420623_012024-F-100x100.jpg",100,100,true]},"uagb_author_info":{"display_name":"nelson","author_link":"https:\/\/rms-enlinea.com.ar\/tienda\/author\/"},"uagb_comment_info":0,"uagb_excerpt":"Recarga 2 mandos inal\u00e1mbricos DualSense\u2122 de manera simult\u00e1nea Mant\u00e9n tu mando cargado y listo para usarlo en tus sesiones maratonianas de juego, o aseg\u00farate de tenerlo cargado para tus amigos, hermanos o quienquiera que pueda ser el jugador n\u00famero 2. S\u00f3lida base para un acoplamiento seguro La s\u00f3lida base y el acoplamiento seguro de ChargePlay&hellip;","_links":{"self":[{"href":"https:\/\/rms-enlinea.com.ar\/tienda\/wp-json\/wp\/v2\/product\/51697","targetHints":{"allow":["GET"]}}],"collection":[{"href":"https:\/\/rms-enlinea.com.ar\/tienda\/wp-json\/wp\/v2\/product"}],"about":[{"href":"https:\/\/rms-enlinea.com.ar\/tienda\/wp-json\/wp\/v2\/types\/product"}],"replies":[{"embeddable":true,"href":"https:\/\/rms-enlinea.com.ar\/tienda\/wp-json\/wp\/v2\/comments?post=51697"}],"wp:featuredmedia":[{"embeddable":true,"href":"https:\/\/rms-enlinea.com.ar\/tienda\/wp-json\/wp\/v2\/media\/51698"}],"wp:attachment":[{"href":"https:\/\/rms-enlinea.com.ar\/tienda\/wp-json\/wp\/v2\/media?parent=51697"}],"wp:term":[{"taxonomy":"product_brand","embeddable":true,"href":"https:\/\/rms-enlinea.com.ar\/tienda\/wp-json\/wp\/v2\/product_brand?post=51697"},{"taxonomy":"product_cat","embeddable":true,"href":"https:\/\/rms-enlinea.com.ar\/tienda\/wp-json\/wp\/v2\/product_cat?post=51697"},{"taxonomy":"product_tag","embeddable":true,"href":"https:\/\/rms-enlinea.com.ar\/tienda\/wp-json\/wp\/v2\/product_tag?post=51697"}],"curies":[{"name":"wp","href":"https:\/\/api.w.org\/{rel}","templated":true}]}}