{"id":51743,"date":"2025-07-18T09:50:07","date_gmt":"2025-07-18T12:50:07","guid":{"rendered":"https:\/\/rms-enlinea.com.ar\/tienda\/producto\/impresora-multifuncion-monocromatica-hp-laserjet-pro-4103fdw\/"},"modified":"2026-04-21T07:01:11","modified_gmt":"2026-04-21T10:01:11","slug":"impresora-multifuncion-monocromatica-hp-laserjet-pro-4103fdw","status":"publish","type":"product","link":"https:\/\/rms-enlinea.com.ar\/tienda\/producto\/impresora-multifuncion-monocromatica-hp-laserjet-pro-4103fdw\/","title":{"rendered":"Impresora Multifunci\u00f3n Monocrom\u00e1tica Hp Laserjet Pro 4103fdw"},"content":{"rendered":"<p>La impresora multifunci\u00f3n HP LaserJet Pro 4103fdw es la soluci\u00f3n ideal para entornos de trabajo que requieren eficiencia y versatilidad. Con su tecnolog\u00eda de impresi\u00f3n l\u00e1ser monocrom\u00e1tica, ofrece resultados n\u00edtidos y claros en cada documento, facilitando la creaci\u00f3n de informes, presentaciones y material de oficina de forma r\u00e1pida y precisa.<\/p>\n<p>Este modelo combina la capacidad de impresi\u00f3n, copia y escaneo en un solo dispositivo, optimizando el espacio de su oficina y simplificando la gesti\u00f3n de documentos. Dise\u00f1ada para ser intuitiva, su conectividad Wi-Fi y puerto USB permiten una f\u00e1cil integraci\u00f3n en redes y dispositivos personales, mejorando la productividad del equipo.<\/p>\n<p>La HP LaserJet Pro 4103fdw est\u00e1 dirigida a peque\u00f1os y medianos negocios que buscan una impresora robusta y confiable. Su funcionalidad avanzada y su dise\u00f1o compacto aseguran que cada tarea se realice sin complicaciones, manteniendo altos est\u00e1ndares de calidad y un bajo costo de operaci\u00f3n.<\/p>\n<p>Con la HP LaserJet Pro 4103fdw, no solo obtiene un equipo capaz de cubrir sus necesidades de impresi\u00f3n, sino tambi\u00e9n un aliado que potencia la eficiencia y organizaci\u00f3n en su d\u00eda a d\u00eda. Su tecnolog\u00eda de vanguardia y facilidad de uso hacen de esta impresora una elecci\u00f3n inteligente para aquellos que valoran la calidad y la funcionalidad.<\/p>\n","protected":false},"excerpt":{"rendered":"<p>La impresora multifunci\u00f3n HP LaserJet Pro 4103fdw es la soluci\u00f3n ideal para entornos de trabajo que requieren eficiencia y versatilidad. Con su tecnolog\u00eda de impresi\u00f3n l\u00e1ser monocrom\u00e1tica, ofrece resultados n\u00edtidos y claros en cada documento, facilitando la creaci\u00f3n de informes, presentaciones y material de oficina de forma r\u00e1pida y precisa. Este modelo combina la capacidad [&hellip;]<\/p>\n","protected":false},"featured_media":51744,"comment_status":"open","ping_status":"closed","template":"","meta":{"_uag_custom_page_level_css":""},"product_brand":[552],"product_cat":[110],"product_tag":[],"class_list":{"0":"post-51743","1":"product","2":"type-product","3":"status-publish","4":"has-post-thumbnail","6":"product_brand-hp","7":"product_cat-impresoras","9":"first","10":"outofstock","11":"sale","12":"taxable","13":"shipping-taxable","14":"purchasable","15":"product-type-simple"},"uagb_featured_image_src":{"full":["https:\/\/rms-enlinea.com.ar\/wp-content\/uploads\/2025\/07\/D_640181-MLA87840387112_072025-F.jpg",1200,896,false],"thumbnail":["https:\/\/rms-enlinea.com.ar\/wp-content\/uploads\/2025\/07\/D_640181-MLA87840387112_072025-F-150x150.jpg",150,150,true],"medium":["https:\/\/rms-enlinea.com.ar\/wp-content\/uploads\/2025\/07\/D_640181-MLA87840387112_072025-F-300x224.jpg",300,224,true],"medium_large":["https:\/\/rms-enlinea.com.ar\/wp-content\/uploads\/2025\/07\/D_640181-MLA87840387112_072025-F-768x573.jpg",768,573,true],"large":["https:\/\/rms-enlinea.com.ar\/wp-content\/uploads\/2025\/07\/D_640181-MLA87840387112_072025-F-1024x765.jpg",1024,765,true],"1536x1536":["https:\/\/rms-enlinea.com.ar\/wp-content\/uploads\/2025\/07\/D_640181-MLA87840387112_072025-F.jpg",1200,896,false],"2048x2048":["https:\/\/rms-enlinea.com.ar\/wp-content\/uploads\/2025\/07\/D_640181-MLA87840387112_072025-F.jpg",1200,896,false],"woocommerce_thumbnail":["https:\/\/rms-enlinea.com.ar\/wp-content\/uploads\/2025\/07\/D_640181-MLA87840387112_072025-F-450x450.jpg",450,450,true],"woocommerce_single":["https:\/\/rms-enlinea.com.ar\/wp-content\/uploads\/2025\/07\/D_640181-MLA87840387112_072025-F-600x448.jpg",600,448,true],"woocommerce_gallery_thumbnail":["https:\/\/rms-enlinea.com.ar\/wp-content\/uploads\/2025\/07\/D_640181-MLA87840387112_072025-F-100x100.jpg",100,100,true]},"uagb_author_info":{"display_name":"nelson","author_link":"https:\/\/rms-enlinea.com.ar\/tienda\/author\/"},"uagb_comment_info":0,"uagb_excerpt":"La impresora multifunci\u00f3n HP LaserJet Pro 4103fdw es la soluci\u00f3n ideal para entornos de trabajo que requieren eficiencia y versatilidad. Con su tecnolog\u00eda de impresi\u00f3n l\u00e1ser monocrom\u00e1tica, ofrece resultados n\u00edtidos y claros en cada documento, facilitando la creaci\u00f3n de informes, presentaciones y material de oficina de forma r\u00e1pida y precisa. Este modelo combina la capacidad&hellip;","_links":{"self":[{"href":"https:\/\/rms-enlinea.com.ar\/tienda\/wp-json\/wp\/v2\/product\/51743","targetHints":{"allow":["GET"]}}],"collection":[{"href":"https:\/\/rms-enlinea.com.ar\/tienda\/wp-json\/wp\/v2\/product"}],"about":[{"href":"https:\/\/rms-enlinea.com.ar\/tienda\/wp-json\/wp\/v2\/types\/product"}],"replies":[{"embeddable":true,"href":"https:\/\/rms-enlinea.com.ar\/tienda\/wp-json\/wp\/v2\/comments?post=51743"}],"wp:featuredmedia":[{"embeddable":true,"href":"https:\/\/rms-enlinea.com.ar\/tienda\/wp-json\/wp\/v2\/media\/51744"}],"wp:attachment":[{"href":"https:\/\/rms-enlinea.com.ar\/tienda\/wp-json\/wp\/v2\/media?parent=51743"}],"wp:term":[{"taxonomy":"product_brand","embeddable":true,"href":"https:\/\/rms-enlinea.com.ar\/tienda\/wp-json\/wp\/v2\/product_brand?post=51743"},{"taxonomy":"product_cat","embeddable":true,"href":"https:\/\/rms-enlinea.com.ar\/tienda\/wp-json\/wp\/v2\/product_cat?post=51743"},{"taxonomy":"product_tag","embeddable":true,"href":"https:\/\/rms-enlinea.com.ar\/tienda\/wp-json\/wp\/v2\/product_tag?post=51743"}],"curies":[{"name":"wp","href":"https:\/\/api.w.org\/{rel}","templated":true}]}}