{"id":51806,"date":"2025-07-18T17:11:31","date_gmt":"2025-07-18T20:11:31","guid":{"rendered":"https:\/\/rms-enlinea.com.ar\/tienda\/producto\/flap-medium-con-jingles-accesorio-p-cajon-schlagwerk-cfl16\/"},"modified":"2026-04-21T05:36:30","modified_gmt":"2026-04-21T08:36:30","slug":"flap-medium-con-jingles-accesorio-p-cajon-schlagwerk-cfl16","status":"publish","type":"product","link":"https:\/\/rms-enlinea.com.ar\/tienda\/producto\/flap-medium-con-jingles-accesorio-p-cajon-schlagwerk-cfl16\/","title":{"rendered":"Flap Medium Con Jingles Accesorio P\/cajon Schlagwerk Cfl16"},"content":{"rendered":"<p>Altamente pr\u00e1ctico \u2013 los Flaps de caj\u00f3n de Schlagwerk ofrecen al m\u00fasico un sonido intense de casta\u00f1uela, y su adhesi\u00f3n con velcro significa que tambi\u00e9n son libremente posicionables. Los Flaps pueden ajustarse para ser sensibles al tacto gracias a sus tornillos ajustables, y pueden colocarse para crear sonidos que van desde casta\u00f1uelas delicadas y sutiles hasta claves fuertemente acentuadas.<\/p>\n<p>Flap M. Los flaps ofrecen el sonido de unas casta\u00f1uelas y se pueden colocar en cualquier sitio, puesto que est\u00e1n dotados de velcro para su montaje. Posibilidad de ajustar el sonido mediante tornillos regulables. Tama\u00f1o: 18 x 11 cm.<\/p>\n","protected":false},"excerpt":{"rendered":"<p>Altamente pr\u00e1ctico \u2013 los Flaps de caj\u00f3n de Schlagwerk ofrecen al m\u00fasico un sonido intense de casta\u00f1uela, y su adhesi\u00f3n con velcro significa que tambi\u00e9n son libremente posicionables. Los Flaps pueden ajustarse para ser sensibles al tacto gracias a sus tornillos ajustables, y pueden colocarse para crear sonidos que van desde casta\u00f1uelas delicadas y sutiles [&hellip;]<\/p>\n","protected":false},"featured_media":51807,"comment_status":"open","ping_status":"closed","template":"","meta":{"_uag_custom_page_level_css":""},"product_brand":[601],"product_cat":[603],"product_tag":[],"class_list":{"0":"post-51806","1":"product","2":"type-product","3":"status-publish","4":"has-post-thumbnail","6":"product_brand-schlagwerk","7":"product_cat-cajones","9":"first","10":"outofstock","11":"sale","12":"taxable","13":"shipping-taxable","14":"purchasable","15":"product-type-simple"},"uagb_featured_image_src":{"full":["https:\/\/rms-enlinea.com.ar\/wp-content\/uploads\/2025\/07\/D_894054-MLA88198587409_072025-F.jpg",1200,878,false],"thumbnail":["https:\/\/rms-enlinea.com.ar\/wp-content\/uploads\/2025\/07\/D_894054-MLA88198587409_072025-F-150x150.jpg",150,150,true],"medium":["https:\/\/rms-enlinea.com.ar\/wp-content\/uploads\/2025\/07\/D_894054-MLA88198587409_072025-F-300x220.jpg",300,220,true],"medium_large":["https:\/\/rms-enlinea.com.ar\/wp-content\/uploads\/2025\/07\/D_894054-MLA88198587409_072025-F-768x562.jpg",768,562,true],"large":["https:\/\/rms-enlinea.com.ar\/wp-content\/uploads\/2025\/07\/D_894054-MLA88198587409_072025-F-1024x749.jpg",1024,749,true],"1536x1536":["https:\/\/rms-enlinea.com.ar\/wp-content\/uploads\/2025\/07\/D_894054-MLA88198587409_072025-F.jpg",1200,878,false],"2048x2048":["https:\/\/rms-enlinea.com.ar\/wp-content\/uploads\/2025\/07\/D_894054-MLA88198587409_072025-F.jpg",1200,878,false],"woocommerce_thumbnail":["https:\/\/rms-enlinea.com.ar\/wp-content\/uploads\/2025\/07\/D_894054-MLA88198587409_072025-F-450x450.jpg",450,450,true],"woocommerce_single":["https:\/\/rms-enlinea.com.ar\/wp-content\/uploads\/2025\/07\/D_894054-MLA88198587409_072025-F-600x439.jpg",600,439,true],"woocommerce_gallery_thumbnail":["https:\/\/rms-enlinea.com.ar\/wp-content\/uploads\/2025\/07\/D_894054-MLA88198587409_072025-F-100x100.jpg",100,100,true]},"uagb_author_info":{"display_name":"mario","author_link":"https:\/\/rms-enlinea.com.ar\/tienda\/author\/"},"uagb_comment_info":0,"uagb_excerpt":"Altamente pr\u00e1ctico \u2013 los Flaps de caj\u00f3n de Schlagwerk ofrecen al m\u00fasico un sonido intense de casta\u00f1uela, y su adhesi\u00f3n con velcro significa que tambi\u00e9n son libremente posicionables. Los Flaps pueden ajustarse para ser sensibles al tacto gracias a sus tornillos ajustables, y pueden colocarse para crear sonidos que van desde casta\u00f1uelas delicadas y sutiles&hellip;","_links":{"self":[{"href":"https:\/\/rms-enlinea.com.ar\/tienda\/wp-json\/wp\/v2\/product\/51806","targetHints":{"allow":["GET"]}}],"collection":[{"href":"https:\/\/rms-enlinea.com.ar\/tienda\/wp-json\/wp\/v2\/product"}],"about":[{"href":"https:\/\/rms-enlinea.com.ar\/tienda\/wp-json\/wp\/v2\/types\/product"}],"replies":[{"embeddable":true,"href":"https:\/\/rms-enlinea.com.ar\/tienda\/wp-json\/wp\/v2\/comments?post=51806"}],"wp:featuredmedia":[{"embeddable":true,"href":"https:\/\/rms-enlinea.com.ar\/tienda\/wp-json\/wp\/v2\/media\/51807"}],"wp:attachment":[{"href":"https:\/\/rms-enlinea.com.ar\/tienda\/wp-json\/wp\/v2\/media?parent=51806"}],"wp:term":[{"taxonomy":"product_brand","embeddable":true,"href":"https:\/\/rms-enlinea.com.ar\/tienda\/wp-json\/wp\/v2\/product_brand?post=51806"},{"taxonomy":"product_cat","embeddable":true,"href":"https:\/\/rms-enlinea.com.ar\/tienda\/wp-json\/wp\/v2\/product_cat?post=51806"},{"taxonomy":"product_tag","embeddable":true,"href":"https:\/\/rms-enlinea.com.ar\/tienda\/wp-json\/wp\/v2\/product_tag?post=51806"}],"curies":[{"name":"wp","href":"https:\/\/api.w.org\/{rel}","templated":true}]}}