{"id":51809,"date":"2025-07-18T19:30:08","date_gmt":"2025-07-18T22:30:08","guid":{"rendered":"https:\/\/rms-enlinea.com.ar\/tienda\/producto\/memoria-ddr5-corsair-32gb-2x16gb-6200-mhz-vengeance\/"},"modified":"2026-04-06T14:04:51","modified_gmt":"2026-04-06T17:04:51","slug":"memoria-ddr5-corsair-32gb-2x16gb-6200-mhz-vengeance","status":"publish","type":"product","link":"https:\/\/rms-enlinea.com.ar\/tienda\/producto\/memoria-ddr5-corsair-32gb-2x16gb-6200-mhz-vengeance\/","title":{"rendered":"Memoria Ddr5 Corsair 32gb 2x16gb 6200 Mhz Vengeance"},"content":{"rendered":"<p>Tama\u00f1o de la memoria\t32 GB (2 x 16 GB)<br \/>Latencia probada\t36-46-46-100<br \/>Velocidad probada\t6200 toneladas m\u00e9tricas por segundo<br \/>Voltaje probado\t1,35 V<br \/>Voltaje SPD\t1,1 V<br \/>Clasificaci\u00f3n de velocidad\tPC5-49600 (DDR5-6200)<br \/>Velocidad SPD\t4800 MHz<br \/>Latencia SPD\t40-40-40-77<br \/>Perfil de rendimiento\tXMP 3.0<br \/>Formato de memoria del paquete\tMemoria UDIMM<br \/>Pin de memoria del paquete\t288<br \/>Peso\t0.13<br \/>Disipador de calor\tAluminio<br \/>Ventilador incluido\tNo<br \/>Color de memoria\tNEGRO<br \/>Compatibilidad de memoria\tIntel serie 600, Intel serie 700, Intel serie 800<br \/>Compatibilidad de detalles de memoria\tIntel serie 600, Intel serie 700, Intel serie 800<br \/>Tipo de memoria\tDDR5<br \/>Consumo de energ\u00eda\tOverclocking de PMIC<\/p>\n","protected":false},"excerpt":{"rendered":"<p>Tama\u00f1o de la memoria 32 GB (2 x 16 GB)Latencia probada 36-46-46-100Velocidad probada 6200 toneladas m\u00e9tricas por segundoVoltaje probado 1,35 VVoltaje SPD 1,1 VClasificaci\u00f3n de velocidad PC5-49600 (DDR5-6200)Velocidad SPD 4800 MHzLatencia SPD 40-40-40-77Perfil de rendimiento XMP 3.0Formato de memoria del paquete Memoria UDIMMPin de memoria del paquete 288Peso 0.13Disipador de calor AluminioVentilador incluido NoColor de [&hellip;]<\/p>\n","protected":false},"featured_media":51810,"comment_status":"open","ping_status":"closed","template":"","meta":{"_uag_custom_page_level_css":""},"product_brand":[555],"product_cat":[112],"product_tag":[],"class_list":{"0":"post-51809","1":"product","2":"type-product","3":"status-publish","4":"has-post-thumbnail","6":"product_brand-corsair","7":"product_cat-mamorias","9":"first","10":"outofstock","11":"sale","12":"taxable","13":"shipping-taxable","14":"purchasable","15":"product-type-simple"},"uagb_featured_image_src":{"full":["https:\/\/rms-enlinea.com.ar\/wp-content\/uploads\/2025\/07\/D_708620-MLA88203453217_072025-F.jpg",1200,546,false],"thumbnail":["https:\/\/rms-enlinea.com.ar\/wp-content\/uploads\/2025\/07\/D_708620-MLA88203453217_072025-F-150x150.jpg",150,150,true],"medium":["https:\/\/rms-enlinea.com.ar\/wp-content\/uploads\/2025\/07\/D_708620-MLA88203453217_072025-F-300x137.jpg",300,137,true],"medium_large":["https:\/\/rms-enlinea.com.ar\/wp-content\/uploads\/2025\/07\/D_708620-MLA88203453217_072025-F-768x349.jpg",768,349,true],"large":["https:\/\/rms-enlinea.com.ar\/wp-content\/uploads\/2025\/07\/D_708620-MLA88203453217_072025-F-1024x466.jpg",1024,466,true],"1536x1536":["https:\/\/rms-enlinea.com.ar\/wp-content\/uploads\/2025\/07\/D_708620-MLA88203453217_072025-F.jpg",1200,546,false],"2048x2048":["https:\/\/rms-enlinea.com.ar\/wp-content\/uploads\/2025\/07\/D_708620-MLA88203453217_072025-F.jpg",1200,546,false],"woocommerce_thumbnail":["https:\/\/rms-enlinea.com.ar\/wp-content\/uploads\/2025\/07\/D_708620-MLA88203453217_072025-F-450x450.jpg",450,450,true],"woocommerce_single":["https:\/\/rms-enlinea.com.ar\/wp-content\/uploads\/2025\/07\/D_708620-MLA88203453217_072025-F-600x273.jpg",600,273,true],"woocommerce_gallery_thumbnail":["https:\/\/rms-enlinea.com.ar\/wp-content\/uploads\/2025\/07\/D_708620-MLA88203453217_072025-F-100x100.jpg",100,100,true]},"uagb_author_info":{"display_name":"nelson","author_link":"https:\/\/rms-enlinea.com.ar\/tienda\/author\/"},"uagb_comment_info":0,"uagb_excerpt":"Tama\u00f1o de la memoria 32 GB (2 x 16 GB)Latencia probada 36-46-46-100Velocidad probada 6200 toneladas m\u00e9tricas por segundoVoltaje probado 1,35 VVoltaje SPD 1,1 VClasificaci\u00f3n de velocidad PC5-49600 (DDR5-6200)Velocidad SPD 4800 MHzLatencia SPD 40-40-40-77Perfil de rendimiento XMP 3.0Formato de memoria del paquete Memoria UDIMMPin de memoria del paquete 288Peso 0.13Disipador de calor AluminioVentilador incluido NoColor de&hellip;","_links":{"self":[{"href":"https:\/\/rms-enlinea.com.ar\/tienda\/wp-json\/wp\/v2\/product\/51809","targetHints":{"allow":["GET"]}}],"collection":[{"href":"https:\/\/rms-enlinea.com.ar\/tienda\/wp-json\/wp\/v2\/product"}],"about":[{"href":"https:\/\/rms-enlinea.com.ar\/tienda\/wp-json\/wp\/v2\/types\/product"}],"replies":[{"embeddable":true,"href":"https:\/\/rms-enlinea.com.ar\/tienda\/wp-json\/wp\/v2\/comments?post=51809"}],"wp:featuredmedia":[{"embeddable":true,"href":"https:\/\/rms-enlinea.com.ar\/tienda\/wp-json\/wp\/v2\/media\/51810"}],"wp:attachment":[{"href":"https:\/\/rms-enlinea.com.ar\/tienda\/wp-json\/wp\/v2\/media?parent=51809"}],"wp:term":[{"taxonomy":"product_brand","embeddable":true,"href":"https:\/\/rms-enlinea.com.ar\/tienda\/wp-json\/wp\/v2\/product_brand?post=51809"},{"taxonomy":"product_cat","embeddable":true,"href":"https:\/\/rms-enlinea.com.ar\/tienda\/wp-json\/wp\/v2\/product_cat?post=51809"},{"taxonomy":"product_tag","embeddable":true,"href":"https:\/\/rms-enlinea.com.ar\/tienda\/wp-json\/wp\/v2\/product_tag?post=51809"}],"curies":[{"name":"wp","href":"https:\/\/api.w.org\/{rel}","templated":true}]}}