{"id":51814,"date":"2025-07-18T19:40:10","date_gmt":"2025-07-18T22:40:10","guid":{"rendered":"https:\/\/rms-enlinea.com.ar\/tienda\/producto\/memoria-ddr5-32gb-2x16gb-6400mhz-dominator-platinum-rgb\/"},"modified":"2026-04-21T04:39:41","modified_gmt":"2026-04-21T07:39:41","slug":"memoria-ddr5-32gb-2x16gb-6400mhz-dominator-platinum-rgb","status":"publish","type":"product","link":"https:\/\/rms-enlinea.com.ar\/tienda\/producto\/memoria-ddr5-32gb-2x16gb-6400mhz-dominator-platinum-rgb\/","title":{"rendered":"Memoria Ddr5 32gb 2x16gb 6400mhz Dominator Platinum Rgb"},"content":{"rendered":"<p>Tama\u00f1o de la memoria\t32 GB (2 x 16 GB)<br \/>Latencia probada\t38-40-40-84<br \/>Velocidad probada\t6400 toneladas m\u00e9tricas por segundo<br \/>Voltaje probado\t1,35 V<br \/>Voltaje SPD\t1,1 V<br \/>Clasificaci\u00f3n de velocidad\tPC5-51200 (DDR5-6400)<br \/>Velocidad SPD\t4800 MHz<br \/>Latencia SPD\t40-40-40-77<br \/>Perfil de rendimiento\tXMP 3.0<br \/>Formato de memoria del paquete\tMemoria UDIMM<br \/>Serie de memoria\tDOMINATOR RGB DDR5<br \/>Iluminaci\u00f3n de una o varias zonas\tMultizona din\u00e1mica<br \/>Iluminaci\u00f3n LED\tRGB<br \/>Peso\t0.244<br \/>Disipador de calor\tAluminio<br \/>Ventilador incluido\tNo<br \/>Color de memoria\tNEGRO<br \/>Compatibilidad de memoria\tIntel serie 600, Intel serie 700, Intel serie 800<br \/>Compatibilidad de detalles de memoria\tIntel serie 600, Intel serie 700, Intel serie 800<br \/>Tipo de memoria\tDDR5<br \/>Consumo de energ\u00eda\tPMIC de OC extremo<\/p>\n","protected":false},"excerpt":{"rendered":"<p>Tama\u00f1o de la memoria 32 GB (2 x 16 GB)Latencia probada 38-40-40-84Velocidad probada 6400 toneladas m\u00e9tricas por segundoVoltaje probado 1,35 VVoltaje SPD 1,1 VClasificaci\u00f3n de velocidad PC5-51200 (DDR5-6400)Velocidad SPD 4800 MHzLatencia SPD 40-40-40-77Perfil de rendimiento XMP 3.0Formato de memoria del paquete Memoria UDIMMSerie de memoria DOMINATOR RGB DDR5Iluminaci\u00f3n de una o varias zonas Multizona din\u00e1micaIluminaci\u00f3n [&hellip;]<\/p>\n","protected":false},"featured_media":51815,"comment_status":"open","ping_status":"closed","template":"","meta":{"_uag_custom_page_level_css":""},"product_brand":[555],"product_cat":[112],"product_tag":[],"class_list":{"0":"post-51814","1":"product","2":"type-product","3":"status-publish","4":"has-post-thumbnail","6":"product_brand-corsair","7":"product_cat-mamorias","9":"first","10":"outofstock","11":"sale","12":"taxable","13":"shipping-taxable","14":"purchasable","15":"product-type-simple"},"uagb_featured_image_src":{"full":["https:\/\/rms-enlinea.com.ar\/wp-content\/uploads\/2025\/07\/D_750178-MLA88204555083_072025-F.jpg",1024,656,false],"thumbnail":["https:\/\/rms-enlinea.com.ar\/wp-content\/uploads\/2025\/07\/D_750178-MLA88204555083_072025-F-150x150.jpg",150,150,true],"medium":["https:\/\/rms-enlinea.com.ar\/wp-content\/uploads\/2025\/07\/D_750178-MLA88204555083_072025-F-300x192.jpg",300,192,true],"medium_large":["https:\/\/rms-enlinea.com.ar\/wp-content\/uploads\/2025\/07\/D_750178-MLA88204555083_072025-F-768x492.jpg",768,492,true],"large":["https:\/\/rms-enlinea.com.ar\/wp-content\/uploads\/2025\/07\/D_750178-MLA88204555083_072025-F.jpg",1024,656,false],"1536x1536":["https:\/\/rms-enlinea.com.ar\/wp-content\/uploads\/2025\/07\/D_750178-MLA88204555083_072025-F.jpg",1024,656,false],"2048x2048":["https:\/\/rms-enlinea.com.ar\/wp-content\/uploads\/2025\/07\/D_750178-MLA88204555083_072025-F.jpg",1024,656,false],"woocommerce_thumbnail":["https:\/\/rms-enlinea.com.ar\/wp-content\/uploads\/2025\/07\/D_750178-MLA88204555083_072025-F-450x450.jpg",450,450,true],"woocommerce_single":["https:\/\/rms-enlinea.com.ar\/wp-content\/uploads\/2025\/07\/D_750178-MLA88204555083_072025-F-600x384.jpg",600,384,true],"woocommerce_gallery_thumbnail":["https:\/\/rms-enlinea.com.ar\/wp-content\/uploads\/2025\/07\/D_750178-MLA88204555083_072025-F-100x100.jpg",100,100,true]},"uagb_author_info":{"display_name":"nelson","author_link":"https:\/\/rms-enlinea.com.ar\/tienda\/author\/"},"uagb_comment_info":0,"uagb_excerpt":"Tama\u00f1o de la memoria 32 GB (2 x 16 GB)Latencia probada 38-40-40-84Velocidad probada 6400 toneladas m\u00e9tricas por segundoVoltaje probado 1,35 VVoltaje SPD 1,1 VClasificaci\u00f3n de velocidad PC5-51200 (DDR5-6400)Velocidad SPD 4800 MHzLatencia SPD 40-40-40-77Perfil de rendimiento XMP 3.0Formato de memoria del paquete Memoria UDIMMSerie de memoria DOMINATOR RGB DDR5Iluminaci\u00f3n de una o varias zonas Multizona din\u00e1micaIluminaci\u00f3n&hellip;","_links":{"self":[{"href":"https:\/\/rms-enlinea.com.ar\/tienda\/wp-json\/wp\/v2\/product\/51814","targetHints":{"allow":["GET"]}}],"collection":[{"href":"https:\/\/rms-enlinea.com.ar\/tienda\/wp-json\/wp\/v2\/product"}],"about":[{"href":"https:\/\/rms-enlinea.com.ar\/tienda\/wp-json\/wp\/v2\/types\/product"}],"replies":[{"embeddable":true,"href":"https:\/\/rms-enlinea.com.ar\/tienda\/wp-json\/wp\/v2\/comments?post=51814"}],"wp:featuredmedia":[{"embeddable":true,"href":"https:\/\/rms-enlinea.com.ar\/tienda\/wp-json\/wp\/v2\/media\/51815"}],"wp:attachment":[{"href":"https:\/\/rms-enlinea.com.ar\/tienda\/wp-json\/wp\/v2\/media?parent=51814"}],"wp:term":[{"taxonomy":"product_brand","embeddable":true,"href":"https:\/\/rms-enlinea.com.ar\/tienda\/wp-json\/wp\/v2\/product_brand?post=51814"},{"taxonomy":"product_cat","embeddable":true,"href":"https:\/\/rms-enlinea.com.ar\/tienda\/wp-json\/wp\/v2\/product_cat?post=51814"},{"taxonomy":"product_tag","embeddable":true,"href":"https:\/\/rms-enlinea.com.ar\/tienda\/wp-json\/wp\/v2\/product_tag?post=51814"}],"curies":[{"name":"wp","href":"https:\/\/api.w.org\/{rel}","templated":true}]}}