{"id":51818,"date":"2025-07-18T19:40:26","date_gmt":"2025-07-18T22:40:26","guid":{"rendered":"https:\/\/rms-enlinea.com.ar\/tienda\/producto\/memoria-ddr5-corsair-48gb-2x24gb-8800-mhz-vengeance-rgb-cl42\/"},"modified":"2026-04-06T14:33:16","modified_gmt":"2026-04-06T17:33:16","slug":"memoria-ddr5-corsair-48gb-2x24gb-8800-mhz-vengeance-rgb-cl42","status":"publish","type":"product","link":"https:\/\/rms-enlinea.com.ar\/tienda\/producto\/memoria-ddr5-corsair-48gb-2x24gb-8800-mhz-vengeance-rgb-cl42\/","title":{"rendered":"Memoria Ddr5 Corsair 48gb 2x24gb 8800 Mhz Vengeance Rgb Cl42"},"content":{"rendered":"<p>Tama\u00f1o de la memoria\t48 GB (2 x 24 GB)<br \/>Latencia probada\t42-54-54-141<br \/>Velocidad probada\t8800 toneladas m\u00e9tricas por segundo<br \/>Voltaje probado\t1,45 V<br \/>Voltaje SPD\t1,1 V<br \/>Clasificaci\u00f3n de velocidad\tPC5-70400 (DDR5-8800)<br \/>Velocidad SPD\t5600 MHz<br \/>Latencia SPD\t48-48-48-90<br \/>Perfil de rendimiento\tXMP 3.0<br \/>Formato de memoria del paquete\tCUDIMM<br \/>Serie de memoria\tVENGANZA RGB DDR5 CUDIMM<br \/>Iluminaci\u00f3n LED\tRGB<br \/>Peso\t0,15<br \/>Disipador de calor\tAluminio<br \/>Ventilador incluido\tNo<br \/>Color de memoria\tPLATA<br \/>Compatibilidad de memoria\tIntel serie 800<br \/>Compatibilidad de detalles de memoria\tIntel serie 800<br \/>Tipo de memoria\tDDR5<br \/>Consumo de energ\u00eda\tPMIC de OC extremo<\/p>\n","protected":false},"excerpt":{"rendered":"<p>Tama\u00f1o de la memoria 48 GB (2 x 24 GB)Latencia probada 42-54-54-141Velocidad probada 8800 toneladas m\u00e9tricas por segundoVoltaje probado 1,45 VVoltaje SPD 1,1 VClasificaci\u00f3n de velocidad PC5-70400 (DDR5-8800)Velocidad SPD 5600 MHzLatencia SPD 48-48-48-90Perfil de rendimiento XMP 3.0Formato de memoria del paquete CUDIMMSerie de memoria VENGANZA RGB DDR5 CUDIMMIluminaci\u00f3n LED RGBPeso 0,15Disipador de calor AluminioVentilador incluido [&hellip;]<\/p>\n","protected":false},"featured_media":51819,"comment_status":"open","ping_status":"closed","template":"","meta":{"_uag_custom_page_level_css":""},"product_brand":[555],"product_cat":[112],"product_tag":[],"class_list":{"0":"post-51818","1":"product","2":"type-product","3":"status-publish","4":"has-post-thumbnail","6":"product_brand-corsair","7":"product_cat-mamorias","9":"first","10":"outofstock","11":"sale","12":"taxable","13":"shipping-taxable","14":"purchasable","15":"product-type-simple"},"uagb_featured_image_src":{"full":["https:\/\/rms-enlinea.com.ar\/wp-content\/uploads\/2025\/07\/D_700002-MLA87867907166_072025-F.jpg",1060,579,false],"thumbnail":["https:\/\/rms-enlinea.com.ar\/wp-content\/uploads\/2025\/07\/D_700002-MLA87867907166_072025-F-150x150.jpg",150,150,true],"medium":["https:\/\/rms-enlinea.com.ar\/wp-content\/uploads\/2025\/07\/D_700002-MLA87867907166_072025-F-300x164.jpg",300,164,true],"medium_large":["https:\/\/rms-enlinea.com.ar\/wp-content\/uploads\/2025\/07\/D_700002-MLA87867907166_072025-F-768x420.jpg",768,420,true],"large":["https:\/\/rms-enlinea.com.ar\/wp-content\/uploads\/2025\/07\/D_700002-MLA87867907166_072025-F-1024x559.jpg",1024,559,true],"1536x1536":["https:\/\/rms-enlinea.com.ar\/wp-content\/uploads\/2025\/07\/D_700002-MLA87867907166_072025-F.jpg",1060,579,false],"2048x2048":["https:\/\/rms-enlinea.com.ar\/wp-content\/uploads\/2025\/07\/D_700002-MLA87867907166_072025-F.jpg",1060,579,false],"woocommerce_thumbnail":["https:\/\/rms-enlinea.com.ar\/wp-content\/uploads\/2025\/07\/D_700002-MLA87867907166_072025-F-450x450.jpg",450,450,true],"woocommerce_single":["https:\/\/rms-enlinea.com.ar\/wp-content\/uploads\/2025\/07\/D_700002-MLA87867907166_072025-F-600x328.jpg",600,328,true],"woocommerce_gallery_thumbnail":["https:\/\/rms-enlinea.com.ar\/wp-content\/uploads\/2025\/07\/D_700002-MLA87867907166_072025-F-100x100.jpg",100,100,true]},"uagb_author_info":{"display_name":"nelson","author_link":"https:\/\/rms-enlinea.com.ar\/tienda\/author\/"},"uagb_comment_info":0,"uagb_excerpt":"Tama\u00f1o de la memoria 48 GB (2 x 24 GB)Latencia probada 42-54-54-141Velocidad probada 8800 toneladas m\u00e9tricas por segundoVoltaje probado 1,45 VVoltaje SPD 1,1 VClasificaci\u00f3n de velocidad PC5-70400 (DDR5-8800)Velocidad SPD 5600 MHzLatencia SPD 48-48-48-90Perfil de rendimiento XMP 3.0Formato de memoria del paquete CUDIMMSerie de memoria VENGANZA RGB DDR5 CUDIMMIluminaci\u00f3n LED RGBPeso 0,15Disipador de calor AluminioVentilador incluido&hellip;","_links":{"self":[{"href":"https:\/\/rms-enlinea.com.ar\/tienda\/wp-json\/wp\/v2\/product\/51818","targetHints":{"allow":["GET"]}}],"collection":[{"href":"https:\/\/rms-enlinea.com.ar\/tienda\/wp-json\/wp\/v2\/product"}],"about":[{"href":"https:\/\/rms-enlinea.com.ar\/tienda\/wp-json\/wp\/v2\/types\/product"}],"replies":[{"embeddable":true,"href":"https:\/\/rms-enlinea.com.ar\/tienda\/wp-json\/wp\/v2\/comments?post=51818"}],"wp:featuredmedia":[{"embeddable":true,"href":"https:\/\/rms-enlinea.com.ar\/tienda\/wp-json\/wp\/v2\/media\/51819"}],"wp:attachment":[{"href":"https:\/\/rms-enlinea.com.ar\/tienda\/wp-json\/wp\/v2\/media?parent=51818"}],"wp:term":[{"taxonomy":"product_brand","embeddable":true,"href":"https:\/\/rms-enlinea.com.ar\/tienda\/wp-json\/wp\/v2\/product_brand?post=51818"},{"taxonomy":"product_cat","embeddable":true,"href":"https:\/\/rms-enlinea.com.ar\/tienda\/wp-json\/wp\/v2\/product_cat?post=51818"},{"taxonomy":"product_tag","embeddable":true,"href":"https:\/\/rms-enlinea.com.ar\/tienda\/wp-json\/wp\/v2\/product_tag?post=51818"}],"curies":[{"name":"wp","href":"https:\/\/api.w.org\/{rel}","templated":true}]}}