{"id":51821,"date":"2025-07-19T10:20:28","date_gmt":"2025-07-19T13:20:28","guid":{"rendered":"https:\/\/rms-enlinea.com.ar\/tienda\/producto\/memoria-ddr5-corsair-64gb-2x32gb-6000-mhz-vengeance-rgb-cl40\/"},"modified":"2026-03-31T18:37:09","modified_gmt":"2026-03-31T21:37:09","slug":"memoria-ddr5-corsair-64gb-2x32gb-6000-mhz-vengeance-rgb-cl40","status":"publish","type":"product","link":"https:\/\/rms-enlinea.com.ar\/tienda\/producto\/memoria-ddr5-corsair-64gb-2x32gb-6000-mhz-vengeance-rgb-cl40\/","title":{"rendered":"Memoria Ddr5 Corsair 64gb 2x32gb 6000 Mhz Vengeance Rgb Cl40"},"content":{"rendered":"<p>Tama\u00f1o de la memoria\t64 GB (2 x 32 GB)<br \/>Latencia probada\t40-40-40-77<br \/>Velocidad probada\t6000 toneladas m\u00e9tricas por segundo<br \/>Voltaje probado\t1,35 V<br \/>Voltaje SPD\t1,1 V<br \/>Clasificaci\u00f3n de velocidad\tPC5-48000 (DDR5-6000)<br \/>Velocidad SPD\t4800 MHz<br \/>Latencia SPD\t40-40-40-77<br \/>Perfil de rendimiento\tXMP 3.0<br \/>Formato de memoria del paquete\tMemoria UDIMM<br \/>Serie de memoria\tVENGANZA RGB DDR5<br \/>Iluminaci\u00f3n LED\tRGB<br \/>Peso\t0,15<br \/>Disipador de calor\tAluminio<br \/>Ventilador incluido\tNo<br \/>Color de memoria\tNEGRO<br \/>Compatibilidad de memoria\tIntel serie 700, Intel serie 800<br \/>Compatibilidad de detalles de memoria\tIntel serie 700, Intel serie 800<br \/>Tipo de memoria\tDDR5<br \/>Consumo de energ\u00eda\tOverclocking de PMIC<\/p>\n","protected":false},"excerpt":{"rendered":"<p>Tama\u00f1o de la memoria 64 GB (2 x 32 GB)Latencia probada 40-40-40-77Velocidad probada 6000 toneladas m\u00e9tricas por segundoVoltaje probado 1,35 VVoltaje SPD 1,1 VClasificaci\u00f3n de velocidad PC5-48000 (DDR5-6000)Velocidad SPD 4800 MHzLatencia SPD 40-40-40-77Perfil de rendimiento XMP 3.0Formato de memoria del paquete Memoria UDIMMSerie de memoria VENGANZA RGB DDR5Iluminaci\u00f3n LED RGBPeso 0,15Disipador de calor AluminioVentilador incluido [&hellip;]<\/p>\n","protected":false},"featured_media":51822,"comment_status":"open","ping_status":"closed","template":"","meta":{"_uag_custom_page_level_css":""},"product_brand":[555],"product_cat":[112],"product_tag":[],"class_list":{"0":"post-51821","1":"product","2":"type-product","3":"status-publish","4":"has-post-thumbnail","6":"product_brand-corsair","7":"product_cat-mamorias","9":"first","10":"outofstock","11":"sale","12":"taxable","13":"shipping-taxable","14":"purchasable","15":"product-type-simple"},"uagb_featured_image_src":{"full":["https:\/\/rms-enlinea.com.ar\/wp-content\/uploads\/2025\/07\/D_843593-MLA88247504855_072025-F.jpg",1100,737,false],"thumbnail":["https:\/\/rms-enlinea.com.ar\/wp-content\/uploads\/2025\/07\/D_843593-MLA88247504855_072025-F-150x150.jpg",150,150,true],"medium":["https:\/\/rms-enlinea.com.ar\/wp-content\/uploads\/2025\/07\/D_843593-MLA88247504855_072025-F-300x201.jpg",300,201,true],"medium_large":["https:\/\/rms-enlinea.com.ar\/wp-content\/uploads\/2025\/07\/D_843593-MLA88247504855_072025-F-768x515.jpg",768,515,true],"large":["https:\/\/rms-enlinea.com.ar\/wp-content\/uploads\/2025\/07\/D_843593-MLA88247504855_072025-F-1024x686.jpg",1024,686,true],"1536x1536":["https:\/\/rms-enlinea.com.ar\/wp-content\/uploads\/2025\/07\/D_843593-MLA88247504855_072025-F.jpg",1100,737,false],"2048x2048":["https:\/\/rms-enlinea.com.ar\/wp-content\/uploads\/2025\/07\/D_843593-MLA88247504855_072025-F.jpg",1100,737,false],"woocommerce_thumbnail":["https:\/\/rms-enlinea.com.ar\/wp-content\/uploads\/2025\/07\/D_843593-MLA88247504855_072025-F-450x450.jpg",450,450,true],"woocommerce_single":["https:\/\/rms-enlinea.com.ar\/wp-content\/uploads\/2025\/07\/D_843593-MLA88247504855_072025-F-600x402.jpg",600,402,true],"woocommerce_gallery_thumbnail":["https:\/\/rms-enlinea.com.ar\/wp-content\/uploads\/2025\/07\/D_843593-MLA88247504855_072025-F-100x100.jpg",100,100,true]},"uagb_author_info":{"display_name":"nelson","author_link":"https:\/\/rms-enlinea.com.ar\/tienda\/author\/"},"uagb_comment_info":0,"uagb_excerpt":"Tama\u00f1o de la memoria 64 GB (2 x 32 GB)Latencia probada 40-40-40-77Velocidad probada 6000 toneladas m\u00e9tricas por segundoVoltaje probado 1,35 VVoltaje SPD 1,1 VClasificaci\u00f3n de velocidad PC5-48000 (DDR5-6000)Velocidad SPD 4800 MHzLatencia SPD 40-40-40-77Perfil de rendimiento XMP 3.0Formato de memoria del paquete Memoria UDIMMSerie de memoria VENGANZA RGB DDR5Iluminaci\u00f3n LED RGBPeso 0,15Disipador de calor AluminioVentilador incluido&hellip;","_links":{"self":[{"href":"https:\/\/rms-enlinea.com.ar\/tienda\/wp-json\/wp\/v2\/product\/51821","targetHints":{"allow":["GET"]}}],"collection":[{"href":"https:\/\/rms-enlinea.com.ar\/tienda\/wp-json\/wp\/v2\/product"}],"about":[{"href":"https:\/\/rms-enlinea.com.ar\/tienda\/wp-json\/wp\/v2\/types\/product"}],"replies":[{"embeddable":true,"href":"https:\/\/rms-enlinea.com.ar\/tienda\/wp-json\/wp\/v2\/comments?post=51821"}],"wp:featuredmedia":[{"embeddable":true,"href":"https:\/\/rms-enlinea.com.ar\/tienda\/wp-json\/wp\/v2\/media\/51822"}],"wp:attachment":[{"href":"https:\/\/rms-enlinea.com.ar\/tienda\/wp-json\/wp\/v2\/media?parent=51821"}],"wp:term":[{"taxonomy":"product_brand","embeddable":true,"href":"https:\/\/rms-enlinea.com.ar\/tienda\/wp-json\/wp\/v2\/product_brand?post=51821"},{"taxonomy":"product_cat","embeddable":true,"href":"https:\/\/rms-enlinea.com.ar\/tienda\/wp-json\/wp\/v2\/product_cat?post=51821"},{"taxonomy":"product_tag","embeddable":true,"href":"https:\/\/rms-enlinea.com.ar\/tienda\/wp-json\/wp\/v2\/product_tag?post=51821"}],"curies":[{"name":"wp","href":"https:\/\/api.w.org\/{rel}","templated":true}]}}