{"id":51825,"date":"2025-07-19T10:30:30","date_gmt":"2025-07-19T13:30:30","guid":{"rendered":"https:\/\/rms-enlinea.com.ar\/tienda\/producto\/memoria-ddr5-corsair-32gb-2x16gb-5600-mhz-dominator-platinum\/"},"modified":"2026-02-20T19:26:16","modified_gmt":"2026-02-20T22:26:16","slug":"memoria-ddr5-corsair-32gb-2x16gb-5600-mhz-dominator-platinum","status":"publish","type":"product","link":"https:\/\/rms-enlinea.com.ar\/tienda\/producto\/memoria-ddr5-corsair-32gb-2x16gb-5600-mhz-dominator-platinum\/","title":{"rendered":"Memoria Ddr5 Corsair 32gb 2x16gb 5600 Mhz Dominator Platinum"},"content":{"rendered":"<p>Serie de memoria<br \/>DOMINADOR RGB DDR5<br \/>Tipo de memoria<br \/>DDR5<br \/>Tipo PMIC<br \/>Extremo OC PMIC<br \/>Tama\u00f1o de la memoria<br \/>32 GB (2 de 16 GB)<br \/>Latencia probada<br \/>36-36-36-76<br \/>Voltaje probado<br \/>1.25<br \/>Velocidad probada<br \/>5600<br \/>Color de memoria<br \/>NEGRO<br \/>Iluminaci\u00f3n LED<br \/>RGB<br \/>Iluminaci\u00f3n de zona \u00fanica\/zona m\u00faltiple<br \/>Multizona din\u00e1mica<br \/>Latencia SPD<br \/>40-40-40-77<br \/>Velocidad SPD<br \/>4800MHz<br \/>Voltaje SPD<br \/>1,1 V<br \/>Clasificaci\u00f3n de velocidad<br \/>PC5-44800 (DDR5-5600)<br \/>Compatibilidad<br \/>Serie Intel 600<br \/>Difusor de calor<br \/>Aluminio<br \/>Formato de memoria del paquete<br \/>DIMM<br \/>Perfil de rendimiento<br \/>XMP 3.0<br \/>Pasador de memoria del paquete<br \/>288<\/p>\n","protected":false},"excerpt":{"rendered":"<p>Serie de memoriaDOMINADOR RGB DDR5Tipo de memoriaDDR5Tipo PMICExtremo OC PMICTama\u00f1o de la memoria32 GB (2 de 16 GB)Latencia probada36-36-36-76Voltaje probado1.25Velocidad probada5600Color de memoriaNEGROIluminaci\u00f3n LEDRGBIluminaci\u00f3n de zona \u00fanica\/zona m\u00faltipleMultizona din\u00e1micaLatencia SPD40-40-40-77Velocidad SPD4800MHzVoltaje SPD1,1 VClasificaci\u00f3n de velocidadPC5-44800 (DDR5-5600)CompatibilidadSerie Intel 600Difusor de calorAluminioFormato de memoria del paqueteDIMMPerfil de rendimientoXMP 3.0Pasador de memoria del paquete288<\/p>\n","protected":false},"featured_media":51826,"comment_status":"open","ping_status":"closed","template":"","meta":{"_uag_custom_page_level_css":""},"product_brand":[555],"product_cat":[112],"product_tag":[],"class_list":{"0":"post-51825","1":"product","2":"type-product","3":"status-publish","4":"has-post-thumbnail","6":"product_brand-corsair","7":"product_cat-mamorias","9":"first","10":"outofstock","11":"sale","12":"taxable","13":"shipping-taxable","14":"purchasable","15":"product-type-simple"},"uagb_featured_image_src":{"full":["https:\/\/rms-enlinea.com.ar\/wp-content\/uploads\/2025\/07\/D_744498-MLA52222409909_102022-F.jpg",1200,714,false],"thumbnail":["https:\/\/rms-enlinea.com.ar\/wp-content\/uploads\/2025\/07\/D_744498-MLA52222409909_102022-F-150x150.jpg",150,150,true],"medium":["https:\/\/rms-enlinea.com.ar\/wp-content\/uploads\/2025\/07\/D_744498-MLA52222409909_102022-F-300x179.jpg",300,179,true],"medium_large":["https:\/\/rms-enlinea.com.ar\/wp-content\/uploads\/2025\/07\/D_744498-MLA52222409909_102022-F-768x457.jpg",768,457,true],"large":["https:\/\/rms-enlinea.com.ar\/wp-content\/uploads\/2025\/07\/D_744498-MLA52222409909_102022-F-1024x609.jpg",1024,609,true],"1536x1536":["https:\/\/rms-enlinea.com.ar\/wp-content\/uploads\/2025\/07\/D_744498-MLA52222409909_102022-F.jpg",1200,714,false],"2048x2048":["https:\/\/rms-enlinea.com.ar\/wp-content\/uploads\/2025\/07\/D_744498-MLA52222409909_102022-F.jpg",1200,714,false],"woocommerce_thumbnail":["https:\/\/rms-enlinea.com.ar\/wp-content\/uploads\/2025\/07\/D_744498-MLA52222409909_102022-F-450x450.jpg",450,450,true],"woocommerce_single":["https:\/\/rms-enlinea.com.ar\/wp-content\/uploads\/2025\/07\/D_744498-MLA52222409909_102022-F-600x357.jpg",600,357,true],"woocommerce_gallery_thumbnail":["https:\/\/rms-enlinea.com.ar\/wp-content\/uploads\/2025\/07\/D_744498-MLA52222409909_102022-F-100x100.jpg",100,100,true]},"uagb_author_info":{"display_name":"nelson","author_link":"https:\/\/rms-enlinea.com.ar\/tienda\/author\/"},"uagb_comment_info":0,"uagb_excerpt":"Serie de memoriaDOMINADOR RGB DDR5Tipo de memoriaDDR5Tipo PMICExtremo OC PMICTama\u00f1o de la memoria32 GB (2 de 16 GB)Latencia probada36-36-36-76Voltaje probado1.25Velocidad probada5600Color de memoriaNEGROIluminaci\u00f3n LEDRGBIluminaci\u00f3n de zona \u00fanica\/zona m\u00faltipleMultizona din\u00e1micaLatencia SPD40-40-40-77Velocidad SPD4800MHzVoltaje SPD1,1 VClasificaci\u00f3n de velocidadPC5-44800 (DDR5-5600)CompatibilidadSerie Intel 600Difusor de calorAluminioFormato de memoria del paqueteDIMMPerfil de rendimientoXMP 3.0Pasador de memoria del paquete288","_links":{"self":[{"href":"https:\/\/rms-enlinea.com.ar\/tienda\/wp-json\/wp\/v2\/product\/51825","targetHints":{"allow":["GET"]}}],"collection":[{"href":"https:\/\/rms-enlinea.com.ar\/tienda\/wp-json\/wp\/v2\/product"}],"about":[{"href":"https:\/\/rms-enlinea.com.ar\/tienda\/wp-json\/wp\/v2\/types\/product"}],"replies":[{"embeddable":true,"href":"https:\/\/rms-enlinea.com.ar\/tienda\/wp-json\/wp\/v2\/comments?post=51825"}],"wp:featuredmedia":[{"embeddable":true,"href":"https:\/\/rms-enlinea.com.ar\/tienda\/wp-json\/wp\/v2\/media\/51826"}],"wp:attachment":[{"href":"https:\/\/rms-enlinea.com.ar\/tienda\/wp-json\/wp\/v2\/media?parent=51825"}],"wp:term":[{"taxonomy":"product_brand","embeddable":true,"href":"https:\/\/rms-enlinea.com.ar\/tienda\/wp-json\/wp\/v2\/product_brand?post=51825"},{"taxonomy":"product_cat","embeddable":true,"href":"https:\/\/rms-enlinea.com.ar\/tienda\/wp-json\/wp\/v2\/product_cat?post=51825"},{"taxonomy":"product_tag","embeddable":true,"href":"https:\/\/rms-enlinea.com.ar\/tienda\/wp-json\/wp\/v2\/product_tag?post=51825"}],"curies":[{"name":"wp","href":"https:\/\/api.w.org\/{rel}","templated":true}]}}